{"id":4685,"date":"2021-12-29T12:03:54","date_gmt":"2021-12-29T12:03:54","guid":{"rendered":"https:\/\/modulolda.com\/termos-condicoes\/"},"modified":"2023-01-05T17:27:55","modified_gmt":"2023-01-05T17:27:55","slug":"termini-e-le-condizioni","status":"publish","type":"page","link":"https:\/\/modulolda.com\/it\/termini-e-le-condizioni\/","title":{"rendered":"Termini e le Condizioni"},"content":{"rendered":"\n<p><strong>1. Condizioni Generali<\/strong><\/p>\n\n\n\n<p>1.1. La societ\u00e0 Modulo Racional, Unipessoal, Lda., con sede in Rua Caminho Ch\u00e3, n\u00ba6, 9630-227 Nordeste, persona giuridica n\u00ba 515818534, che \u00e8 anche il suo numero di iscrizione presso l&#8217;Ufficio del Registro delle Imprese di Ponta Delgada, con capitale sociale di \u20ac 10.000,00 , \u00e8 responsabile del sito web <a href=\"http:\/\/www.modulolda.com\" target=\"_blank\" rel=\"noreferrer noopener\">www.modulolda.com<\/a> (di seguito \u201csito web\u201d).<\/p>\n\n\n\n<p>1.2. L&#8217;utente dichiara di accettare e agire in conformit\u00e0 con i Termini e le Condizioni d&#8217;uso qui descritti, nonch\u00e9 con tutte le sue future modifiche, utilizzando il servizio fornito da Modulo Racional, Unipessoal, Lda. in questo sito web.<\/p>\n\n\n\n<p>1.3 Nei termini e condizioni menzionati nel presente documento, ogni volta che vengono utilizzati i termini &#8220;noi&#8221; o &#8220;nostro&#8221;, ci riferiamo a Modulo Racional, Unipessoal, Lda. oppure <a href=\"http:\/\/www.modulolda.com\" target=\"_blank\" rel=\"noreferrer noopener\">www.modulolda.com<\/a>. Ogni volta che usiamo &#8220;tu&#8221; o &#8220;tuo&#8221;, intendiamo chiunque usi il <a href=\"http:\/\/www.modulolda.com\" target=\"_blank\" rel=\"noreferrer noopener\">www.modulolda.com<\/a>.<\/p>\n\n\n\n<p>1.4. Accedendo e utilizzando questo sito Web, sei soggetto ai seguenti Termini e condizioni, nonch\u00e9 alla nostra Informativa sulla privacy. Navigando nel sito web, l&#8217;utente accetta di agire in conformit\u00e0 con questi Termini e Condizioni e Privacy Policy. Se non sei d&#8217;accordo con il suo contenuto, l&#8217;utente non \u00e8 autorizzato ad accedere e utilizzare il sito Web e deve interrompere immediatamente l&#8217;accesso e\/o l&#8217;utilizzo.<\/p>\n\n\n\n<p>1.5. Il cliente \u00e8 tenuto a leggere attentamente i Termini e Condizioni ogni volta che accede al sito.<\/p>\n\n\n\n<p>1.6. In caso di violazione di uno qualsiasi dei termini inclusi nel presente documento, il diritto di accesso e utilizzo di questo sito Web terminer\u00e0 immediatamente.<\/p>\n\n\n\n<p>1.7. I contenuti di questo sito web sono protetti da copyright e sono di propriet\u00e0 di Modulo Racional, Unipessoal, Lda. Non \u00e8 consentito utilizzarli, in alcun modo, senza il nostro consenso.<\/p>\n\n\n\n<p><br><strong>2. Bilancio<\/strong><\/p>\n\n\n\n<p>2.1. Qualsiasi preventivo inviato \u00e8 valido per 30 giorni dalla data di invio e pu\u00f2 essere soggetto a revisione dopo tale periodo.<\/p>\n\n\n\n<p>2.2. Nel caso in cui venga riscontrato un errore nel preventivo inviato, Modulo Racional, Unipessoal, Lda. si riserva il diritto, durante la sua validit\u00e0 (30 giorni), di rettificarlo.<\/p>\n\n\n\n<p>2.3. Qualsiasi modifica su richiesta del cliente, servizio o spesa che non fosse espressa nel preventivo iniziale, ha un costo aggiuntivo.<\/p>\n\n\n\n<p><\/p>\n\n\n\n<p><strong>3. Diritto d&#8217;autore, propriet\u00e0 e diritto d&#8217;autore<\/strong><br><br>3.1. Tutti i contenuti di questo sito Web, che includono testi, design, illustrazioni, loghi, video, audio, fotografie e altri elementi, sono protetti dalla legge, ai sensi del Codice del diritto d&#8217;autore e dei diritti connessi. Non \u00e8 consentito visualizzare, riprodurre, distribuire, modificare, trasmettere o utilizzare i contenuti in alcun modo, per scopi pubblici o commerciali, senza il nostro espresso consenso scritto.<\/p>\n\n\n\n<p>3.2. I contenuti di questo sito web sono protetti da Diritto d&#8217;Autore e Diritti Connessi, Diritti di Propriet\u00e0 Industriale, dalla Legge sui Crimini Informatici e sono di propriet\u00e0 di Modulo Racional, Unipessoal, Lda.<\/p>\n\n\n\n<p>3.3. Il Copyright dell&#8217;Opera diventer\u00e0 di propriet\u00e0 del cliente solo una volta finalizzato, approvato e pagato per intero.<\/p>\n\n\n\n<p>3.4. Ci riserviamo il diritto di non fornire al cliente file modificabili, font o altri strumenti e software necessari alla realizzazione delle opere.<\/p>\n\n\n\n<p>3.5. Modulo Racional, Unipessoal, Lda. si riserva il diritto di intraprendere azioni legali contro gli autori di qualsiasi copia, riproduzione, diffusione o sfruttamento commerciale non autorizzati di testi, design, illustrazioni, loghi, video, audio, fotografie e altri elementi, che non sono stati oggetto di trasferimento di propriet\u00e0 al cliente.<\/p>\n\n\n\n<p>3.6. Il cliente \u00e8 responsabile di garantire che i materiali da lui forniti per l&#8217;esecuzione dell&#8217;opera non violino alcun diritto di Copyright o di propriet\u00e0 industriale di terzi e per eventuali danni causati a Modulo Racional, Unipessoal, Lda., dall&#8217;uso improprio del stesso.<\/p>\n\n\n\n<p><\/p>\n\n\n\n<p><strong>4. Risoluzione delle controversie online<\/strong><\/p>\n\n\n\n<p>L&#8217;Unione Europea ha creato un sito web per aiutare i consumatori a presentare i loro reclami in merito a qualsiasi controversia in cui sono coinvolti. In questo contesto, Modulo Racional, Unipessoal, Lda. fornisce tutte le informazioni affinch\u00e9 tu possa esercitare il tuo diritto di presentare un reclamo a un organismo ufficiale, terzo e imparziale nel processo (&#8220;organismo di risoluzione delle controversie&#8221;) che ti aiuter\u00e0 a risolvere la controversia in questione.<\/p>\n\n\n\n<p>Pertanto, se non sei soddisfatto dell&#8217;acquisto di un bene o servizio sul nostro sito Web o della soluzione da noi presentata per risolvere la situazione, puoi accedere a questo sito Web ufficiale <a href=\"https:\/\/ec.europa.eu\/consumers\/odr\/main\/index.cfm?event=main.home2.show&amp;lng=PT\" target=\"_blank\" rel=\"noreferrer noopener\">https:\/\/ec.europa.eu\/consumers\/odr\/main\/index.cfm?event=main.home2.show&amp;lng=PT <\/a>e dichiara la tua obiezione.<\/p>\n\n\n\n<p>4.1. Cos&#8217;\u00e8 la risoluzione alternativa delle controversie?<\/p>\n\n\n\n<p>La risoluzione alternativa delle controversie \u00e8 la possibilit\u00e0 che tutti i consumatori hanno a loro disposizione di appellarsi a organismi ufficiali che li aiutino nella risoluzione, o nell&#8217;orientamento di qualsiasi conflitto, prima di aprire procedimenti contenziosi nei Tribunali.<\/p>\n\n\n\n<p>Come regola generale, la procedura \u00e8 la seguente: il cliente chiede a un terzo imparziale di fare da intermediario tra lui e il commerciante oggetto del suo reclamo. L&#8217;intermediario pu\u00f2 suggerire una soluzione al tuo reclamo, imporre una soluzione a entrambe le parti o riunire le parti per trovare una soluzione.<\/p>\n\n\n\n<p>Forse conosci il concetto di risoluzione alternativa delle controversie con un altro nome: &#8216;mediazione&#8217;, &#8216;conciliazione&#8217;, &#8216;arbitrato&#8217; o &#8216;commissione competente nel contesto delle controversie dei consumatori&#8217;.<\/p>\n\n\n\n<p>La risoluzione alternativa delle controversie \u00e8, di norma, meno costosa, meno formale e pi\u00f9 rapida della via giudiziaria.<\/p>\n\n\n\n<p>Suggerimenti per organismi di risoluzione alternativa delle controversie:<\/p>\n\n\n\n<p>CNIACC \u2013 Centro Nacional de Informa\u00e7\u00e3o e Arbitragem de Conflitos de Consumo<\/p>\n\n\n\n<p><a href=\"http:\/\/www.arbitragemdeconsumo.org\/\" target=\"_blank\" rel=\"noreferrer noopener\">http:\/\/www.arbitragemdeconsumo.org\/<\/a><\/p>\n\n\n\n<p>Centro de Arbitragem de Conflitos de Consumo de Lisboa<\/p>\n\n\n\n<p><a href=\"http:\/\/www.centroarbitragemlisboa.pt\/\" target=\"_blank\" rel=\"noreferrer noopener\">http:\/\/www.centroarbitragemlisboa.pt\/<\/a><\/p>\n\n\n\n<p>Centro de Arbitragem de Conflitos de Consumo do Vale do Ave\/Tribunal Arbitral<\/p>\n\n\n\n<p><a href=\"http:\/\/www.triave.pt\/\" target=\"_blank\" rel=\"noreferrer noopener\">http:\/\/www.triave.pt\/<\/a><\/p>\n\n\n\n<p>CIAB \u2013 Centro de Informa\u00e7\u00e3o, Media\u00e7\u00e3o e Arbitragem de Consumo (Tribunal Arbitral de Consumo)<\/p>\n\n\n\n<p><a href=\"http:\/\/www.ciab.pt\/pt\/\" target=\"_blank\" rel=\"noreferrer noopener\">http:\/\/www.ciab.pt\/pt\/<\/a><\/p>\n\n\n\n<p>CIMPAS \u2013 Centro de Informa\u00e7\u00e3o, Media\u00e7\u00e3o e Provedoria de Seguros<\/p>\n\n\n\n<p><a href=\"https:\/\/www.cimpas.pt\/\">https:\/\/www.cimpas.pt\/<\/a><\/p>\n\n\n\n<p><\/p>\n\n\n\n<p><strong>5. Uso consentito\/Attivit\u00e0 vietate<\/strong><\/p>\n\n\n\n<p>L&#8217;accesso e l&#8217;uso di questo sito Web \u00e8 consentito solo per scopi personali e non commerciali, ovvero il sito Web dovrebbe essere accessibile e utilizzato solo da privati \u200b\u200b\u200b\u200bo da un&#8217;azienda che intende acquistare i nostri servizi\/prodotti o societ\u00e0 per suo conto.<\/p>\n\n\n\n<p>Qualsiasi attivit\u00e0 da noi considerata inappropriata e\/o che potrebbe essere illegale ai sensi della legge applicabile a questo sito Web \u00e8 vietata, incluse, a titolo esemplificativo ma non esaustivo:<\/p>\n\n\n\n<p>5.1. Ferire, abusare, diffamare, minacciare o molestare un&#8217;altra persona o azienda, o in un modo che invada la privacy di un altro, o sia osceno, offensivo, odioso, indecente, inappropriato, discutibile, inaccettabile, discriminatorio o dannoso.<\/p>\n\n\n\n<p>5.2. Azioni che possono costituire una violazione della privacy, come l&#8217;invio di informazioni private a questo sito senza il consenso dell&#8217;interessato o qualsiasi altro diritto legale delle persone fisiche.<\/p>\n\n\n\n<p>5.3. Inviare a questo sito file che contengono virus che possono causare danni alla propriet\u00e0 di Modulo Racional, Unipessoal, Lda. o la propriet\u00e0 di individui o modificare o decodificare qualsiasi parte del sito web.<\/p>\n\n\n\n<p>5.4. Utilizzare qualsiasi tipo di codice informatico automatico, processo, programma, robot, crawler Internet, spider, elaboratore di dati, drag o screen scraping alternativo al codice, processo, programma o sistema del computer.<\/p>\n\n\n\n<p>5.5. \u00c8 espressamente vietato utilizzare il sito per scopi illegali o per qualsiasi altro scopo che possa essere considerato indegno della nostra immagine. L&#8217;usurpazione, la contraffazione, l&#8217;utilizzo di contenuti usurpati o contraffatti, l&#8217;illegittima identificazione e la concorrenza sleale sono penalmente perseguibili.<\/p>\n\n\n\n<p><\/p>\n\n\n\n<p><strong>6. Contenuti e garanzie<\/strong><\/p>\n\n\n\n<p>6.1. Le informazioni contenute in questo sito Web sono state inserite in buona fede e servono esclusivamente per informazioni generali e il loro utilizzo \u00e8 a rischio esclusivo dell&#8217;utente.<\/p>\n\n\n\n<p>6.2. Questo sito Web e i suoi contenuti sono forniti senza garanzie di alcun tipo, vale a dire, non viene fornita alcuna garanzia che l&#8217;accesso a questo sito Web sia ininterrotto o privo di errori, privo di virus o altro materiale dannoso o che le informazioni contenute in questo sito Web siano complete, preciso o tempestivo.<\/p>\n\n\n\n<p>6.3. Questo sito Web e i suoi contenuti sono forniti senza garanzie di alcun tipo, vale a dire, non viene fornita alcuna garanzia che l&#8217;accesso a questo web sia ininterrotto o privo di errori, privo di virus o altro materiale dannoso o che le informazioni contenute in questo Sito Web sia completo, accurato o tempestivo.<\/p>\n\n\n\n<p>6.4. Modulo Racional, Unipessoal, Lda. non pre-filtra n\u00e9 monitora i contenuti trasmessi a questo sito Web da terzi e non \u00e8 responsabile del filtraggio o del monitoraggio di tali contenuti.<\/p>\n\n\n\n<p>6.5. In caso di notifica, Modulo Racional, Unipessoal, Lda. pu\u00f2 indagare su un&#8217;accusa secondo cui il contenuto trasmesso a questo sito Web viola i Termini e condizioni e pu\u00f2 determinare se causare la rimozione delle informazioni da questo sito Web.<\/p>\n\n\n\n<p>6.6. Modulo Racional, Unipessoal, Lda. non si assume alcuna responsabilit\u00e0 per qualsiasi azione o contenuto trasmesso da o tra l&#8217;utente o terze parti all&#8217;interno o all&#8217;esterno di questo sito web.<\/p>\n\n\n\n<p><\/p>\n\n\n\n<p><strong>7. Responsabilit\u00e0, Uso e Rischio<\/strong><\/p>\n\n\n\n<p>7.1. Il modo in cui utilizzi questo sito Web e il contenuto su di esso \u00e8 esclusivamente tua responsabilit\u00e0 e rischio.<\/p>\n\n\n\n<p>7.2. Modulo Racional, Unipessoal, Lda. e tutti i suoi funzionari legali, direttori, dipendenti e agenti, nonch\u00e9 qualsiasi altra parte coinvolta nella creazione, produzione, manutenzione o implementazione di questo sito Web, non saranno responsabili nei confronti di alcun utente del sito Web per eventuali danni, lesioni o lesioni (incluse eventuali perdite di lucro cessante e danni morali, indiretti, accidentali o consequenziali) derivanti dall&#8217;uso corretto o non corretto di questo sito Web e dei suoi contenuti, accesso al computer o al sistema informatico dell&#8217;utente da parte di terzi, virus, ecc.<\/p>\n\n\n\n<p>Questo Sito contiene collegamenti a siti di terze parti. Questi collegamenti sono forniti esclusivamente per tua comodit\u00e0 e accessibilit\u00e0. Non approviamo il contenuto di nessuno di questi siti Web di terzi e non siamo responsabili per il contenuto di nessuno di questi siti Web. L&#8217;accesso e la visita a uno qualsiasi di questi siti Web di terzi \u00e8 a rischio dell&#8217;utente.<\/p>\n\n\n\n<p><\/p>\n\n\n\n<p><strong>8. Giurisdizione e legge applicabile<\/strong><\/p>\n\n\n\n<p>Modulo Racional, Unipessoal, Lda. e l&#8217;utente di questo sito accetta, senza riserve, che qualsiasi controversia o controversia derivante dall&#8217;uso di questo sito sar\u00e0 regolata dalla legge portoghese.<\/p>\n\n\n\n<p>Ultimo aggiornamento il: 11\/03\/2021<\/p>\n","protected":false},"excerpt":{"rendered":"<p>1. Condizioni Generali 1.1. La societ\u00e0 Modulo Racional, Unipessoal, Lda., con sede in Rua Caminho Ch\u00e3, n\u00ba6, 9630-227 Nordeste, persona giuridica n\u00ba 515818534, che \u00e8 anche il suo numero di iscrizione presso l&#8217;Ufficio del Registro delle Imprese di Ponta Delgada,&hellip;<\/p>\n","protected":false},"author":1,"featured_media":4380,"parent":0,"menu_order":0,"comment_status":"closed","ping_status":"closed","template":"","meta":{"footnotes":""},"class_list":["post-4685","page","type-page","status-publish","has-post-thumbnail","hentry"],"yoast_head":"<!-- This site is optimized with the Yoast SEO plugin v17.8 - https:\/\/yoast.com\/wordpress\/plugins\/seo\/ -->\n<title>Termini e le Condizioni - M\u00f3dulo Racional<\/title>\n<meta name=\"description\" content=\"Consulte os termos e condi\u00e7\u00f5es de utiliza\u00e7\u00e3o do nosso website. Assegure-se de que l\u00ea cuidadosamente todos os termos apresentados na p\u00e1gina.\" \/>\n<meta name=\"robots\" content=\"index, follow, max-snippet:-1, max-image-preview:large, max-video-preview:-1\" \/>\n<link rel=\"canonical\" href=\"https:\/\/modulolda.com\/it\/termini-e-le-condizioni\/\" \/>\n<meta property=\"og:locale\" content=\"it_IT\" \/>\n<meta property=\"og:type\" content=\"article\" \/>\n<meta property=\"og:title\" content=\"Termini e le Condizioni - M\u00f3dulo Racional\" \/>\n<meta property=\"og:description\" content=\"Consulte os termos e condi\u00e7\u00f5es de utiliza\u00e7\u00e3o do nosso website. Assegure-se de que l\u00ea cuidadosamente todos os termos apresentados na p\u00e1gina.\" \/>\n<meta property=\"og:url\" content=\"https:\/\/modulolda.com\/it\/termini-e-le-condizioni\/\" \/>\n<meta property=\"og:site_name\" content=\"M\u00f3dulo Racional\" \/>\n<meta property=\"article:modified_time\" content=\"2023-01-05T17:27:55+00:00\" \/>\n<meta property=\"og:image\" content=\"https:\/\/modulolda.com\/wp-content\/uploads\/2022\/04\/yo_Prancheta-1.png\" \/>\n\t<meta property=\"og:image:width\" content=\"2560\" \/>\n\t<meta property=\"og:image:height\" content=\"1707\" \/>\n<meta name=\"twitter:card\" content=\"summary_large_image\" \/>\n<meta name=\"twitter:label1\" content=\"Tempo di lettura stimato\" \/>\n\t<meta name=\"twitter:data1\" content=\"9 minuti\" \/>\n<script type=\"application\/ld+json\" class=\"yoast-schema-graph\">{\"@context\":\"https:\/\/schema.org\",\"@graph\":[{\"@type\":\"WebSite\",\"@id\":\"https:\/\/modulolda.com\/#website\",\"url\":\"https:\/\/modulolda.com\/\",\"name\":\"M\\u00f3dulo Racional\",\"description\":\"\",\"potentialAction\":[{\"@type\":\"SearchAction\",\"target\":{\"@type\":\"EntryPoint\",\"urlTemplate\":\"https:\/\/modulolda.com\/?s={search_term_string}\"},\"query-input\":\"required name=search_term_string\"}],\"inLanguage\":\"it-IT\"},{\"@type\":\"ImageObject\",\"@id\":\"https:\/\/modulolda.com\/it\/termini-e-le-condizioni\/#primaryimage\",\"inLanguage\":\"it-IT\",\"url\":\"https:\/\/modulolda.com\/wp-content\/uploads\/2022\/04\/yo_Prancheta-1.png\",\"contentUrl\":\"https:\/\/modulolda.com\/wp-content\/uploads\/2022\/04\/yo_Prancheta-1.png\",\"width\":2560,\"height\":1707},{\"@type\":\"WebPage\",\"@id\":\"https:\/\/modulolda.com\/it\/termini-e-le-condizioni\/#webpage\",\"url\":\"https:\/\/modulolda.com\/it\/termini-e-le-condizioni\/\",\"name\":\"Termini e le Condizioni - M\\u00f3dulo Racional\",\"isPartOf\":{\"@id\":\"https:\/\/modulolda.com\/#website\"},\"primaryImageOfPage\":{\"@id\":\"https:\/\/modulolda.com\/it\/termini-e-le-condizioni\/#primaryimage\"},\"datePublished\":\"2021-12-29T12:03:54+00:00\",\"dateModified\":\"2023-01-05T17:27:55+00:00\",\"description\":\"Consulte os termos e condi\\u00e7\\u00f5es de utiliza\\u00e7\\u00e3o do nosso website. Assegure-se de que l\\u00ea cuidadosamente todos os termos apresentados na p\\u00e1gina.\",\"breadcrumb\":{\"@id\":\"https:\/\/modulolda.com\/it\/termini-e-le-condizioni\/#breadcrumb\"},\"inLanguage\":\"it-IT\",\"potentialAction\":[{\"@type\":\"ReadAction\",\"target\":[\"https:\/\/modulolda.com\/it\/termini-e-le-condizioni\/\"]}]},{\"@type\":\"BreadcrumbList\",\"@id\":\"https:\/\/modulolda.com\/it\/termini-e-le-condizioni\/#breadcrumb\",\"itemListElement\":[{\"@type\":\"ListItem\",\"position\":1,\"name\":\"In\\u00edcio\",\"item\":\"https:\/\/modulolda.com\/it\/\"},{\"@type\":\"ListItem\",\"position\":2,\"name\":\"Termini e le Condizioni\"}]}]}<\/script>\n<!-- \/ Yoast SEO plugin. -->","yoast_head_json":{"title":"Termini e le Condizioni - M\u00f3dulo Racional","description":"Consulte os termos e condi\u00e7\u00f5es de utiliza\u00e7\u00e3o do nosso website. Assegure-se de que l\u00ea cuidadosamente todos os termos apresentados na p\u00e1gina.","robots":{"index":"index","follow":"follow","max-snippet":"max-snippet:-1","max-image-preview":"max-image-preview:large","max-video-preview":"max-video-preview:-1"},"canonical":"https:\/\/modulolda.com\/it\/termini-e-le-condizioni\/","og_locale":"it_IT","og_type":"article","og_title":"Termini e le Condizioni - M\u00f3dulo Racional","og_description":"Consulte os termos e condi\u00e7\u00f5es de utiliza\u00e7\u00e3o do nosso website. Assegure-se de que l\u00ea cuidadosamente todos os termos apresentados na p\u00e1gina.","og_url":"https:\/\/modulolda.com\/it\/termini-e-le-condizioni\/","og_site_name":"M\u00f3dulo Racional","article_modified_time":"2023-01-05T17:27:55+00:00","og_image":[{"width":2560,"height":1707,"url":"https:\/\/modulolda.com\/wp-content\/uploads\/2022\/04\/yo_Prancheta-1.png","type":"image\/png"}],"twitter_card":"summary_large_image","twitter_misc":{"Tempo di lettura stimato":"9 minuti"},"schema":{"@context":"https:\/\/schema.org","@graph":[{"@type":"WebSite","@id":"https:\/\/modulolda.com\/#website","url":"https:\/\/modulolda.com\/","name":"M\u00f3dulo Racional","description":"","potentialAction":[{"@type":"SearchAction","target":{"@type":"EntryPoint","urlTemplate":"https:\/\/modulolda.com\/?s={search_term_string}"},"query-input":"required name=search_term_string"}],"inLanguage":"it-IT"},{"@type":"ImageObject","@id":"https:\/\/modulolda.com\/it\/termini-e-le-condizioni\/#primaryimage","inLanguage":"it-IT","url":"https:\/\/modulolda.com\/wp-content\/uploads\/2022\/04\/yo_Prancheta-1.png","contentUrl":"https:\/\/modulolda.com\/wp-content\/uploads\/2022\/04\/yo_Prancheta-1.png","width":2560,"height":1707},{"@type":"WebPage","@id":"https:\/\/modulolda.com\/it\/termini-e-le-condizioni\/#webpage","url":"https:\/\/modulolda.com\/it\/termini-e-le-condizioni\/","name":"Termini e le Condizioni - M\u00f3dulo Racional","isPartOf":{"@id":"https:\/\/modulolda.com\/#website"},"primaryImageOfPage":{"@id":"https:\/\/modulolda.com\/it\/termini-e-le-condizioni\/#primaryimage"},"datePublished":"2021-12-29T12:03:54+00:00","dateModified":"2023-01-05T17:27:55+00:00","description":"Consulte os termos e condi\u00e7\u00f5es de utiliza\u00e7\u00e3o do nosso website. Assegure-se de que l\u00ea cuidadosamente todos os termos apresentados na p\u00e1gina.","breadcrumb":{"@id":"https:\/\/modulolda.com\/it\/termini-e-le-condizioni\/#breadcrumb"},"inLanguage":"it-IT","potentialAction":[{"@type":"ReadAction","target":["https:\/\/modulolda.com\/it\/termini-e-le-condizioni\/"]}]},{"@type":"BreadcrumbList","@id":"https:\/\/modulolda.com\/it\/termini-e-le-condizioni\/#breadcrumb","itemListElement":[{"@type":"ListItem","position":1,"name":"In\u00edcio","item":"https:\/\/modulolda.com\/it\/"},{"@type":"ListItem","position":2,"name":"Termini e le Condizioni"}]}]}},"_links":{"self":[{"href":"https:\/\/modulolda.com\/it\/wp-json\/wp\/v2\/pages\/4685","targetHints":{"allow":["GET"]}}],"collection":[{"href":"https:\/\/modulolda.com\/it\/wp-json\/wp\/v2\/pages"}],"about":[{"href":"https:\/\/modulolda.com\/it\/wp-json\/wp\/v2\/types\/page"}],"author":[{"embeddable":true,"href":"https:\/\/modulolda.com\/it\/wp-json\/wp\/v2\/users\/1"}],"replies":[{"embeddable":true,"href":"https:\/\/modulolda.com\/it\/wp-json\/wp\/v2\/comments?post=4685"}],"version-history":[{"count":3,"href":"https:\/\/modulolda.com\/it\/wp-json\/wp\/v2\/pages\/4685\/revisions"}],"predecessor-version":[{"id":4781,"href":"https:\/\/modulolda.com\/it\/wp-json\/wp\/v2\/pages\/4685\/revisions\/4781"}],"wp:featuredmedia":[{"embeddable":true,"href":"https:\/\/modulolda.com\/it\/wp-json\/wp\/v2\/media\/4380"}],"wp:attachment":[{"href":"https:\/\/modulolda.com\/it\/wp-json\/wp\/v2\/media?parent=4685"}],"curies":[{"name":"wp","href":"https:\/\/api.w.org\/{rel}","templated":true}]}}