{"id":4667,"date":"2021-12-29T10:39:16","date_gmt":"2021-12-29T10:39:16","guid":{"rendered":"https:\/\/modulolda.com\/parcerias\/"},"modified":"2023-01-05T17:26:38","modified_gmt":"2023-01-05T17:26:38","slug":"partnership","status":"publish","type":"page","link":"https:\/\/modulolda.com\/it\/partnership\/","title":{"rendered":"Altre partnership"},"content":{"rendered":"<p>[vc_row][vc_column]<div id=\"sc_title_418332074\"\r\n\t\tclass=\"sc_title sc_title_default\"><h2 class=\"sc_item_title sc_title_title sc_align_center sc_item_title_style_default sc_item_title_tag\">Partenariati<\/h2><\/div><!-- \/.sc_title -->[vc_column_text]<div class=\"wpb_column vc_column_container vc_col-sm-12 sc_layouts_column_icons_position_left\">\r\n\t\t\t<div class=\"parceiro_single col-md-12\">\r\n\t\t\t\t<div class=\"col-md-4\" style=\"float:left; text-align:center\">\r\n\t\t\t\t\t<img decoding=\"async\" src=\"https:\/\/modulolda.com\/wp-content\/uploads\/2023\/12\/craveiro-grupo.png\"\/>\r\n\t\t\t\t<\/div>\r\n\t\t\t\t<div class=\"col-md-8\" style=\"float:left\">\r\n\t\t\t\t\t<div class=\"parceiro_descricao\"><\/div>\r\n\t\t\t\t\t<a target=\"_blank\" style=\"margin-top:2rem\" href=\"https:\/\/craveiromobiliario.com\/\" id=\"sc_button_766964789 \" class=\"custom_button_link sc_button sc_button_default sc_button_size_normal sc_button_icon_left sc_button_hover_slide_left sc_button_hover_style_alter\">\r\n\t\t\t<span class=\"sc_button_text\"><span class=\"sc_button_title\">Per saperne di pi\u00f9<\/span><\/span><!-- \/.sc_button_text -->\r\n\t\t<\/a>\r\n\t\t\t\t<\/div>\r\n\t\t<\/div>\r\n\t\t<div style=\"clear:both\"><\/div><div class=\"parceiro_single col-md-12\">\r\n\t\t\t\t<div class=\"col-md-4\" style=\"float:left; text-align:center\">\r\n\t\t\t\t\t<img decoding=\"async\" src=\"https:\/\/modulolda.com\/wp-content\/uploads\/2021\/12\/Soledade-e-Filhos.png\"\/>\r\n\t\t\t\t<\/div>\r\n\t\t\t\t<div class=\"col-md-8\" style=\"float:left\">\r\n\t\t\t\t\t<div class=\"parceiro_descricao\">La societ\u00e0 SF-Soledade & Filhos Lda. \u00e8 un riferimento nel mercato della rifinitura automobilistica nei prodotti non vernicianti, edilizia civile dalle vernici ai sistemi di isolamento termico e vernici per il settore industriale, DPI di sicurezza, pavimenti e ceramiche di alta qualit\u00e0, macchine e utensili elettrici, utensili manuali, lubrificanti speciali, tra gli altri. altre aree in cui l'azienda \u00e8 impegnata.<\/div>\r\n\t\t\t\t\t<a target=\"_blank\" style=\"margin-top:2rem\" href=\"https:\/\/www.soledadelda.com\/\" id=\"sc_button_766964789 \" class=\"custom_button_link sc_button sc_button_default sc_button_size_normal sc_button_icon_left sc_button_hover_slide_left sc_button_hover_style_alter\">\r\n\t\t\t<span class=\"sc_button_text\"><span class=\"sc_button_title\">Per saperne di pi\u00f9<\/span><\/span><!-- \/.sc_button_text -->\r\n\t\t<\/a>\r\n\t\t\t\t<\/div>\r\n\t\t<\/div>\r\n\t\t<div style=\"clear:both\"><\/div><div class=\"parceiro_single col-md-12\">\r\n\t\t\t\t<div class=\"col-md-4\" style=\"float:left; text-align:center\">\r\n\t\t\t\t\t<img decoding=\"async\" src=\"https:\/\/modulolda.com\/wp-content\/uploads\/2021\/12\/OCP.jpg\"\/>\r\n\t\t\t\t<\/div>\r\n\t\t\t\t<div class=\"col-md-8\" style=\"float:left\">\r\n\t\t\t\t\t<div class=\"parceiro_descricao\">Oliveira & Cunha Pereira, Lda. (OCP) \u00e8 una societ\u00e0 con sede nella regione di Barcelos - Portogallo, che ha iniziato la sua attivit\u00e0 nel 2001, nella fornitura e applicazione di controsoffitti, pareti divisorie e soluzioni di isolamento termico e acustico.<\/div>\r\n\t\t\t\t\t<a target=\"_blank\" style=\"margin-top:2rem\" href=\"https:\/\/www.ocprevestimentos.com\/\" id=\"sc_button_766964789 \" class=\"custom_button_link sc_button sc_button_default sc_button_size_normal sc_button_icon_left sc_button_hover_slide_left sc_button_hover_style_alter\">\r\n\t\t\t<span class=\"sc_button_text\"><span class=\"sc_button_title\">Per saperne di pi\u00f9<\/span><\/span><!-- \/.sc_button_text -->\r\n\t\t<\/a>\r\n\t\t\t\t<\/div>\r\n\t\t<\/div>\r\n\t\t<div style=\"clear:both\"><\/div><div class=\"parceiro_single col-md-12\">\r\n\t\t\t\t<div class=\"col-md-4\" style=\"float:left; text-align:center\">\r\n\t\t\t\t\t<img decoding=\"async\" src=\"https:\/\/modulolda.com\/wp-content\/uploads\/2021\/12\/Madeiras-Sardinha.jpg\"\/>\r\n\t\t\t\t<\/div>\r\n\t\t\t\t<div class=\"col-md-8\" style=\"float:left\">\r\n\t\t\t\t\t<div class=\"parceiro_descricao\">Dal 1981 si dedicano all'estrazione e alla segatura del Legno Cryptomeria delle Azzorre, per carpenteria, edilizia civile, strutture, case in legno e lavori su misura.<\/div>\r\n\t\t\t\t\t<a target=\"_blank\" style=\"margin-top:2rem\" href=\"https:\/\/www.facebook.com\/MadeirasSardinha\/\" id=\"sc_button_766964789 \" class=\"custom_button_link sc_button sc_button_default sc_button_size_normal sc_button_icon_left sc_button_hover_slide_left sc_button_hover_style_alter\">\r\n\t\t\t<span class=\"sc_button_text\"><span class=\"sc_button_title\">Per saperne di pi\u00f9<\/span><\/span><!-- \/.sc_button_text -->\r\n\t\t<\/a>\r\n\t\t\t\t<\/div>\r\n\t\t<\/div>\r\n\t\t<div style=\"clear:both\"><\/div><div class=\"parceiro_single col-md-12\">\r\n\t\t\t\t<div class=\"col-md-4\" style=\"float:left; text-align:center\">\r\n\t\t\t\t\t<img decoding=\"async\" src=\"https:\/\/modulolda.com\/wp-content\/uploads\/2021\/12\/Jose-Freitas.jpg\"\/>\r\n\t\t\t\t<\/div>\r\n\t\t\t\t<div class=\"col-md-8\" style=\"float:left\">\r\n\t\t\t\t\t<div class=\"parceiro_descricao\">JFreitas Constru\u00e7\u00e3o commercializza e distribuisce materiali da costruzione per finiture, accessori e complementi per bagno e cucina, articoli per il bricolage, utensili manuali ed elettrici.<\/div>\r\n\t\t\t\t\t<a target=\"_blank\" style=\"margin-top:2rem\" href=\"https:\/\/jfreitas.eu\/\" id=\"sc_button_766964789 \" class=\"custom_button_link sc_button sc_button_default sc_button_size_normal sc_button_icon_left sc_button_hover_slide_left sc_button_hover_style_alter\">\r\n\t\t\t<span class=\"sc_button_text\"><span class=\"sc_button_title\">Per saperne di pi\u00f9<\/span><\/span><!-- \/.sc_button_text -->\r\n\t\t<\/a>\r\n\t\t\t\t<\/div>\r\n\t\t<\/div>\r\n\t\t<div style=\"clear:both\"><\/div><div class=\"parceiro_single col-md-12\">\r\n\t\t\t\t<div class=\"col-md-4\" style=\"float:left; text-align:center\">\r\n\t\t\t\t\t<img decoding=\"async\" src=\"https:\/\/modulolda.com\/wp-content\/uploads\/2021\/12\/Irmaos-Duarte.jpg\"\/>\r\n\t\t\t\t<\/div>\r\n\t\t\t\t<div class=\"col-md-8\" style=\"float:left\">\r\n\t\t\t\t\t<div class=\"parceiro_descricao\">Sono un'azienda certificata e autorizzata dall'INCI tramite Permesso di costruzione n. 20118. Hanno un'eccellente quota di mercato che si espande in tutta l'isola di S\u00e3o Miguel ma che ha un'incidenza speciale nei comuni di Povoa\u00e7\u00e3o e Nordeste. Sulla strada Lomba do Lou\u00e7\u00e3o puoi trovare i suoi cantieri navali dove si concentra il parco di macchine, veicoli e attrezzature. Nei piazzali dell'azienda si trova anche l'impianto di calcestruzzo preconfezionato, completamente automatizzato e con una capacit\u00e0 di intervento di circa 40 mc\/ora. Hanno anche un binario per la produzione di blocchi e travi con e senza rinforzo.<\/div>\r\n\t\t\t\t\t<a target=\"_blank\" style=\"margin-top:2rem\" href=\"http:\/\/irmaosduarte.pt\/index.html\" id=\"sc_button_766964789 \" class=\"custom_button_link sc_button sc_button_default sc_button_size_normal sc_button_icon_left sc_button_hover_slide_left sc_button_hover_style_alter\">\r\n\t\t\t<span class=\"sc_button_text\"><span class=\"sc_button_title\">Per saperne di pi\u00f9<\/span><\/span><!-- \/.sc_button_text -->\r\n\t\t<\/a>\r\n\t\t\t\t<\/div>\r\n\t\t<\/div>\r\n\t\t<div style=\"clear:both\"><\/div><div class=\"parceiro_single col-md-12\">\r\n\t\t\t\t<div class=\"col-md-4\" style=\"float:left; text-align:center\">\r\n\t\t\t\t\t<img decoding=\"async\" src=\"https:\/\/modulolda.com\/wp-content\/uploads\/2021\/12\/AzorDuarte.jpg\"\/>\r\n\t\t\t\t<\/div>\r\n\t\t\t\t<div class=\"col-md-8\" style=\"float:left\">\r\n\t\t\t\t\t<div class=\"parceiro_descricao\">Vendita di Materiali Edili, Macchinari e Utensili, Elettrodomestici, Materiale Informatico e Software.<\/div>\r\n\t\t\t\t\t<a target=\"_blank\" style=\"margin-top:2rem\" href=\"https:\/\/www.facebook.com\/azorduartelda\/\" id=\"sc_button_766964789 \" class=\"custom_button_link sc_button sc_button_default sc_button_size_normal sc_button_icon_left sc_button_hover_slide_left sc_button_hover_style_alter\">\r\n\t\t\t<span class=\"sc_button_text\"><span class=\"sc_button_title\">Per saperne di pi\u00f9<\/span><\/span><!-- \/.sc_button_text -->\r\n\t\t<\/a>\r\n\t\t\t\t<\/div>\r\n\t\t<\/div>\r\n\t\t<div style=\"clear:both\"><\/div>\r\n\t<\/div>[\/vc_column_text][\/vc_column][\/vc_row][vc_row][vc_column]<div id=\"sc_title_58349522\"\r\n\t\tclass=\"sc_title sc_title_default\"><h2 class=\"sc_item_title sc_title_title sc_align_center sc_item_title_style_default sc_item_title_tag\">Altre Partnership<\/h2><\/div><!-- \/.sc_title -->[vc_column_text]<div class=\"outras_parcerias_container\">\r\n\t\t\t\r\n\t<\/div>[\/vc_column_text][\/vc_column][\/vc_row]<\/p>\n","protected":false},"excerpt":{"rendered":"<p>[vc_row][vc_column][vc_column_text][\/vc_column_text][\/vc_column][\/vc_row][vc_row][vc_column][vc_column_text][\/vc_column_text][\/vc_column][\/vc_row]<\/p>\n","protected":false},"author":1,"featured_media":0,"parent":0,"menu_order":0,"comment_status":"closed","ping_status":"closed","template":"","meta":{"footnotes":""},"class_list":["post-4667","page","type-page","status-publish","hentry"],"yoast_head":"<!-- This site is optimized with the Yoast SEO plugin v17.8 - https:\/\/yoast.com\/wordpress\/plugins\/seo\/ -->\n<title>Partnership - Societ\u00e0 di costruzioni - M\u00f3dulo Racional Lda<\/title>\n<meta name=\"description\" content=\"Senza questi partner, non saremmo l&#039;azienda che siamo oggi. Non stiamo parlando solo di efficacia. Anche la qualit\u00e0 \u00e8 importante.\" \/>\n<meta name=\"robots\" content=\"index, follow, max-snippet:-1, max-image-preview:large, max-video-preview:-1\" \/>\n<link rel=\"canonical\" href=\"https:\/\/modulolda.com\/it\/partnership\/\" \/>\n<meta property=\"og:locale\" content=\"it_IT\" \/>\n<meta property=\"og:type\" content=\"article\" \/>\n<meta property=\"og:title\" content=\"Partnership - Societ\u00e0 di costruzioni - M\u00f3dulo Racional Lda\" \/>\n<meta property=\"og:description\" content=\"Senza questi partner, non saremmo l&#039;azienda che siamo oggi. Non stiamo parlando solo di efficacia. Anche la qualit\u00e0 \u00e8 importante.\" \/>\n<meta property=\"og:url\" content=\"https:\/\/modulolda.com\/it\/partnership\/\" \/>\n<meta property=\"og:site_name\" content=\"M\u00f3dulo Racional\" \/>\n<meta property=\"article:modified_time\" content=\"2023-01-05T17:26:38+00:00\" \/>\n<meta name=\"twitter:card\" content=\"summary_large_image\" \/>\n<script type=\"application\/ld+json\" class=\"yoast-schema-graph\">{\"@context\":\"https:\/\/schema.org\",\"@graph\":[{\"@type\":\"WebSite\",\"@id\":\"https:\/\/modulolda.com\/#website\",\"url\":\"https:\/\/modulolda.com\/\",\"name\":\"M\\u00f3dulo Racional\",\"description\":\"\",\"potentialAction\":[{\"@type\":\"SearchAction\",\"target\":{\"@type\":\"EntryPoint\",\"urlTemplate\":\"https:\/\/modulolda.com\/?s={search_term_string}\"},\"query-input\":\"required name=search_term_string\"}],\"inLanguage\":\"it-IT\"},{\"@type\":\"WebPage\",\"@id\":\"https:\/\/modulolda.com\/it\/partnership\/#webpage\",\"url\":\"https:\/\/modulolda.com\/it\/partnership\/\",\"name\":\"Partnership - Societ\\u00e0 di costruzioni - M\\u00f3dulo Racional Lda\",\"isPartOf\":{\"@id\":\"https:\/\/modulolda.com\/#website\"},\"datePublished\":\"2021-12-29T10:39:16+00:00\",\"dateModified\":\"2023-01-05T17:26:38+00:00\",\"description\":\"Senza questi partner, non saremmo l'azienda che siamo oggi. Non stiamo parlando solo di efficacia. Anche la qualit\\u00e0 \\u00e8 importante.\",\"breadcrumb\":{\"@id\":\"https:\/\/modulolda.com\/it\/partnership\/#breadcrumb\"},\"inLanguage\":\"it-IT\",\"potentialAction\":[{\"@type\":\"ReadAction\",\"target\":[\"https:\/\/modulolda.com\/it\/partnership\/\"]}]},{\"@type\":\"BreadcrumbList\",\"@id\":\"https:\/\/modulolda.com\/it\/partnership\/#breadcrumb\",\"itemListElement\":[{\"@type\":\"ListItem\",\"position\":1,\"name\":\"In\\u00edcio\",\"item\":\"https:\/\/modulolda.com\/it\/\"},{\"@type\":\"ListItem\",\"position\":2,\"name\":\"Altre partnership\"}]}]}<\/script>\n<!-- \/ Yoast SEO plugin. -->","yoast_head_json":{"title":"Partnership - Societ\u00e0 di costruzioni - M\u00f3dulo Racional Lda","description":"Senza questi partner, non saremmo l'azienda che siamo oggi. Non stiamo parlando solo di efficacia. Anche la qualit\u00e0 \u00e8 importante.","robots":{"index":"index","follow":"follow","max-snippet":"max-snippet:-1","max-image-preview":"max-image-preview:large","max-video-preview":"max-video-preview:-1"},"canonical":"https:\/\/modulolda.com\/it\/partnership\/","og_locale":"it_IT","og_type":"article","og_title":"Partnership - Societ\u00e0 di costruzioni - M\u00f3dulo Racional Lda","og_description":"Senza questi partner, non saremmo l'azienda che siamo oggi. Non stiamo parlando solo di efficacia. Anche la qualit\u00e0 \u00e8 importante.","og_url":"https:\/\/modulolda.com\/it\/partnership\/","og_site_name":"M\u00f3dulo Racional","article_modified_time":"2023-01-05T17:26:38+00:00","twitter_card":"summary_large_image","schema":{"@context":"https:\/\/schema.org","@graph":[{"@type":"WebSite","@id":"https:\/\/modulolda.com\/#website","url":"https:\/\/modulolda.com\/","name":"M\u00f3dulo Racional","description":"","potentialAction":[{"@type":"SearchAction","target":{"@type":"EntryPoint","urlTemplate":"https:\/\/modulolda.com\/?s={search_term_string}"},"query-input":"required name=search_term_string"}],"inLanguage":"it-IT"},{"@type":"WebPage","@id":"https:\/\/modulolda.com\/it\/partnership\/#webpage","url":"https:\/\/modulolda.com\/it\/partnership\/","name":"Partnership - Societ\u00e0 di costruzioni - M\u00f3dulo Racional Lda","isPartOf":{"@id":"https:\/\/modulolda.com\/#website"},"datePublished":"2021-12-29T10:39:16+00:00","dateModified":"2023-01-05T17:26:38+00:00","description":"Senza questi partner, non saremmo l'azienda che siamo oggi. Non stiamo parlando solo di efficacia. Anche la qualit\u00e0 \u00e8 importante.","breadcrumb":{"@id":"https:\/\/modulolda.com\/it\/partnership\/#breadcrumb"},"inLanguage":"it-IT","potentialAction":[{"@type":"ReadAction","target":["https:\/\/modulolda.com\/it\/partnership\/"]}]},{"@type":"BreadcrumbList","@id":"https:\/\/modulolda.com\/it\/partnership\/#breadcrumb","itemListElement":[{"@type":"ListItem","position":1,"name":"In\u00edcio","item":"https:\/\/modulolda.com\/it\/"},{"@type":"ListItem","position":2,"name":"Altre partnership"}]}]}},"_links":{"self":[{"href":"https:\/\/modulolda.com\/it\/wp-json\/wp\/v2\/pages\/4667","targetHints":{"allow":["GET"]}}],"collection":[{"href":"https:\/\/modulolda.com\/it\/wp-json\/wp\/v2\/pages"}],"about":[{"href":"https:\/\/modulolda.com\/it\/wp-json\/wp\/v2\/types\/page"}],"author":[{"embeddable":true,"href":"https:\/\/modulolda.com\/it\/wp-json\/wp\/v2\/users\/1"}],"replies":[{"embeddable":true,"href":"https:\/\/modulolda.com\/it\/wp-json\/wp\/v2\/comments?post=4667"}],"version-history":[{"count":6,"href":"https:\/\/modulolda.com\/it\/wp-json\/wp\/v2\/pages\/4667\/revisions"}],"predecessor-version":[{"id":4770,"href":"https:\/\/modulolda.com\/it\/wp-json\/wp\/v2\/pages\/4667\/revisions\/4770"}],"wp:attachment":[{"href":"https:\/\/modulolda.com\/it\/wp-json\/wp\/v2\/media?parent=4667"}],"curies":[{"name":"wp","href":"https:\/\/api.w.org\/{rel}","templated":true}]}}