{"id":4659,"date":"2022-05-03T14:47:26","date_gmt":"2022-05-03T14:47:26","guid":{"rendered":"https:\/\/modulolda.com\/produtos-leroy-merlin\/"},"modified":"2023-01-05T17:26:30","modified_gmt":"2023-01-05T17:26:30","slug":"prodotti-leroy-merlin","status":"publish","type":"page","link":"https:\/\/modulolda.com\/it\/prodotti-leroy-merlin\/","title":{"rendered":"Leroy Merlin"},"content":{"rendered":"<p>[vc_row][vc_column][vc_column_text]<div class=\"sc_services_item_header\">\r\n\t\t\t<h2 class=\"primary_custom_color sc_services_item_title\">Leroy Merlin<\/h2>\r\n\t\t<\/div>\r\n\t\t<div class=\"vc_row wpb_row vc_row-fluid vc_custom_149061646341412 vc_row-has-fill\" >\r\n\t\t\t<div class=\"wpb_column vc_column_container vc_col-sm-12 sc_layouts_column_icons_position_left\">\r\n\t\t\t\t\t<div class=\"vc_column-inner\">\r\n\t\t\t\t\t\t<div class=\"wpb_wrapper\">\r\n\t\t\t\t\t\t\t\t<div class=\"vc_empty_space  vc_custom_149398791083412\" style=\"height: 28px\"><span class=\"vc_empty_space_inner\"><\/span><\/div>\r\n\t\t\t\t\t\t<\/div>\r\n\t\t\t\t\t<\/div>\r\n\t\t\t<\/div>\r\n\t\t\t<div class=\"\">\r\n\t\t\t\t<div style=\"padding-left:1rem; padding-right:1rem;\">\r\n\t\t\t\t\t<div class=\"wpb_column vc_column_container vc_col-sm-12 sc_layouts_column_icons_position_left\">\r\n\t\t\t\t\t\t<img decoding=\"async\" src=\"https:\/\/modulolda.com\/wp-content\/uploads\/2022\/05\/ponta-delgada-og-e1651596253948.jpg\" alt=\"\" width=\"100%\" height=\"424\">\r\n\t\t\t\t\t<\/div>\r\n\t\t\t\t<\/div>\r\n\t\t\t<\/div>\r\n\t\t<\/div>\r\n\t\t<div style=\"margin-top:2rem\">\r\n\t\t\t<p>Modulo offre il servizio di installazione dei prodotti Leroy Merlin, come l&#8217;assemblaggio di cucine, armadi, mensole e altro. I nostri professionisti qualificati garantiranno un servizio rapido ed efficiente, assicurando sempre la completa soddisfazione di tutti i clienti. Ma non \u00e8 solo di efficacia che stiamo parlando. La qualit\u00e0 \u00e8 la chiave per noi! Siamo orgogliosi di lavorare e di essere riconosciuti da questo colosso internazionale, che \u00e8 Leroy Merlin.<\/p>\n<p>Qualunque cosa sia, siamo pronti a superare le vostre aspettative. Parla con noi per saperne di pi\u00f9 su questo servizio.<\/p>\n\r\n\t\t<\/div>[\/vc_column_text][\/vc_column][\/vc_row][vc_row css=&#8221;.vc_custom_1651590822822{margin-top: 5rem !important;}&#8221;][vc_column]<div id=\"sc_title_821189197\"\r\n\t\tclass=\"sc_title sc_title_default\"><h2 class=\"sc_item_title sc_title_title sc_align_center sc_item_title_style_default sc_item_title_tag\">Servizi<\/h2><\/div><!-- \/.sc_title -->[vc_column_text]<div class=\"leroy_servicos\">\r\n\t\t\t<div class=\"col-md-6 leroy_servico\">\r\n\t\t\t\t\t<div class=\"icon\"><i class=\"fa fa-solid fa-check\"><\/i><\/div>\r\n\t\t\t\t\t<h5>Cucine<\/h5>\r\n\t\t\t\t<\/div><div class=\"col-md-6 leroy_servico\">\r\n\t\t\t\t\t<div class=\"icon\"><i class=\"fa fa-solid fa-check\"><\/i><\/div>\r\n\t\t\t\t\t<h5>WC's<\/h5>\r\n\t\t\t\t<\/div><div class=\"col-md-6 leroy_servico\">\r\n\t\t\t\t\t<div class=\"icon\"><i class=\"fa fa-solid fa-check\"><\/i><\/div>\r\n\t\t\t\t\t<h5>Rivestimenti<\/h5>\r\n\t\t\t\t<\/div><div class=\"col-md-6 leroy_servico\">\r\n\t\t\t\t\t<div class=\"icon\"><i class=\"fa fa-solid fa-check\"><\/i><\/div>\r\n\t\t\t\t\t<h5>Rifugi<\/h5>\r\n\t\t\t\t<\/div><div class=\"col-md-6 leroy_servico\">\r\n\t\t\t\t\t<div class=\"icon\"><i class=\"fa fa-solid fa-check\"><\/i><\/div>\r\n\t\t\t\t\t<h5>Cancelli di vetro<\/h5>\r\n\t\t\t\t<\/div><div class=\"col-md-6 leroy_servico\">\r\n\t\t\t\t\t<div class=\"icon\"><i class=\"fa fa-solid fa-check\"><\/i><\/div>\r\n\t\t\t\t\t<h5>Mattone di vetro<\/h5>\r\n\t\t\t\t<\/div><div class=\"col-md-6 leroy_servico\">\r\n\t\t\t\t\t<div class=\"icon\"><i class=\"fa fa-solid fa-check\"><\/i><\/div>\r\n\t\t\t\t\t<h5>Armadi, finestre e porte<\/h5>\r\n\t\t\t\t<\/div><div class=\"col-md-6 leroy_servico\">\r\n\t\t\t\t\t<div class=\"icon\"><i class=\"fa fa-solid fa-check\"><\/i><\/div>\r\n\t\t\t\t\t<h5>Ristrutturazione<\/h5>\r\n\t\t\t\t<\/div><div class=\"col-md-6 leroy_servico\">\r\n\t\t\t\t\t<div class=\"icon\"><i class=\"fa fa-solid fa-check\"><\/i><\/div>\r\n\t\t\t\t\t<h5>Costruzione<\/h5>\r\n\t\t\t\t<\/div>\r\n\t<\/div>[\/vc_column_text][\/vc_column][\/vc_row]<\/p>\n","protected":false},"excerpt":{"rendered":"<p>[vc_row][vc_column][vc_column_text][\/vc_column_text][\/vc_column][\/vc_row][vc_row css=&#8221;.vc_custom_1651590822822{margin-top: 5rem !important;}&#8221;][vc_column][vc_column_text][\/vc_column_text][\/vc_column][\/vc_row]<\/p>\n","protected":false},"author":1,"featured_media":0,"parent":0,"menu_order":0,"comment_status":"closed","ping_status":"closed","template":"","meta":{"footnotes":""},"class_list":["post-4659","page","type-page","status-publish","hentry"],"yoast_head":"<!-- This site is optimized with the Yoast SEO plugin v17.8 - https:\/\/yoast.com\/wordpress\/plugins\/seo\/ -->\n<title>Prodotti Leroy Merlin | Installazione di prodotti con M\u00f3dulo Lda<\/title>\n<meta name=\"description\" content=\"Modulo offre il servizio di installazione dei prodotti Leroy Merlin, come l&#039;assemblaggio di cucine, armadi, mensole e altro.\" \/>\n<meta name=\"robots\" content=\"index, follow, max-snippet:-1, max-image-preview:large, max-video-preview:-1\" \/>\n<link rel=\"canonical\" href=\"https:\/\/modulolda.com\/it\/prodotti-leroy-merlin\/\" \/>\n<meta property=\"og:locale\" content=\"it_IT\" \/>\n<meta property=\"og:type\" content=\"article\" \/>\n<meta property=\"og:title\" content=\"Prodotti Leroy Merlin | Installazione di prodotti con M\u00f3dulo Lda\" \/>\n<meta property=\"og:description\" content=\"Modulo offre il servizio di installazione dei prodotti Leroy Merlin, come l&#039;assemblaggio di cucine, armadi, mensole e altro.\" \/>\n<meta property=\"og:url\" content=\"https:\/\/modulolda.com\/it\/prodotti-leroy-merlin\/\" \/>\n<meta property=\"og:site_name\" content=\"M\u00f3dulo Racional\" \/>\n<meta property=\"article:modified_time\" content=\"2023-01-05T17:26:30+00:00\" \/>\n<meta name=\"twitter:card\" content=\"summary_large_image\" \/>\n<script type=\"application\/ld+json\" class=\"yoast-schema-graph\">{\"@context\":\"https:\/\/schema.org\",\"@graph\":[{\"@type\":\"WebSite\",\"@id\":\"https:\/\/modulolda.com\/#website\",\"url\":\"https:\/\/modulolda.com\/\",\"name\":\"M\\u00f3dulo Racional\",\"description\":\"\",\"potentialAction\":[{\"@type\":\"SearchAction\",\"target\":{\"@type\":\"EntryPoint\",\"urlTemplate\":\"https:\/\/modulolda.com\/?s={search_term_string}\"},\"query-input\":\"required name=search_term_string\"}],\"inLanguage\":\"it-IT\"},{\"@type\":\"WebPage\",\"@id\":\"https:\/\/modulolda.com\/it\/prodotti-leroy-merlin\/#webpage\",\"url\":\"https:\/\/modulolda.com\/it\/prodotti-leroy-merlin\/\",\"name\":\"Prodotti Leroy Merlin | Installazione di prodotti con M\\u00f3dulo Lda\",\"isPartOf\":{\"@id\":\"https:\/\/modulolda.com\/#website\"},\"datePublished\":\"2022-05-03T14:47:26+00:00\",\"dateModified\":\"2023-01-05T17:26:30+00:00\",\"description\":\"Modulo offre il servizio di installazione dei prodotti Leroy Merlin, come l'assemblaggio di cucine, armadi, mensole e altro.\",\"breadcrumb\":{\"@id\":\"https:\/\/modulolda.com\/it\/prodotti-leroy-merlin\/#breadcrumb\"},\"inLanguage\":\"it-IT\",\"potentialAction\":[{\"@type\":\"ReadAction\",\"target\":[\"https:\/\/modulolda.com\/it\/prodotti-leroy-merlin\/\"]}]},{\"@type\":\"BreadcrumbList\",\"@id\":\"https:\/\/modulolda.com\/it\/prodotti-leroy-merlin\/#breadcrumb\",\"itemListElement\":[{\"@type\":\"ListItem\",\"position\":1,\"name\":\"In\\u00edcio\",\"item\":\"https:\/\/modulolda.com\/it\/\"},{\"@type\":\"ListItem\",\"position\":2,\"name\":\"Leroy Merlin\"}]}]}<\/script>\n<!-- \/ Yoast SEO plugin. -->","yoast_head_json":{"title":"Prodotti Leroy Merlin | Installazione di prodotti con M\u00f3dulo Lda","description":"Modulo offre il servizio di installazione dei prodotti Leroy Merlin, come l'assemblaggio di cucine, armadi, mensole e altro.","robots":{"index":"index","follow":"follow","max-snippet":"max-snippet:-1","max-image-preview":"max-image-preview:large","max-video-preview":"max-video-preview:-1"},"canonical":"https:\/\/modulolda.com\/it\/prodotti-leroy-merlin\/","og_locale":"it_IT","og_type":"article","og_title":"Prodotti Leroy Merlin | Installazione di prodotti con M\u00f3dulo Lda","og_description":"Modulo offre il servizio di installazione dei prodotti Leroy Merlin, come l'assemblaggio di cucine, armadi, mensole e altro.","og_url":"https:\/\/modulolda.com\/it\/prodotti-leroy-merlin\/","og_site_name":"M\u00f3dulo Racional","article_modified_time":"2023-01-05T17:26:30+00:00","twitter_card":"summary_large_image","schema":{"@context":"https:\/\/schema.org","@graph":[{"@type":"WebSite","@id":"https:\/\/modulolda.com\/#website","url":"https:\/\/modulolda.com\/","name":"M\u00f3dulo Racional","description":"","potentialAction":[{"@type":"SearchAction","target":{"@type":"EntryPoint","urlTemplate":"https:\/\/modulolda.com\/?s={search_term_string}"},"query-input":"required name=search_term_string"}],"inLanguage":"it-IT"},{"@type":"WebPage","@id":"https:\/\/modulolda.com\/it\/prodotti-leroy-merlin\/#webpage","url":"https:\/\/modulolda.com\/it\/prodotti-leroy-merlin\/","name":"Prodotti Leroy Merlin | Installazione di prodotti con M\u00f3dulo Lda","isPartOf":{"@id":"https:\/\/modulolda.com\/#website"},"datePublished":"2022-05-03T14:47:26+00:00","dateModified":"2023-01-05T17:26:30+00:00","description":"Modulo offre il servizio di installazione dei prodotti Leroy Merlin, come l'assemblaggio di cucine, armadi, mensole e altro.","breadcrumb":{"@id":"https:\/\/modulolda.com\/it\/prodotti-leroy-merlin\/#breadcrumb"},"inLanguage":"it-IT","potentialAction":[{"@type":"ReadAction","target":["https:\/\/modulolda.com\/it\/prodotti-leroy-merlin\/"]}]},{"@type":"BreadcrumbList","@id":"https:\/\/modulolda.com\/it\/prodotti-leroy-merlin\/#breadcrumb","itemListElement":[{"@type":"ListItem","position":1,"name":"In\u00edcio","item":"https:\/\/modulolda.com\/it\/"},{"@type":"ListItem","position":2,"name":"Leroy Merlin"}]}]}},"_links":{"self":[{"href":"https:\/\/modulolda.com\/it\/wp-json\/wp\/v2\/pages\/4659","targetHints":{"allow":["GET"]}}],"collection":[{"href":"https:\/\/modulolda.com\/it\/wp-json\/wp\/v2\/pages"}],"about":[{"href":"https:\/\/modulolda.com\/it\/wp-json\/wp\/v2\/types\/page"}],"author":[{"embeddable":true,"href":"https:\/\/modulolda.com\/it\/wp-json\/wp\/v2\/users\/1"}],"replies":[{"embeddable":true,"href":"https:\/\/modulolda.com\/it\/wp-json\/wp\/v2\/comments?post=4659"}],"version-history":[{"count":5,"href":"https:\/\/modulolda.com\/it\/wp-json\/wp\/v2\/pages\/4659\/revisions"}],"predecessor-version":[{"id":4825,"href":"https:\/\/modulolda.com\/it\/wp-json\/wp\/v2\/pages\/4659\/revisions\/4825"}],"wp:attachment":[{"href":"https:\/\/modulolda.com\/it\/wp-json\/wp\/v2\/media?parent=4659"}],"curies":[{"name":"wp","href":"https:\/\/api.w.org\/{rel}","templated":true}]}}