{"id":3442,"date":"2022-06-21T09:30:27","date_gmt":"2022-06-21T09:30:27","guid":{"rendered":"http:\/\/modulolda.com\/autres-partenariats\/"},"modified":"2022-07-14T14:55:57","modified_gmt":"2022-07-14T14:55:57","slug":"autres-partenariats","status":"publish","type":"page","link":"https:\/\/modulolda.com\/fr\/autres-partenariats\/","title":{"rendered":"Autres Partenariats"},"content":{"rendered":"<p>[vc_row][vc_column]<div id=\"sc_title_1829684739\"\r\n\t\tclass=\"sc_title sc_title_default\"><h2 class=\"sc_item_title sc_title_title sc_align_center sc_item_title_style_default sc_item_title_tag\">Partenariats<\/h2><\/div><!-- \/.sc_title -->[vc_column_text]<div class=\"wpb_column vc_column_container vc_col-sm-12 sc_layouts_column_icons_position_left\">\r\n\t\t\t<div class=\"parceiro_single col-md-12\">\r\n\t\t\t\t<div class=\"col-md-4\" style=\"float:left; text-align:center\">\r\n\t\t\t\t\t<img decoding=\"async\" src=\"https:\/\/modulolda.com\/wp-content\/uploads\/2023\/12\/craveiro-grupo.png\"\/>\r\n\t\t\t\t<\/div>\r\n\t\t\t\t<div class=\"col-md-8\" style=\"float:left\">\r\n\t\t\t\t\t<div class=\"parceiro_descricao\"><\/div>\r\n\t\t\t\t\t<a target=\"_blank\" style=\"margin-top:2rem\" href=\"https:\/\/craveiromobiliario.com\/\" id=\"sc_button_766964789 \" class=\"custom_button_link sc_button sc_button_default sc_button_size_normal sc_button_icon_left sc_button_hover_slide_left sc_button_hover_style_alter\">\r\n\t\t\t<span class=\"sc_button_text\"><span class=\"sc_button_title\">En savoir Plus<\/span><\/span><!-- \/.sc_button_text -->\r\n\t\t<\/a>\r\n\t\t\t\t<\/div>\r\n\t\t<\/div>\r\n\t\t<div style=\"clear:both\"><\/div><div class=\"parceiro_single col-md-12\">\r\n\t\t\t\t<div class=\"col-md-4\" style=\"float:left; text-align:center\">\r\n\t\t\t\t\t<img decoding=\"async\" src=\"https:\/\/modulolda.com\/wp-content\/uploads\/2021\/12\/Soledade-e-Filhos.png\"\/>\r\n\t\t\t\t<\/div>\r\n\t\t\t\t<div class=\"col-md-8\" style=\"float:left\">\r\n\t\t\t\t\t<div class=\"parceiro_descricao\">La soci\u00e9t\u00e9 SF-Soledade & Filhos Lda. est une r\u00e9f\u00e9rence sur le march\u00e9 de la peinture automobile dans les produits nonpaint, Construction civile de ces peintures aux syst\u00e8mes d\u2019isolation thermique et peintures pour le secteur industriel, Epis de s\u00e9curit\u00e9, Planchers et c\u00e9ramiques de haute qualit\u00e9 , outils \u00e0 main, lubrifiants sp\u00e9ciaux, entre autres domaines dans lesquels l\u2019entreprise est impliqu\u00e9e.<\/div>\r\n\t\t\t\t\t<a target=\"_blank\" style=\"margin-top:2rem\" href=\"https:\/\/www.soledadelda.com\/\" id=\"sc_button_766964789 \" class=\"custom_button_link sc_button sc_button_default sc_button_size_normal sc_button_icon_left sc_button_hover_slide_left sc_button_hover_style_alter\">\r\n\t\t\t<span class=\"sc_button_text\"><span class=\"sc_button_title\">En savoir Plus<\/span><\/span><!-- \/.sc_button_text -->\r\n\t\t<\/a>\r\n\t\t\t\t<\/div>\r\n\t\t<\/div>\r\n\t\t<div style=\"clear:both\"><\/div><div class=\"parceiro_single col-md-12\">\r\n\t\t\t\t<div class=\"col-md-4\" style=\"float:left; text-align:center\">\r\n\t\t\t\t\t<img decoding=\"async\" src=\"https:\/\/modulolda.com\/wp-content\/uploads\/2021\/12\/OCP.jpg\"\/>\r\n\t\t\t\t<\/div>\r\n\t\t\t\t<div class=\"col-md-8\" style=\"float:left\">\r\n\t\t\t\t\t<div class=\"parceiro_descricao\">L\u2019 Oliveira & Cunha Pereira, Lda. (OCP) est une entreprise bas\u00e9e dans la r\u00e9gion de Barcelos - Portugal, qui a commenc\u00e9 ses activit\u00e9s en 2001 dans la fourniture et l\u2019application de faux plafonds, de cloisons et de solutions d\u2019isolation thermique et acoustique.<\/div>\r\n\t\t\t\t\t<a target=\"_blank\" style=\"margin-top:2rem\" href=\"https:\/\/www.ocprevestimentos.com\/\" id=\"sc_button_766964789 \" class=\"custom_button_link sc_button sc_button_default sc_button_size_normal sc_button_icon_left sc_button_hover_slide_left sc_button_hover_style_alter\">\r\n\t\t\t<span class=\"sc_button_text\"><span class=\"sc_button_title\">En savoir Plus<\/span><\/span><!-- \/.sc_button_text -->\r\n\t\t<\/a>\r\n\t\t\t\t<\/div>\r\n\t\t<\/div>\r\n\t\t<div style=\"clear:both\"><\/div><div class=\"parceiro_single col-md-12\">\r\n\t\t\t\t<div class=\"col-md-4\" style=\"float:left; text-align:center\">\r\n\t\t\t\t\t<img decoding=\"async\" src=\"https:\/\/modulolda.com\/wp-content\/uploads\/2021\/12\/Madeiras-Sardinha.jpg\"\/>\r\n\t\t\t\t<\/div>\r\n\t\t\t\t<div class=\"col-md-8\" style=\"float:left\">\r\n\t\t\t\t\t<div class=\"parceiro_descricao\">Depuis 1981, ils se consacrent \u00e0 l\u2019extraction et \u00e0 la sciure de mad\u00e8re d\u2019 A\u00e7ores, pour les menuiseries, les constructions civiles, les structures, les maisons en bois et les travaux sur mesure.<\/div>\r\n\t\t\t\t\t<a target=\"_blank\" style=\"margin-top:2rem\" href=\"https:\/\/www.facebook.com\/MadeirasSardinha\/\" id=\"sc_button_766964789 \" class=\"custom_button_link sc_button sc_button_default sc_button_size_normal sc_button_icon_left sc_button_hover_slide_left sc_button_hover_style_alter\">\r\n\t\t\t<span class=\"sc_button_text\"><span class=\"sc_button_title\">En savoir Plus<\/span><\/span><!-- \/.sc_button_text -->\r\n\t\t<\/a>\r\n\t\t\t\t<\/div>\r\n\t\t<\/div>\r\n\t\t<div style=\"clear:both\"><\/div><div class=\"parceiro_single col-md-12\">\r\n\t\t\t\t<div class=\"col-md-4\" style=\"float:left; text-align:center\">\r\n\t\t\t\t\t<img decoding=\"async\" src=\"https:\/\/modulolda.com\/wp-content\/uploads\/2021\/12\/Jose-Freitas.jpg\"\/>\r\n\t\t\t\t<\/div>\r\n\t\t\t\t<div class=\"col-md-8\" style=\"float:left\">\r\n\t\t\t\t\t<div class=\"parceiro_descricao\">La JFreitas Constru\u00e7\u00e3o commercialise et distribue des mat\u00e9riaux de construction pour les finitions, les accessoires et les compl\u00e9ments de salle de bains et de cuisine, bricolage, outils manuels et \u00e9lectriques.<\/div>\r\n\t\t\t\t\t<a target=\"_blank\" style=\"margin-top:2rem\" href=\"https:\/\/jfreitas.eu\/\" id=\"sc_button_766964789 \" class=\"custom_button_link sc_button sc_button_default sc_button_size_normal sc_button_icon_left sc_button_hover_slide_left sc_button_hover_style_alter\">\r\n\t\t\t<span class=\"sc_button_text\"><span class=\"sc_button_title\">En savoir Plus<\/span><\/span><!-- \/.sc_button_text -->\r\n\t\t<\/a>\r\n\t\t\t\t<\/div>\r\n\t\t<\/div>\r\n\t\t<div style=\"clear:both\"><\/div><div class=\"parceiro_single col-md-12\">\r\n\t\t\t\t<div class=\"col-md-4\" style=\"float:left; text-align:center\">\r\n\t\t\t\t\t<img decoding=\"async\" src=\"https:\/\/modulolda.com\/wp-content\/uploads\/2021\/12\/Irmaos-Duarte.jpg\"\/>\r\n\t\t\t\t<\/div>\r\n\t\t\t\t<div class=\"col-md-8\" style=\"float:left\">\r\n\t\t\t\t\t<div class=\"parceiro_descricao\">Ils sont une entreprise certifi\u00e9e et agr\u00e9\u00e9e par INCI via la Licence de construction num\u00e9ro 20118. Ils disposent d\u2019une excellente part de march\u00e9 qui s\u2019\u00e9tend sur toute l\u2019\u00eele de S\u00e3o Miguel mais qui a une incidence particuli\u00e8re sur les communes de Povoa\u00e7\u00e3o et du Nordeste. Sur la route de la Lomba do Lou\u00e7\u00e3o, vous trouverez ses chantiers o\u00f9 se concentre le parc de machines, de voitures et d\u2019\u00e9quipements. Toujours dans les chantiers navals de l\u2019entreprise se trouve la centrale \u00e0 b\u00e9ton pr\u00eat, enti\u00e8rement automatis\u00e9 et avec une capacit\u00e9 de r\u00e9ponse d\u2019environ 40 m\u00e8tres cubes\/heure. Ils disposent \u00e9galement d\u2019une piste de fabrication de blocs ainsi que de poutres avec et sans renfort.<\/div>\r\n\t\t\t\t\t<a target=\"_blank\" style=\"margin-top:2rem\" href=\"http:\/\/irmaosduarte.pt\/index.html\" id=\"sc_button_766964789 \" class=\"custom_button_link sc_button sc_button_default sc_button_size_normal sc_button_icon_left sc_button_hover_slide_left sc_button_hover_style_alter\">\r\n\t\t\t<span class=\"sc_button_text\"><span class=\"sc_button_title\">En savoir Plus<\/span><\/span><!-- \/.sc_button_text -->\r\n\t\t<\/a>\r\n\t\t\t\t<\/div>\r\n\t\t<\/div>\r\n\t\t<div style=\"clear:both\"><\/div><div class=\"parceiro_single col-md-12\">\r\n\t\t\t\t<div class=\"col-md-4\" style=\"float:left; text-align:center\">\r\n\t\t\t\t\t<img decoding=\"async\" src=\"https:\/\/modulolda.com\/wp-content\/uploads\/2021\/12\/AzorDuarte.jpg\"\/>\r\n\t\t\t\t<\/div>\r\n\t\t\t\t<div class=\"col-md-8\" style=\"float:left\">\r\n\t\t\t\t\t<div class=\"parceiro_descricao\">Vente de mat\u00e9riaux de construction, machines et outils, appareils \u00e9lectrom\u00e9nagers, mat\u00e9riel informatique et logiciels.<\/div>\r\n\t\t\t\t\t<a target=\"_blank\" style=\"margin-top:2rem\" href=\"https:\/\/www.facebook.com\/azorduartelda\/\" id=\"sc_button_766964789 \" class=\"custom_button_link sc_button sc_button_default sc_button_size_normal sc_button_icon_left sc_button_hover_slide_left sc_button_hover_style_alter\">\r\n\t\t\t<span class=\"sc_button_text\"><span class=\"sc_button_title\">En savoir Plus<\/span><\/span><!-- \/.sc_button_text -->\r\n\t\t<\/a>\r\n\t\t\t\t<\/div>\r\n\t\t<\/div>\r\n\t\t<div style=\"clear:both\"><\/div>\r\n\t<\/div>[\/vc_column_text][\/vc_column][\/vc_row][vc_row][vc_column]<div id=\"sc_title_952153837\"\r\n\t\tclass=\"sc_title sc_title_default\"><h2 class=\"sc_item_title sc_title_title sc_align_center sc_item_title_style_default sc_item_title_tag\">Autres Partenariats<\/h2><\/div><!-- \/.sc_title -->[vc_column_text]<div class=\"outras_parcerias_container\">\r\n\t\t\t\r\n\t<\/div>[\/vc_column_text][\/vc_column][\/vc_row]<\/p>\n","protected":false},"excerpt":{"rendered":"<p>[vc_row][vc_column][vc_column_text][\/vc_column_text][\/vc_column][\/vc_row][vc_row][vc_column][vc_column_text][\/vc_column_text][\/vc_column][\/vc_row]<\/p>\n","protected":false},"author":1,"featured_media":0,"parent":0,"menu_order":0,"comment_status":"closed","ping_status":"closed","template":"","meta":{"footnotes":""},"class_list":["post-3442","page","type-page","status-publish","hentry"],"yoast_head":"<!-- This site is optimized with the Yoast SEO plugin v17.8 - https:\/\/yoast.com\/wordpress\/plugins\/seo\/ -->\n<title>Autres Partenariats - M\u00f3dulo Racional<\/title>\n<meta name=\"description\" content=\"Sans ces partenaires, nous ne serions pas l\u2019entreprise que nous sommes actuellement. La qualit\u00e9 est \u00e9galement importante.\" \/>\n<meta name=\"robots\" content=\"index, follow, max-snippet:-1, max-image-preview:large, max-video-preview:-1\" \/>\n<link rel=\"canonical\" href=\"https:\/\/modulolda.com\/fr\/autres-partenariats\/\" \/>\n<meta property=\"og:locale\" content=\"fr_FR\" \/>\n<meta property=\"og:type\" content=\"article\" \/>\n<meta property=\"og:title\" content=\"Autres Partenariats - M\u00f3dulo Racional\" \/>\n<meta property=\"og:description\" content=\"Sans ces partenaires, nous ne serions pas l\u2019entreprise que nous sommes actuellement. La qualit\u00e9 est \u00e9galement importante.\" \/>\n<meta property=\"og:url\" content=\"https:\/\/modulolda.com\/fr\/autres-partenariats\/\" \/>\n<meta property=\"og:site_name\" content=\"M\u00f3dulo Racional\" \/>\n<meta property=\"article:modified_time\" content=\"2022-07-14T14:55:57+00:00\" \/>\n<meta name=\"twitter:card\" content=\"summary_large_image\" \/>\n<meta name=\"twitter:label1\" content=\"Dur\u00e9e de lecture estim\u00e9e\" \/>\n\t<meta name=\"twitter:data1\" content=\"1 minute\" \/>\n<script type=\"application\/ld+json\" class=\"yoast-schema-graph\">{\"@context\":\"https:\/\/schema.org\",\"@graph\":[{\"@type\":\"WebSite\",\"@id\":\"https:\/\/modulolda.com\/#website\",\"url\":\"https:\/\/modulolda.com\/\",\"name\":\"M\\u00f3dulo Racional\",\"description\":\"\",\"potentialAction\":[{\"@type\":\"SearchAction\",\"target\":{\"@type\":\"EntryPoint\",\"urlTemplate\":\"https:\/\/modulolda.com\/?s={search_term_string}\"},\"query-input\":\"required name=search_term_string\"}],\"inLanguage\":\"fr-FR\"},{\"@type\":\"WebPage\",\"@id\":\"https:\/\/modulolda.com\/fr\/autres-partenariats\/#webpage\",\"url\":\"https:\/\/modulolda.com\/fr\/autres-partenariats\/\",\"name\":\"Autres Partenariats - M\\u00f3dulo Racional\",\"isPartOf\":{\"@id\":\"https:\/\/modulolda.com\/#website\"},\"datePublished\":\"2022-06-21T09:30:27+00:00\",\"dateModified\":\"2022-07-14T14:55:57+00:00\",\"description\":\"Sans ces partenaires, nous ne serions pas l\\u2019entreprise que nous sommes actuellement. La qualit\\u00e9 est \\u00e9galement importante.\",\"breadcrumb\":{\"@id\":\"https:\/\/modulolda.com\/fr\/autres-partenariats\/#breadcrumb\"},\"inLanguage\":\"fr-FR\",\"potentialAction\":[{\"@type\":\"ReadAction\",\"target\":[\"https:\/\/modulolda.com\/fr\/autres-partenariats\/\"]}]},{\"@type\":\"BreadcrumbList\",\"@id\":\"https:\/\/modulolda.com\/fr\/autres-partenariats\/#breadcrumb\",\"itemListElement\":[{\"@type\":\"ListItem\",\"position\":1,\"name\":\"In\\u00edcio\",\"item\":\"https:\/\/modulolda.com\/fr\/\"},{\"@type\":\"ListItem\",\"position\":2,\"name\":\"Autres Partenariats\"}]}]}<\/script>\n<!-- \/ Yoast SEO plugin. -->","yoast_head_json":{"title":"Autres Partenariats - M\u00f3dulo Racional","description":"Sans ces partenaires, nous ne serions pas l\u2019entreprise que nous sommes actuellement. La qualit\u00e9 est \u00e9galement importante.","robots":{"index":"index","follow":"follow","max-snippet":"max-snippet:-1","max-image-preview":"max-image-preview:large","max-video-preview":"max-video-preview:-1"},"canonical":"https:\/\/modulolda.com\/fr\/autres-partenariats\/","og_locale":"fr_FR","og_type":"article","og_title":"Autres Partenariats - M\u00f3dulo Racional","og_description":"Sans ces partenaires, nous ne serions pas l\u2019entreprise que nous sommes actuellement. La qualit\u00e9 est \u00e9galement importante.","og_url":"https:\/\/modulolda.com\/fr\/autres-partenariats\/","og_site_name":"M\u00f3dulo Racional","article_modified_time":"2022-07-14T14:55:57+00:00","twitter_card":"summary_large_image","twitter_misc":{"Dur\u00e9e de lecture estim\u00e9e":"1 minute"},"schema":{"@context":"https:\/\/schema.org","@graph":[{"@type":"WebSite","@id":"https:\/\/modulolda.com\/#website","url":"https:\/\/modulolda.com\/","name":"M\u00f3dulo Racional","description":"","potentialAction":[{"@type":"SearchAction","target":{"@type":"EntryPoint","urlTemplate":"https:\/\/modulolda.com\/?s={search_term_string}"},"query-input":"required name=search_term_string"}],"inLanguage":"fr-FR"},{"@type":"WebPage","@id":"https:\/\/modulolda.com\/fr\/autres-partenariats\/#webpage","url":"https:\/\/modulolda.com\/fr\/autres-partenariats\/","name":"Autres Partenariats - M\u00f3dulo Racional","isPartOf":{"@id":"https:\/\/modulolda.com\/#website"},"datePublished":"2022-06-21T09:30:27+00:00","dateModified":"2022-07-14T14:55:57+00:00","description":"Sans ces partenaires, nous ne serions pas l\u2019entreprise que nous sommes actuellement. La qualit\u00e9 est \u00e9galement importante.","breadcrumb":{"@id":"https:\/\/modulolda.com\/fr\/autres-partenariats\/#breadcrumb"},"inLanguage":"fr-FR","potentialAction":[{"@type":"ReadAction","target":["https:\/\/modulolda.com\/fr\/autres-partenariats\/"]}]},{"@type":"BreadcrumbList","@id":"https:\/\/modulolda.com\/fr\/autres-partenariats\/#breadcrumb","itemListElement":[{"@type":"ListItem","position":1,"name":"In\u00edcio","item":"https:\/\/modulolda.com\/fr\/"},{"@type":"ListItem","position":2,"name":"Autres Partenariats"}]}]}},"_links":{"self":[{"href":"https:\/\/modulolda.com\/fr\/wp-json\/wp\/v2\/pages\/3442","targetHints":{"allow":["GET"]}}],"collection":[{"href":"https:\/\/modulolda.com\/fr\/wp-json\/wp\/v2\/pages"}],"about":[{"href":"https:\/\/modulolda.com\/fr\/wp-json\/wp\/v2\/types\/page"}],"author":[{"embeddable":true,"href":"https:\/\/modulolda.com\/fr\/wp-json\/wp\/v2\/users\/1"}],"replies":[{"embeddable":true,"href":"https:\/\/modulolda.com\/fr\/wp-json\/wp\/v2\/comments?post=3442"}],"version-history":[{"count":3,"href":"https:\/\/modulolda.com\/fr\/wp-json\/wp\/v2\/pages\/3442\/revisions"}],"predecessor-version":[{"id":3796,"href":"https:\/\/modulolda.com\/fr\/wp-json\/wp\/v2\/pages\/3442\/revisions\/3796"}],"wp:attachment":[{"href":"https:\/\/modulolda.com\/fr\/wp-json\/wp\/v2\/media?parent=3442"}],"curies":[{"name":"wp","href":"https:\/\/api.w.org\/{rel}","templated":true}]}}