{"id":3434,"date":"2022-06-21T09:22:16","date_gmt":"2022-06-21T09:22:16","guid":{"rendered":"http:\/\/modulolda.com\/contacts\/"},"modified":"2022-07-14T14:32:50","modified_gmt":"2022-07-14T14:32:50","slug":"contacts","status":"publish","type":"page","link":"https:\/\/modulolda.com\/fr\/contacts\/","title":{"rendered":"Contacts"},"content":{"rendered":"<p>[vc_row equal_height=\u00a0\u00bbyes\u00a0\u00bb el_id=\u00a0\u00bbinvisible_title\u00a0\u00bb][vc_column][vc_empty_space alter_height=\u00a0\u00bbhuge\u00a0\u00bb hide_on_mobile=\u00a0\u00bb\u00a0\u00bb css=\u00a0\u00bb.vc_custom_1493811684408{margin-top: -0.6rem !important;}\u00a0\u00bb][\/vc_column][vc_column css=\u00a0\u00bb.vc_custom_1494319332428{margin-right: -15px !important;}\u00a0\u00bb offset=\u00a0\u00bbvc_col-lg-6 vc_col-md-6&Prime;]<div id=\"sc_googlemap_1832282896_wrap\" class=\"sc_googlemap_wrap\"><div id=\"sc_googlemap_1832282896\"\r\n\t\t\tclass=\"sc_googlemap sc_googlemap_default\"\r\n\t\t\t style=\"width:100%;height:480px;\"\t\t\tdata-zoom=\"13\"\r\n\t\t\tdata-style=\"grey\"\r\n\t\t\tdata-cluster-icon=\"\"\r\n        ><iframe\r\n                    src=\"https:\/\/maps.google.com\/maps?t=m&output=embed&iwloc=near&z=13&q=53+Queens+Midtown+Expy+Woodside%2C+NY+11377\"\r\n                    scrolling=\"no\"\r\n                    marginheight=\"0\"\r\n                    marginwidth=\"0\"\r\n                    frameborder=\"0\"\r\n                    aria-label=\"One\"><\/iframe><\/div><\/div><!-- \/.sc_googlemap_wrap -->[\/vc_column][vc_column scheme=\u00a0\u00bbdark\u00a0\u00bb css=\u00a0\u00bb.vc_custom_1494319340483{margin-top: 1.9rem !important;margin-right: 15px !important;padding-left: 4.7rem !important;background-color: #406870 !important;}\u00a0\u00bb offset=\u00a0\u00bbvc_col-lg-6 vc_col-md-6&Prime;][vc_empty_space alter_height=\u00a0\u00bblarge\u00a0\u00bb hide_on_mobile=\u00a0\u00bb\u00a0\u00bb]<div id=\"sc_title_2080741806\"\r\n\t\tclass=\"sc_title sc_title_default\"><h3 class=\"sc_item_title sc_title_title sc_align_left sc_item_title_style_default\">ProRange <i>Painting<\/i><\/h3><\/div><!-- \/.sc_title -->[vc_empty_space height=\u00a0\u00bb1.7rem\u00a0\u00bb alter_height=\u00a0\u00bbnone\u00a0\u00bb hide_on_mobile=\u00a0\u00bb\u00a0\u00bb][vc_column_text]1212 Paint Valley Road<br \/>\nEast Rutherford, NY 06192<\/p>\n<p>Phone: <a href=\"tel:123-456-7890\">123-456-7890<\/a><br \/>\nEmail: <a href=\"mailto:info@yoursite.com\">info@yoursite.com<\/a>[\/vc_column_text][vc_row_inner][vc_column_inner offset=\u00a0\u00bbvc_hidden-lg vc_hidden-md\u00a0\u00bb][vc_empty_space alter_height=\u00a0\u00bbmedium\u00a0\u00bb hide_on_mobile=\u00a0\u00bb\u00a0\u00bb][\/vc_column_inner][\/vc_row_inner][\/vc_column][vc_column scheme=\u00a0\u00bbdark\u00a0\u00bb offset=\u00a0\u00bbvc_col-lg-offset-5 vc_col-lg-7 vc_col-md-offset-5 vc_col-md-7 vc_col-sm-offset-0&Prime; css=\u00a0\u00bb.vc_custom_1494319399027{margin-right: 15px !important;margin-left: -15px !important;background-color: #406870 !important;}\u00a0\u00bb][vc_empty_space height=\u00a0\u00bb1.85rem\u00a0\u00bb alter_height=\u00a0\u00bbnone\u00a0\u00bb hide_on_mobile=\u00a0\u00bb\u00a0\u00bb][\/vc_column][vc_column][vc_empty_space alter_height=\u00a0\u00bbhuge\u00a0\u00bb hide_on_mobile=\u00a0\u00bb\u00a0\u00bb css=\u00a0\u00bb.vc_custom_1493812784829{margin-bottom: -0.7rem !important;}\u00a0\u00bb][\/vc_column][\/vc_row][vc_row][vc_column][vc_column_text]<div class=\"vc_row wpb_row vc_row-fluid vc_row-o-equal-height vc_row-flex\">\r\n\t\t <div class=\"wpb_column vc_column_container vc_col-sm-12 sc_layouts_column_icons_position_left\">\r\n\t\t\t\t<div class=\"vc_column-inner\">\r\n\t\t\t\t\t <div class=\"wpb_wrapper\">\r\n\t\t\t\t\t\t\t<div class=\"vc_empty_space  vc_custom_1493811684408 height_huge\" style=\"height: 32px\"><span class=\"vc_empty_space_inner\"><\/span><\/div>\r\n\t\t\t\t\t <\/div>\r\n\t\t\t\t<\/div>\r\n\t\t <\/div>\r\n\t\t <div class=\"wpb_column vc_column_container vc_col-sm-12 vc_col-lg-6 vc_col-md-6 sc_layouts_column_icons_position_left\">\r\n\t\t\t\t<div class=\"vc_column-inner vc_custom_1494319332428\" >\r\n\t\t\t\t\t <div class=\"wpb_wrapper\">\r\n\t\t\t\t\t\t\t<div id=\"container_map_contact\" class=\"sc_googlemap_wrap\">\r\n\t\t\t\t\t\t\t\t <div id=\"sc_googlemap_564860359\" class=\"sc_googlemap sc_googlemap_default\" style=\"width:100%;height:480px;\" data-zoom=\"13\" data-style=\"grey\" data-cluster-icon=\"\"><iframe src=\"https:\/\/www.google.com\/maps\/embed?pb=!1m18!1m12!1m3!1d12604.816580159484!2d-25.155000809278157!3d37.83210642355449!2m3!1f0!2f0!3f0!3m2!1i1024!2i768!4f13.1!3m3!1m2!1s0xb5d1d885925b045%3A0x9f07bb21b2319e8d!2sNordeste!5e0!3m2!1spt-PT!2spt!4v1651597938834!5m2!1spt-PT!2spt\" width=\"600\" height=\"450\" style=\"border:0;\" allowfullscreen=\"\" loading=\"lazy\" referrerpolicy=\"no-referrer-when-downgrade\"><\/iframe><\/div>\r\n\t\t\t\t\t\t\t<\/div>\r\n\t\t\t\t\t\t\t<!-- \/.sc_googlemap_wrap -->\r\n\t\t\t\t\t <\/div>\r\n\t\t\t\t<\/div>\r\n\t\t <\/div>\r\n\t\t <div class=\"wpb_column vc_column_container vc_col-sm-12 vc_col-lg-6 vc_col-md-6 vc_col-has-fill sc_layouts_column_icons_position_left scheme_dark\">\r\n\t\t\t\t<div class=\"vc_column-inner vc_custom_1494319340483\" style=\"background-color:#00396c!important\">\r\n\t\t\t\t\t <div class=\"wpb_wrapper\">\r\n\t\t\t\t\t\t\t<div class=\"vc_empty_space  height_large\" style=\"height: 32px\"><span class=\"vc_empty_space_inner\"><\/span><\/div>\r\n\t\t\t\t\t\t\t<div id=\"sc_title_1640528868\" class=\"sc_title sc_title_default\">\r\n\t\t\t\t\t\t\t\t <h2 style=\"color:white!important \"class=\"custom_after_text sc_item_title sc_title_title sc_align_left sc_item_title_style_default\">M\u00f3dulo Racional<\/h2>\r\n\t\t\t\t\t\t\t<\/div>\r\n\t\t\t\t\t\t\t<!-- \/.sc_title -->\r\n\t\t\t\t\t\t\t<div class=\"vc_empty_space\" style=\"height: 1.7rem\"><span class=\"vc_empty_space_inner\"><\/span><\/div>\r\n\t\t\t\t\t\t\t<div class=\"wpb_text_column wpb_content_element \">\r\n\t\t\t\t\t\t\t\t <div class=\"wpb_wrapper content_contactos\">\r\n\t\t\t\t\t\t\t\t <div class=\"wpb_text_column wpb_content_element \">\n<div class=\"wpb_wrapper\">\n<p>Adresse: Rua Caminho Ch\u00e3, n\u00ba6<br \/>\n9630-227 Nordeste<\/p>\n<\/div>\n<\/div>\n<p>T\u00e9l\u00e9phone: 918 840 250<\/p>\n<p>Email: moduloracionallda@gmail.com<\/p>\n<p>Horaire: 8h00 &#8211; 17h00<\/p>\n\r\n\t\t\t\t\t\t\t\t <\/div>\r\n\t\t\t\t\t\t\t<\/div>\r\n\t\t\t\t\t\t\t<div class=\"vc_row wpb_row vc_inner vc_row-fluid\">\r\n\t\t\t\t\t\t\t\t <div class=\"wpb_column vc_column_container vc_col-sm-12 vc_hidden-lg vc_hidden-md sc_layouts_column_icons_position_left\">\r\n\t\t\t\t\t\t\t\t\t\t<div class=\"vc_column-inner\">\r\n\t\t\t\t\t\t\t\t\t\t\t <div class=\"wpb_wrapper\">\r\n\t\t\t\t\t\t\t\t\t\t\t\t\t<div class=\"vc_empty_space  height_medium\" style=\"height: 32px\"><span class=\"vc_empty_space_inner\"><\/span><\/div>\r\n\t\t\t\t\t\t\t\t\t\t\t <\/div>\r\n\t\t\t\t\t\t\t\t\t\t<\/div>\r\n\t\t\t\t\t\t\t\t <\/div>\r\n\t\t\t\t\t\t\t<\/div>\r\n\t\t\t\t\t <\/div>\r\n\t\t\t\t<\/div>\r\n\t\t <\/div>\r\n\t\t <div class=\"wpb_column vc_column_container vc_col-sm-12 vc_col-lg-offset-5 vc_col-lg-7 vc_col-md-offset-5 vc_col-md-7 vc_col-sm-offset-0 vc_col-has-fill sc_layouts_column_icons_position_left scheme_dark\">\r\n\t\t\t\t<div class=\"vc_column-inner vc_custom_1494319399027\" style=\"background-color:#00396c!important\">\r\n\t\t\t\t\t <div class=\"wpb_wrapper\">\r\n\t\t\t\t\t\t\t<div class=\"vc_empty_space\" style=\"height: 1.85rem\"><span class=\"vc_empty_space_inner\"><\/span><\/div>\r\n\t\t\t\t\t <\/div>\r\n\t\t\t\t<\/div>\r\n\t\t <\/div>\r\n\t\t <div class=\"wpb_column vc_column_container vc_col-sm-12 sc_layouts_column_icons_position_left\">\r\n\t\t\t\t<div class=\"vc_column-inner\">\r\n\t\t\t\t\t <div class=\"wpb_wrapper\">\r\n\t\t\t\t\t\t\t<div class=\"vc_empty_space  vc_custom_1493812784829 height_huge\" style=\"height: 32px\"><span class=\"vc_empty_space_inner\"><\/span><\/div>\r\n\t\t\t\t\t <\/div>\r\n\t\t\t\t<\/div>\r\n\t\t <\/div>\r\n\t<\/div>[\/vc_column_text][\/vc_column][\/vc_row][vc_row full_width=\u00a0\u00bbstretch_row\u00a0\u00bb css=\u00a0\u00bb.vc_custom_1490352932879{background-color: #f0f4f7 !important;}\u00a0\u00bb][vc_column offset=\u00a0\u00bbvc_col-md-offset-3 vc_col-md-6&Prime;][vc_empty_space alter_height=\u00a0\u00bblarge\u00a0\u00bb hide_on_mobile=\u00a0\u00bb\u00a0\u00bb css=\u00a0\u00bb.vc_custom_1493813024603{margin-top: 1rem !important;}\u00a0\u00bb][vc_column_text]<div id=\"sc_title_1735540884\" class=\"sc_title sc_title_default\">\r\n\t<h2 class=\"sc_item_title sc_title_title sc_align_center sc_item_title_style_default\">Formulaire de contact<\/h2>\r\n\t<\/div>[\/vc_column_text][vc_empty_space alter_height=\u00a0\u00bbmedium\u00a0\u00bb hide_on_mobile=\u00a0\u00bb\u00a0\u00bb]<div role=\"form\" class=\"wpcf7\" id=\"wpcf7-f3659-o1\" lang=\"fr-FR\" dir=\"ltr\">\n<div class=\"screen-reader-response\"><p role=\"status\" aria-live=\"polite\" aria-atomic=\"true\"><\/p> <ul><\/ul><\/div>\n<form action=\"\/fr\/wp-json\/wp\/v2\/pages\/3434#wpcf7-f3659-o1\" method=\"post\" class=\"wpcf7-form init\" novalidate=\"novalidate\" data-status=\"init\">\n<div style=\"display: none;\">\n<input type=\"hidden\" name=\"_wpcf7\" value=\"3659\" \/>\n<input type=\"hidden\" name=\"_wpcf7_version\" value=\"5.5.3\" \/>\n<input type=\"hidden\" name=\"_wpcf7_locale\" value=\"fr_FR\" \/>\n<input type=\"hidden\" name=\"_wpcf7_unit_tag\" value=\"wpcf7-f3659-o1\" \/>\n<input type=\"hidden\" name=\"_wpcf7_container_post\" value=\"0\" \/>\n<input type=\"hidden\" name=\"_wpcf7_posted_data_hash\" value=\"\" \/>\n<input type=\"hidden\" name=\"_wpcf7_recaptcha_response\" value=\"\" \/>\n<\/div>\n<div class=\"columns_wrap\">\n<div class=\"column-1_2\"><span class=\"wpcf7-form-control-wrap your-name\"><input type=\"text\" name=\"your-name\" value=\"\" size=\"40\" class=\"wpcf7-form-control wpcf7-text wpcf7-validates-as-required\" aria-required=\"true\" aria-invalid=\"false\" placeholder=\"Nom\" \/><\/span><\/div>\n<div class=\"column-1_2\"><span class=\"wpcf7-form-control-wrap your-email\"><input type=\"email\" name=\"your-email\" value=\"\" size=\"40\" class=\"wpcf7-form-control wpcf7-text wpcf7-email wpcf7-validates-as-required wpcf7-validates-as-email\" aria-required=\"true\" aria-invalid=\"false\" placeholder=\"Email\" \/><\/span><\/div>\n<\/div>\n<div><span class=\"wpcf7-form-control-wrap your-message\"><textarea name=\"your-message\" cols=\"40\" rows=\"10\" class=\"wpcf7-form-control wpcf7-textarea\" aria-invalid=\"false\" placeholder=\"Message\"><\/textarea><\/span><\/div>\n<div style=\"display:flex\"><span class=\"wpcf7-form-control-wrap your-consent\"><span class=\"wpcf7-form-control wpcf7-acceptance\"><span class=\"wpcf7-list-item\"><label><input type=\"checkbox\" name=\"your-consent\" value=\"1\" aria-invalid=\"false\" \/><span class=\"wpcf7-list-item-label\">\u00a0<\/span><\/label><\/span><\/span><\/span>\n<p>J'ai lu et j'accepte les <a href=\"https:\/\/modulolda.com\/termos-condicoes\/\" target=\"_blank\">Termes et Conditions<\/a> et la <a href=\"https:\/\/modulolda.com\/politica-privacidade\/\" target=\"_blank\">Politique de Confidentialit\u00e9<\/a>.<\/p>\n<\/div>\n\n<p><input type=\"submit\" value=\"Soumettre\" class=\"wpcf7-form-control has-spinner wpcf7-submit\" \/><\/p>\n<div class=\"wpcf7-response-output\" aria-hidden=\"true\"><\/div><\/form><\/div>[vc_empty_space alter_height=\u00a0\u00bbmedium\u00a0\u00bb hide_on_mobile=\u00a0\u00bb\u00a0\u00bb][vc_empty_space alter_height=\u00a0\u00bbmedium\u00a0\u00bb hide_on_mobile=\u00a0\u00bb\u00a0\u00bb][vc_empty_space hide_on_mobile=\u00a0\u00bb\u00a0\u00bb][\/vc_column][\/vc_row]<\/p>\n","protected":false},"excerpt":{"rendered":"<p>[vc_row equal_height=\u00a0\u00bbyes\u00a0\u00bb el_id=\u00a0\u00bbinvisible_title\u00a0\u00bb][vc_column][vc_empty_space alter_height=\u00a0\u00bbhuge\u00a0\u00bb hide_on_mobile=\u00a0\u00bb\u00a0\u00bb css=\u00a0\u00bb.vc_custom_1493811684408{margin-top: -0.6rem !important;}\u00a0\u00bb][\/vc_column][vc_column css=\u00a0\u00bb.vc_custom_1494319332428{margin-right: -15px !important;}\u00a0\u00bb offset=\u00a0\u00bbvc_col-lg-6 vc_col-md-6&Prime;][\/vc_column][vc_column scheme=\u00a0\u00bbdark\u00a0\u00bb css=\u00a0\u00bb.vc_custom_1494319340483{margin-top: 1.9rem !important;margin-right: 15px !important;padding-left: 4.7rem !important;background-color: #406870 !important;}\u00a0\u00bb offset=\u00a0\u00bbvc_col-lg-6 vc_col-md-6&Prime;][vc_empty_space alter_height=\u00a0\u00bblarge\u00a0\u00bb hide_on_mobile=\u00a0\u00bb\u00a0\u00bb][vc_empty_space height=\u00a0\u00bb1.7rem\u00a0\u00bb alter_height=\u00a0\u00bbnone\u00a0\u00bb hide_on_mobile=\u00a0\u00bb\u00a0\u00bb][vc_column_text]1212 Paint Valley Road East Rutherford, NY 06192 Phone: 123-456-7890 Email:&hellip;<\/p>\n","protected":false},"author":1,"featured_media":0,"parent":0,"menu_order":0,"comment_status":"closed","ping_status":"closed","template":"","meta":{"footnotes":""},"class_list":["post-3434","page","type-page","status-publish","hentry"],"yoast_head":"<!-- This site is optimized with the Yoast SEO plugin v17.8 - https:\/\/yoast.com\/wordpress\/plugins\/seo\/ -->\n<title>R\u00e9novation de B\u00e2timents | Contacts - M\u00f3dulo Racional - A\u00e7ores<\/title>\n<meta name=\"description\" content=\"Avec un seul appel, vous r\u00e9aliserez le r\u00eave de vivre dans une maison enti\u00e8rement r\u00e9nov\u00e9e. Pr\u00e9parez-vous \u00e0 une grande transformation!\" \/>\n<meta name=\"robots\" content=\"index, follow, max-snippet:-1, max-image-preview:large, max-video-preview:-1\" \/>\n<link rel=\"canonical\" href=\"https:\/\/modulolda.com\/fr\/contacts\/\" \/>\n<meta property=\"og:locale\" content=\"fr_FR\" \/>\n<meta property=\"og:type\" content=\"article\" \/>\n<meta property=\"og:title\" content=\"R\u00e9novation de B\u00e2timents | Contacts - M\u00f3dulo Racional - A\u00e7ores\" \/>\n<meta property=\"og:description\" content=\"Avec un seul appel, vous r\u00e9aliserez le r\u00eave de vivre dans une maison enti\u00e8rement r\u00e9nov\u00e9e. Pr\u00e9parez-vous \u00e0 une grande transformation!\" \/>\n<meta property=\"og:url\" content=\"https:\/\/modulolda.com\/fr\/contacts\/\" \/>\n<meta property=\"og:site_name\" content=\"M\u00f3dulo Racional\" \/>\n<meta property=\"article:modified_time\" content=\"2022-07-14T14:32:50+00:00\" \/>\n<meta name=\"twitter:card\" content=\"summary_large_image\" \/>\n<meta name=\"twitter:label1\" content=\"Dur\u00e9e de lecture estim\u00e9e\" \/>\n\t<meta name=\"twitter:data1\" content=\"2 minutes\" \/>\n<script type=\"application\/ld+json\" class=\"yoast-schema-graph\">{\"@context\":\"https:\/\/schema.org\",\"@graph\":[{\"@type\":\"WebSite\",\"@id\":\"https:\/\/modulolda.com\/#website\",\"url\":\"https:\/\/modulolda.com\/\",\"name\":\"M\\u00f3dulo Racional\",\"description\":\"\",\"potentialAction\":[{\"@type\":\"SearchAction\",\"target\":{\"@type\":\"EntryPoint\",\"urlTemplate\":\"https:\/\/modulolda.com\/?s={search_term_string}\"},\"query-input\":\"required name=search_term_string\"}],\"inLanguage\":\"fr-FR\"},{\"@type\":\"WebPage\",\"@id\":\"https:\/\/modulolda.com\/fr\/contacts\/#webpage\",\"url\":\"https:\/\/modulolda.com\/fr\/contacts\/\",\"name\":\"R\\u00e9novation de B\\u00e2timents | Contacts - M\\u00f3dulo Racional - A\\u00e7ores\",\"isPartOf\":{\"@id\":\"https:\/\/modulolda.com\/#website\"},\"datePublished\":\"2022-06-21T09:22:16+00:00\",\"dateModified\":\"2022-07-14T14:32:50+00:00\",\"description\":\"Avec un seul appel, vous r\\u00e9aliserez le r\\u00eave de vivre dans une maison enti\\u00e8rement r\\u00e9nov\\u00e9e. Pr\\u00e9parez-vous \\u00e0 une grande transformation!\",\"breadcrumb\":{\"@id\":\"https:\/\/modulolda.com\/fr\/contacts\/#breadcrumb\"},\"inLanguage\":\"fr-FR\",\"potentialAction\":[{\"@type\":\"ReadAction\",\"target\":[\"https:\/\/modulolda.com\/fr\/contacts\/\"]}]},{\"@type\":\"BreadcrumbList\",\"@id\":\"https:\/\/modulolda.com\/fr\/contacts\/#breadcrumb\",\"itemListElement\":[{\"@type\":\"ListItem\",\"position\":1,\"name\":\"In\\u00edcio\",\"item\":\"https:\/\/modulolda.com\/fr\/\"},{\"@type\":\"ListItem\",\"position\":2,\"name\":\"Contacts\"}]}]}<\/script>\n<!-- \/ Yoast SEO plugin. -->","yoast_head_json":{"title":"R\u00e9novation de B\u00e2timents | Contacts - M\u00f3dulo Racional - A\u00e7ores","description":"Avec un seul appel, vous r\u00e9aliserez le r\u00eave de vivre dans une maison enti\u00e8rement r\u00e9nov\u00e9e. Pr\u00e9parez-vous \u00e0 une grande transformation!","robots":{"index":"index","follow":"follow","max-snippet":"max-snippet:-1","max-image-preview":"max-image-preview:large","max-video-preview":"max-video-preview:-1"},"canonical":"https:\/\/modulolda.com\/fr\/contacts\/","og_locale":"fr_FR","og_type":"article","og_title":"R\u00e9novation de B\u00e2timents | Contacts - M\u00f3dulo Racional - A\u00e7ores","og_description":"Avec un seul appel, vous r\u00e9aliserez le r\u00eave de vivre dans une maison enti\u00e8rement r\u00e9nov\u00e9e. Pr\u00e9parez-vous \u00e0 une grande transformation!","og_url":"https:\/\/modulolda.com\/fr\/contacts\/","og_site_name":"M\u00f3dulo Racional","article_modified_time":"2022-07-14T14:32:50+00:00","twitter_card":"summary_large_image","twitter_misc":{"Dur\u00e9e de lecture estim\u00e9e":"2 minutes"},"schema":{"@context":"https:\/\/schema.org","@graph":[{"@type":"WebSite","@id":"https:\/\/modulolda.com\/#website","url":"https:\/\/modulolda.com\/","name":"M\u00f3dulo Racional","description":"","potentialAction":[{"@type":"SearchAction","target":{"@type":"EntryPoint","urlTemplate":"https:\/\/modulolda.com\/?s={search_term_string}"},"query-input":"required name=search_term_string"}],"inLanguage":"fr-FR"},{"@type":"WebPage","@id":"https:\/\/modulolda.com\/fr\/contacts\/#webpage","url":"https:\/\/modulolda.com\/fr\/contacts\/","name":"R\u00e9novation de B\u00e2timents | Contacts - M\u00f3dulo Racional - A\u00e7ores","isPartOf":{"@id":"https:\/\/modulolda.com\/#website"},"datePublished":"2022-06-21T09:22:16+00:00","dateModified":"2022-07-14T14:32:50+00:00","description":"Avec un seul appel, vous r\u00e9aliserez le r\u00eave de vivre dans une maison enti\u00e8rement r\u00e9nov\u00e9e. Pr\u00e9parez-vous \u00e0 une grande transformation!","breadcrumb":{"@id":"https:\/\/modulolda.com\/fr\/contacts\/#breadcrumb"},"inLanguage":"fr-FR","potentialAction":[{"@type":"ReadAction","target":["https:\/\/modulolda.com\/fr\/contacts\/"]}]},{"@type":"BreadcrumbList","@id":"https:\/\/modulolda.com\/fr\/contacts\/#breadcrumb","itemListElement":[{"@type":"ListItem","position":1,"name":"In\u00edcio","item":"https:\/\/modulolda.com\/fr\/"},{"@type":"ListItem","position":2,"name":"Contacts"}]}]}},"_links":{"self":[{"href":"https:\/\/modulolda.com\/fr\/wp-json\/wp\/v2\/pages\/3434","targetHints":{"allow":["GET"]}}],"collection":[{"href":"https:\/\/modulolda.com\/fr\/wp-json\/wp\/v2\/pages"}],"about":[{"href":"https:\/\/modulolda.com\/fr\/wp-json\/wp\/v2\/types\/page"}],"author":[{"embeddable":true,"href":"https:\/\/modulolda.com\/fr\/wp-json\/wp\/v2\/users\/1"}],"replies":[{"embeddable":true,"href":"https:\/\/modulolda.com\/fr\/wp-json\/wp\/v2\/comments?post=3434"}],"version-history":[{"count":4,"href":"https:\/\/modulolda.com\/fr\/wp-json\/wp\/v2\/pages\/3434\/revisions"}],"predecessor-version":[{"id":3747,"href":"https:\/\/modulolda.com\/fr\/wp-json\/wp\/v2\/pages\/3434\/revisions\/3747"}],"wp:attachment":[{"href":"https:\/\/modulolda.com\/fr\/wp-json\/wp\/v2\/media?parent=3434"}],"curies":[{"name":"wp","href":"https:\/\/api.w.org\/{rel}","templated":true}]}}