{"id":3471,"date":"2022-06-21T09:58:23","date_gmt":"2022-06-21T09:58:23","guid":{"rendered":"http:\/\/modulolda.com\/sobre-nosotros\/"},"modified":"2022-07-14T14:25:30","modified_gmt":"2022-07-14T14:25:30","slug":"sobre-nosotros","status":"publish","type":"page","link":"https:\/\/modulolda.com\/es\/sobre-nosotros\/","title":{"rendered":"Sobre Nosotros"},"content":{"rendered":"<p>[vc_row full_width=\u00bbstretch_row_content_no_spaces\u00bb css=\u00bb.vc_custom_1640879793055{background-color: #ebeef0 !important;}\u00bb][vc_column][vc_column_text]<div class=\"vc_row wpb_row vc_row-fluid vc_custom_149061646341412 vc_row-has-fill\" >\r\n\t\t <div class=\"wpb_column vc_column_container vc_col-sm-12 sc_layouts_column_icons_position_left\">\r\n\t\t\t\t<div class=\"vc_column-inner\">\r\n\t\t\t\t\t <div class=\"wpb_wrapper\">\r\n\t\t\t\t\t\t\t<div class=\"vc_empty_space  vc_custom_149398791083412 height_huge\" style=\"height: 32px\"><span class=\"vc_empty_space_inner\"><\/span><\/div>\r\n\t\t\t\t\t <\/div>\r\n\t\t\t\t<\/div>\r\n\t\t <\/div>\r\n\t\t <div class=\"container\">\r\n\t\t <div style=\"padding-left:2rem; padding-right:2rem;\">\r\n\t\t <div class=\"wpb_column vc_column_container vc_col-sm-6 sc_layouts_column_icons_position_left\">\r\n\t\t\t\t<div class=\"vc_column-inner\">\r\n\t\t\t\t\t <div class=\"wpb_wrapper\">\r\n\t\t\t\t\t\t\t<div id=\"widget_video_85995308212\" class=\"widget_area sc_widget_video vc_widget_video wpb_content_element\">\r\n\t\t\t\t\t\t\t\t <aside id=\"widget_video_85995308212_widget\" class=\"widget widget_video\">\r\n\t\t\t\t\t\t\t\t\t\t<div class=\"trx_addons_video_player with_cover hover_play\">\r\n\t\t\t\t\t\t\t\t\t\t\t <img decoding=\"async\" src=\"https:\/\/modulolda.com\/wp-content\/uploads\/2022\/03\/IMG_9449-scaled.jpg\" alt=\"\" width=\"570\" height=\"424\">\r\n\t\t\t\t\t\t\t\t\t\t\t \r\n\t\t\t\t\t\t\t\t\t\t<\/div>\r\n\t\t\t\t\t\t\t\t <\/aside>\r\n\t\t\t\t\t\t\t<\/div>\r\n\t\t\t\t\t\t\t<div class=\"vc_empty_space  height_large\" style=\"height: 32px\"><span class=\"vc_empty_space_inner\"><\/span><\/div>\r\n\t\t\t\t\t <\/div>\r\n\t\t\t\t<\/div>\r\n\t\t <\/div>\r\n\t\t <div class=\"wpb_column vc_column_container vc_col-sm-6 sc_layouts_column_icons_position_left\">\r\n\t\t\t\t<div class=\"vc_column-inner vc_custom_149398793153412\" style=\"padding-left:3rem\">\r\n\t\t\t\t\t <div class=\"wpb_wrapper\">\r\n\t\t\t\t\t\t\t<div id=\"sc_title_714830663\" class=\"sc_title sc_title_default  vc_custom_149398794616112\">\r\n\t\t\t\t\t\t\t\t <h1 style=\"color:#00396c!important\" class=\"sc_item_title sc_title_title sc_align_left sc_item_title_style_default sc_item_title_tag\">Sobre el M\u00f3dulo Lda.<\/h1>\r\n\t\t\t\t\t\t\t<\/div>\r\n\t\t\t\t\t\t\t<!-- \/.sc_title -->\r\n\t\t\t\t\t\t\t<div class=\"vc_empty_space  height_small\" style=\"height: 32px\"><span class=\"vc_empty_space_inner\"><\/span><\/div>\r\n\t\t\t\t\t\t\t<div class=\"wpb_text_column wpb_content_element \">\r\n\t\t\t\t\t\t\t\t <div class=\"wpb_wrapper sobre_nos_info_descricao\">\r\n\t\t\t\t\t\t\t\t\t\t<p>La seguridad de todos, el compromiso con el trabajo y la responsabilidad general, sobre todo por los recursos humanos, hacen del <strong>M\u00f3dulo Lda<\/strong> una empresa capaz de superar cualquier desaf\u00edo relacionado con el <strong>sector de la construcci\u00f3n civil en las Azores.<\/strong><\/p>\n<p>La idea de esta empresa surge en el a\u00f1o 2018, siendo oficialmente constituida el 4 de enero de 2020. Somos, actualmente, una empresa compuesta por 11 profesionales, con el deseo de crecer cada vez m\u00e1s y m\u00e1s, garantizando una respuesta r\u00e1pida y eficaz a todos los servicios relacionados con construcci\u00f3n, demolici\u00f3n, revestimientos y mucho m\u00e1s!<\/p>\n<p>As\u00ed, optar por el <strong>M\u00f3dulo<\/strong> es elegir la garant\u00eda por un trabajo en cooperaci\u00f3n, respetado y, sobre todo, o\u00eddo y acompa\u00f1ado por nuestros clientes. El sue\u00f1o del cliente est\u00e1 en nuestras manos y depende de nosotros garantizar que todo se ejecuta perfectamente, incluyendo el m\u00e1s peque\u00f1o detalle de una casa.<\/p>\n\r\n\t\t\t\t\t\t\t\t <\/div>\r\n\t\t\t\t\t\t\t<\/div>\r\n\t\t\t\t\t\t\t<div class=\"vc_empty_space  vc_custom_149398798687212 height_huge\" style=\"height: 32px\"><span class=\"vc_empty_space_inner\"><\/span><\/div>\r\n\t\t\t\t\t <\/div>\r\n\t\t\t\t<\/div>\r\n\t\t <\/div>\r\n\t\t <\/div>\r\n\t\t <\/div>\r\n\t<\/div>[\/vc_column_text][\/vc_column][\/vc_row][vc_row][vc_column][vc_column_text]<div class=\"wpb_column vc_column_container vc_col-sm-12 sc_layouts_column_icons_position_left\">\r\n\t\t <div class=\"vc_column-inner\">\r\n\t\t\t\t<div class=\"wpb_wrapper\">\r\n\t\t\t\t\t <div class=\"vc_empty_space  vc_custom_1493988156000 height_huge\" style=\"height: 32px\"><span class=\"vc_empty_space_inner\"><\/span><\/div>\r\n\t\t\t\t\t <div id=\"sc_title_1586804069\" class=\"sc_title sc_title_default\">\r\n\t\t\t\t\t\t\t<h2 class=\"primary_custom_color sc_item_title sc_title_title sc_align_center sc_item_title_style_default sc_item_title_tag\">Conf\u00eda en Nosotros!<\/h2>\r\n\t\t\t\t\t <\/div>\r\n\t\t\t\t\t <!-- \/.sc_title -->\r\n\t\t\t\t\t <div class=\"vc_empty_space  vc_custom_1493988777739 height_small\" style=\"height: 32px\"><span class=\"vc_empty_space_inner\"><\/span><\/div>\r\n\t\t\t\t\t <div class=\"vc_row wpb_row vc_inner vc_row-fluid vc_row-o-equal-height vc_row-o-content-middle vc_row-flex\">\r\n\t\t\t\t\t\t\t<div class=\"wpb_column vc_column_container vc_col-sm-12 sc_layouts_column_icons_position_left\">\r\n\t\t\t\t\t\t\t\t <div class=\"vc_column-inner\">\r\n\t\t\t\t\t\t\t\t\t\t<div class=\"wpb_wrapper\">\r\n\t\t\t\t\t\t\t\t\t\t\t <div class=\"wpb_text_column wpb_content_element \">\r\n\t\t\t\t\t\t\t\t\t\t\t\t\t<div class=\"wpb_wrapper content_primary_color\">\r\n\t\t\t\t\t\t\t\t\t\t\t\t\t<p>Garantizamos un trabajo organizado, justo, responsable y muy creativo a trav\u00e9s de esta amplia gama de servicios que nos complace realizar para usted:<\/p>\n<p>&#8211; El transporte de mercanc\u00edas, materiales para canalizaciones y cambios programados;<br \/>\n&#8211; Revestimientos y aislamientos (Pladur, Viroc, PVC, Cer\u00e1mico, Capoto y Pinturas) T\u00e9rmico y Ac\u00fastico;<br \/>\n&#8211; Suelos (cer\u00e1mica, vinilo y otros);<br \/>\n&#8211; Aseos, muebles y cocinas;<br \/>\n&#8211; Construcci\u00f3n, acondicionamiento y rehabilitaci\u00f3n de viviendas;<br \/>\n&#8211; Servicios de Jardiner\u00ed<\/p>\n<p>Nuestra visi\u00f3n es trabajar con y para la comunidad, valorando siempre la sostenibilidad de la empresa, de nuestra tierra y, esencialmente, de todas las personas que forman parte de ella.<br \/>\nCuando lo necesite, puede contactarnos y averiguar todo lo que podemos hacer por usted.<br \/>\n\u00bfCu\u00e1ntas y cu\u00e1ntas veces no so\u00f1amos con nuestra cocina de ensue\u00f1o, con el ba\u00f1o ideal o con una sala de estar m\u00e1s c\u00f3moda? En el M\u00f3dulo Lda hacemos honor a sus sue\u00f1os.<br \/>\nSomos el socio ideal para realizar sus ambiciones y hacer realidad todo lo que siempre ha imaginado.<\/p>\n<p style=\"text-align: right;\"><strong>\u00a0\u00a0\u00a0\u00a0\u00a0\u00a0\u00a0\u00a0\u00a0\u00a0\u00a0\u00a0\u00a0\u00a0\u00a0\u00a0\u00a0\u00a0\u00a0\u00a0\u00a0\u00a0\u00a0\u00a0\u00a0\u00a0\u00a0\u00a0\u00a0\u00a0\u00a0\u00a0\u00a0\u00a0\u00a0\u00a0\u00a0\u00a0\u00a0\u00a0\u00a0\u00a0\u00a0\u00a0\u00a0\u00a0\u00a0\u00a0\u00a0\u00a0\u00a0\u00a0\u00a0\u00a0\u00a0\u00a0\u00a0\u00a0\u00a0\u00a0\u00a0\u00a0\u00a0\u00a0\u00a0\u00a0\u00a0\u00a0\u00a0\u00a0 M\u00f3dulo Lda, \u00abel sue\u00f1o del cliente, nuestras manos\u201d<\/strong><\/p>\n\r\n\t\t\t\t\t\t\t\t\t\t\t\t\t<\/div>\r\n\t\t\t\t\t\t\t\t\t\t\t <\/div>\r\n\t\t\t\t\t\t\t\t\t\t<\/div>\r\n\t\t\t\t\t\t\t\t <\/div>\r\n\t\t\t\t\t\t\t<\/div>\r\n\t\t\t\t\t <\/div>\r\n\t\t\t\t\t <div class=\"vc_empty_space  vc_custom_1493988803738 height_large\" style=\"height: 32px\"><span class=\"vc_empty_space_inner\"><\/span><\/div>\r\n\t\t\t\t<\/div>\r\n\t\t\t\t<div id=\"sobre_galeria\" class=\"grid-wrapper-sobre-foto\">\r\n\t\t\t\t\t<div class=\"single_imagem_sobre\" href=\"https:\/\/modulolda.com\/wp-content\/uploads\/2022\/03\/IMG_9433-scaled.jpg\">\r\n\t\t\t\t\t<img decoding=\"async\" src=\"https:\/\/modulolda.com\/wp-content\/uploads\/2022\/03\/IMG_9433-scaled.jpg\" alt=\"\" \/>\r\n\t\t\t<\/div><div class=\"single_imagem_sobre\" href=\"https:\/\/modulolda.com\/wp-content\/uploads\/2022\/03\/IMG_9439-scaled.jpg\">\r\n\t\t\t\t\t<img decoding=\"async\" src=\"https:\/\/modulolda.com\/wp-content\/uploads\/2022\/03\/IMG_9439-scaled.jpg\" alt=\"\" \/>\r\n\t\t\t<\/div><div class=\"single_imagem_sobre\" href=\"https:\/\/modulolda.com\/wp-content\/uploads\/2022\/03\/IMG_9504-scaled.jpg\">\r\n\t\t\t\t\t<img decoding=\"async\" src=\"https:\/\/modulolda.com\/wp-content\/uploads\/2022\/03\/IMG_9504-scaled.jpg\" alt=\"\" \/>\r\n\t\t\t<\/div><div class=\"single_imagem_sobre\" href=\"https:\/\/modulolda.com\/wp-content\/uploads\/2022\/03\/IMG_9939-scaled.jpg\">\r\n\t\t\t\t\t<img decoding=\"async\" src=\"https:\/\/modulolda.com\/wp-content\/uploads\/2022\/03\/IMG_9939-scaled.jpg\" alt=\"\" \/>\r\n\t\t\t<\/div><div class=\"single_imagem_sobre\" href=\"https:\/\/modulolda.com\/wp-content\/uploads\/2022\/03\/IMG_9930-scaled.jpg\">\r\n\t\t\t\t\t<img decoding=\"async\" src=\"https:\/\/modulolda.com\/wp-content\/uploads\/2022\/03\/IMG_9930-scaled.jpg\" alt=\"\" \/>\r\n\t\t\t<\/div><div class=\"single_imagem_sobre\" href=\"https:\/\/modulolda.com\/wp-content\/uploads\/2022\/03\/277075655_3153667841544720_2503107358197412094_n.jpg\">\r\n\t\t\t\t\t<img decoding=\"async\" src=\"https:\/\/modulolda.com\/wp-content\/uploads\/2022\/03\/277075655_3153667841544720_2503107358197412094_n.jpg\" alt=\"\" \/>\r\n\t\t\t<\/div>\r\n\t\t\t\t<\/div>\r\n\t\t <\/div>\r\n\t<\/div>[\/vc_column_text][\/vc_column][\/vc_row]<\/p>\n","protected":false},"excerpt":{"rendered":"<p>[vc_row full_width=\u00bbstretch_row_content_no_spaces\u00bb css=\u00bb.vc_custom_1640879793055{background-color: #ebeef0 !important;}\u00bb][vc_column][vc_column_text][\/vc_column_text][\/vc_column][\/vc_row][vc_row][vc_column][vc_column_text][\/vc_column_text][\/vc_column][\/vc_row]<\/p>\n","protected":false},"author":1,"featured_media":0,"parent":0,"menu_order":0,"comment_status":"closed","ping_status":"closed","template":"","meta":{"footnotes":""},"class_list":["post-3471","page","type-page","status-publish","hentry"],"yoast_head":"<!-- This site is optimized with the Yoast SEO plugin v17.8 - https:\/\/yoast.com\/wordpress\/plugins\/seo\/ -->\n<title>Sobre Nosotros | M\u00f3dulo Racional - Empresa de Construcci\u00f3n Civil<\/title>\n<meta name=\"description\" content=\"\u00bfEst\u00e1 buscando la soluci\u00f3n ideal para reconstruir su hogar? Somos una empresa de construcci\u00f3n civil preparada para cualquier desaf\u00edo.\" \/>\n<meta name=\"robots\" content=\"index, follow, max-snippet:-1, max-image-preview:large, max-video-preview:-1\" \/>\n<link rel=\"canonical\" href=\"https:\/\/modulolda.com\/es\/sobre-nosotros\/\" \/>\n<meta property=\"og:locale\" content=\"es_ES\" \/>\n<meta property=\"og:type\" content=\"article\" \/>\n<meta property=\"og:title\" content=\"Sobre Nosotros | M\u00f3dulo Racional - Empresa de Construcci\u00f3n Civil\" \/>\n<meta property=\"og:description\" content=\"\u00bfEst\u00e1 buscando la soluci\u00f3n ideal para reconstruir su hogar? Somos una empresa de construcci\u00f3n civil preparada para cualquier desaf\u00edo.\" \/>\n<meta property=\"og:url\" content=\"https:\/\/modulolda.com\/es\/sobre-nosotros\/\" \/>\n<meta property=\"og:site_name\" content=\"M\u00f3dulo Racional\" \/>\n<meta property=\"article:modified_time\" content=\"2022-07-14T14:25:30+00:00\" \/>\n<meta name=\"twitter:card\" content=\"summary_large_image\" \/>\n<script type=\"application\/ld+json\" class=\"yoast-schema-graph\">{\"@context\":\"https:\/\/schema.org\",\"@graph\":[{\"@type\":\"WebSite\",\"@id\":\"https:\/\/modulolda.com\/#website\",\"url\":\"https:\/\/modulolda.com\/\",\"name\":\"M\\u00f3dulo Racional\",\"description\":\"\",\"potentialAction\":[{\"@type\":\"SearchAction\",\"target\":{\"@type\":\"EntryPoint\",\"urlTemplate\":\"https:\/\/modulolda.com\/?s={search_term_string}\"},\"query-input\":\"required name=search_term_string\"}],\"inLanguage\":\"es\"},{\"@type\":\"WebPage\",\"@id\":\"https:\/\/modulolda.com\/es\/sobre-nosotros\/#webpage\",\"url\":\"https:\/\/modulolda.com\/es\/sobre-nosotros\/\",\"name\":\"Sobre Nosotros | M\\u00f3dulo Racional - Empresa de Construcci\\u00f3n Civil\",\"isPartOf\":{\"@id\":\"https:\/\/modulolda.com\/#website\"},\"datePublished\":\"2022-06-21T09:58:23+00:00\",\"dateModified\":\"2022-07-14T14:25:30+00:00\",\"description\":\"\\u00bfEst\\u00e1 buscando la soluci\\u00f3n ideal para reconstruir su hogar? Somos una empresa de construcci\\u00f3n civil preparada para cualquier desaf\\u00edo.\",\"breadcrumb\":{\"@id\":\"https:\/\/modulolda.com\/es\/sobre-nosotros\/#breadcrumb\"},\"inLanguage\":\"es\",\"potentialAction\":[{\"@type\":\"ReadAction\",\"target\":[\"https:\/\/modulolda.com\/es\/sobre-nosotros\/\"]}]},{\"@type\":\"BreadcrumbList\",\"@id\":\"https:\/\/modulolda.com\/es\/sobre-nosotros\/#breadcrumb\",\"itemListElement\":[{\"@type\":\"ListItem\",\"position\":1,\"name\":\"In\\u00edcio\",\"item\":\"https:\/\/modulolda.com\/es\/\"},{\"@type\":\"ListItem\",\"position\":2,\"name\":\"Sobre Nosotros\"}]}]}<\/script>\n<!-- \/ Yoast SEO plugin. -->","yoast_head_json":{"title":"Sobre Nosotros | M\u00f3dulo Racional - Empresa de Construcci\u00f3n Civil","description":"\u00bfEst\u00e1 buscando la soluci\u00f3n ideal para reconstruir su hogar? Somos una empresa de construcci\u00f3n civil preparada para cualquier desaf\u00edo.","robots":{"index":"index","follow":"follow","max-snippet":"max-snippet:-1","max-image-preview":"max-image-preview:large","max-video-preview":"max-video-preview:-1"},"canonical":"https:\/\/modulolda.com\/es\/sobre-nosotros\/","og_locale":"es_ES","og_type":"article","og_title":"Sobre Nosotros | M\u00f3dulo Racional - Empresa de Construcci\u00f3n Civil","og_description":"\u00bfEst\u00e1 buscando la soluci\u00f3n ideal para reconstruir su hogar? Somos una empresa de construcci\u00f3n civil preparada para cualquier desaf\u00edo.","og_url":"https:\/\/modulolda.com\/es\/sobre-nosotros\/","og_site_name":"M\u00f3dulo Racional","article_modified_time":"2022-07-14T14:25:30+00:00","twitter_card":"summary_large_image","schema":{"@context":"https:\/\/schema.org","@graph":[{"@type":"WebSite","@id":"https:\/\/modulolda.com\/#website","url":"https:\/\/modulolda.com\/","name":"M\u00f3dulo Racional","description":"","potentialAction":[{"@type":"SearchAction","target":{"@type":"EntryPoint","urlTemplate":"https:\/\/modulolda.com\/?s={search_term_string}"},"query-input":"required name=search_term_string"}],"inLanguage":"es"},{"@type":"WebPage","@id":"https:\/\/modulolda.com\/es\/sobre-nosotros\/#webpage","url":"https:\/\/modulolda.com\/es\/sobre-nosotros\/","name":"Sobre Nosotros | M\u00f3dulo Racional - Empresa de Construcci\u00f3n Civil","isPartOf":{"@id":"https:\/\/modulolda.com\/#website"},"datePublished":"2022-06-21T09:58:23+00:00","dateModified":"2022-07-14T14:25:30+00:00","description":"\u00bfEst\u00e1 buscando la soluci\u00f3n ideal para reconstruir su hogar? Somos una empresa de construcci\u00f3n civil preparada para cualquier desaf\u00edo.","breadcrumb":{"@id":"https:\/\/modulolda.com\/es\/sobre-nosotros\/#breadcrumb"},"inLanguage":"es","potentialAction":[{"@type":"ReadAction","target":["https:\/\/modulolda.com\/es\/sobre-nosotros\/"]}]},{"@type":"BreadcrumbList","@id":"https:\/\/modulolda.com\/es\/sobre-nosotros\/#breadcrumb","itemListElement":[{"@type":"ListItem","position":1,"name":"In\u00edcio","item":"https:\/\/modulolda.com\/es\/"},{"@type":"ListItem","position":2,"name":"Sobre Nosotros"}]}]}},"_links":{"self":[{"href":"https:\/\/modulolda.com\/es\/wp-json\/wp\/v2\/pages\/3471","targetHints":{"allow":["GET"]}}],"collection":[{"href":"https:\/\/modulolda.com\/es\/wp-json\/wp\/v2\/pages"}],"about":[{"href":"https:\/\/modulolda.com\/es\/wp-json\/wp\/v2\/types\/page"}],"author":[{"embeddable":true,"href":"https:\/\/modulolda.com\/es\/wp-json\/wp\/v2\/users\/1"}],"replies":[{"embeddable":true,"href":"https:\/\/modulolda.com\/es\/wp-json\/wp\/v2\/comments?post=3471"}],"version-history":[{"count":5,"href":"https:\/\/modulolda.com\/es\/wp-json\/wp\/v2\/pages\/3471\/revisions"}],"predecessor-version":[{"id":3805,"href":"https:\/\/modulolda.com\/es\/wp-json\/wp\/v2\/pages\/3471\/revisions\/3805"}],"wp:attachment":[{"href":"https:\/\/modulolda.com\/es\/wp-json\/wp\/v2\/media?parent=3471"}],"curies":[{"name":"wp","href":"https:\/\/api.w.org\/{rel}","templated":true}]}}