{"id":3469,"date":"2022-06-21T09:57:23","date_gmt":"2022-06-21T09:57:23","guid":{"rendered":"http:\/\/modulolda.com\/servicios\/"},"modified":"2022-07-14T14:18:05","modified_gmt":"2022-07-14T14:18:05","slug":"servicios-de-construccion","status":"publish","type":"page","link":"https:\/\/modulolda.com\/es\/servicios-de-construccion\/","title":{"rendered":"Servicios"},"content":{"rendered":"<p>[vc_row][vc_column][vc_column_text]<div class=\"post_content entry-content\">\r\n\t\t <div class=\"vc_row wpb_row vc_row-fluid\">\r\n\t\t\t\t<div class=\"wpb_column vc_column_container vc_col-sm-12 sc_layouts_column_icons_position_left\">\r\n\t\t\t\t\t <div class=\"vc_column-inner\">\r\n\t\t\t\t\t\t\t<div class=\"wpb_wrapper\">\r\n\t\t\t\t\t\t\t\t <div id=\"sc_services_1137818925\" class=\"sc_services sc_services_default sc_services_featured_top\">\r\n\t\t\t\t\t\t\t\t\t\t<h2 class=\"sc_item_title sc_services_title sc_align_center sc_item_title_style_default sc_item_title_tag\"><\/h2>\r\n\t\t\t\t\t\t\t\t\t\t<div class=\"container sc_services_columns sc_item_columns sc_item_columns_3 trx_addons_columns_wrap columns_padding_bottom\">\r\n\t\t\t\t\t\t\t\t\t\t\t <div class=\"archive_servico_single col-md-4\">\r\n\t\t\t\t<div class=\"sc_services_item with_content with_image sc_services_item_featured_top\">\r\n\t\t\t\t\t<div class=\"post_featured with_thumb hover_dots sc_services_item_thumb\" style=\"height:20rem\">\r\n\t\t\t\t\t\t\t<div style=\"width:100%; heigth:100%; background-image: url(https:\/\/modulolda.com\/wp-content\/uploads\/2022\/03\/PHOTO-2023-08-30-10-40-231.jpg) !important;\r\n\t\t\t\t\t\t\tbackground-position: center center !important;\r\n\t\t\t\t\t\t\tbackground-repeat: no-repeat !important;\r\n\t\t\t\t\t\t\tbackground-size: cover !important;\r\n\t\t\t\t\t\t\tposition: absolute;\r\n\t\t\t\t\t\t\tz-index: 100;\r\n\t\t\t\t\t\t\tleft: 0;\r\n\t\t\t\t\t\t\ttop: 0;\r\n\t\t\t\t\t\t\tright: 0;\r\n\t\t\t\t\t\t\tbottom: 0;\"><\/div>\r\n\t\t\t\t\t\t\t<div class=\"mask\"><\/div>\r\n\t\t\t\t\t\t\t<a href=\"https:\/\/modulolda.com\/es\/servico\/construccion\/\" aria-hidden=\"true\" class=\"icons\"><span><\/span><span><\/span><span><\/span><\/a>\r\n\t\t\t\t\t<\/div>\r\n\t\t\t\t\t<div class=\"sc_services_item_info\">\r\n\t\t\t\t\t\t\t<div class=\"sc_services_item_header\">\r\n\t\t\t\t\t\t\t\t<h5 class=\"primary_custom_color sc_services_item_title\"><a class=\"primary_custom_color\" href=\"https:\/\/modulolda.com\/es\/servico\/construccion\/\">Construcci\u00f3n<\/a><\/h5>\r\n\t\t\t\t\t\t\t<\/div>\r\n\t\t\t\t\t\t\t<div class=\"sc_services_item_content content_primary_color primary_custom_color\">Si est\u00e1 pensando en construir su casa, entonces vino al lugar correcto. En el M\u00f3dulo Lda, somos un equipo especializado capaz de ir al encuentro de todas las ideas y&hellip;<\/div>\r\n\t\t\t\t\t\t\t<a target=\"_blank\" style=\"margin-top:2rem\" href=\"https:\/\/modulolda.com\/es\/servico\/construccion\/\" id=\"sc_button_766964789 \" class=\"custom_button_link sc_button sc_button_default sc_button_size_normal sc_button_icon_left sc_button_hover_slide_left sc_button_hover_style_alter\">\r\n\t\t\t\t\t\t\t<span class=\"sc_button_text\"><span class=\"sc_button_title\">Saber Mas<\/span><\/span><!-- \/.sc_button_text -->\r\n\t\t\t\t\t\t<\/a>\r\n\t\t\t\t\t<\/div>\r\n\t\t\t\t<\/div>\r\n\t\t<\/div><div class=\"archive_servico_single col-md-4\">\r\n\t\t\t\t<div class=\"sc_services_item with_content with_image sc_services_item_featured_top\">\r\n\t\t\t\t\t<div class=\"post_featured with_thumb hover_dots sc_services_item_thumb\" style=\"height:20rem\">\r\n\t\t\t\t\t\t\t<div style=\"width:100%; heigth:100%; background-image: url(https:\/\/modulolda.com\/wp-content\/uploads\/2022\/03\/IMG_9601-scaled.jpg) !important;\r\n\t\t\t\t\t\t\tbackground-position: center center !important;\r\n\t\t\t\t\t\t\tbackground-repeat: no-repeat !important;\r\n\t\t\t\t\t\t\tbackground-size: cover !important;\r\n\t\t\t\t\t\t\tposition: absolute;\r\n\t\t\t\t\t\t\tz-index: 100;\r\n\t\t\t\t\t\t\tleft: 0;\r\n\t\t\t\t\t\t\ttop: 0;\r\n\t\t\t\t\t\t\tright: 0;\r\n\t\t\t\t\t\t\tbottom: 0;\"><\/div>\r\n\t\t\t\t\t\t\t<div class=\"mask\"><\/div>\r\n\t\t\t\t\t\t\t<a href=\"https:\/\/modulolda.com\/es\/servico\/transporte-de-carga\/\" aria-hidden=\"true\" class=\"icons\"><span><\/span><span><\/span><span><\/span><\/a>\r\n\t\t\t\t\t<\/div>\r\n\t\t\t\t\t<div class=\"sc_services_item_info\">\r\n\t\t\t\t\t\t\t<div class=\"sc_services_item_header\">\r\n\t\t\t\t\t\t\t\t<h5 class=\"primary_custom_color sc_services_item_title\"><a class=\"primary_custom_color\" href=\"https:\/\/modulolda.com\/es\/servico\/transporte-de-carga\/\">Transporte de Carga<\/a><\/h5>\r\n\t\t\t\t\t\t\t<\/div>\r\n\t\t\t\t\t\t\t<div class=\"sc_services_item_content content_primary_color primary_custom_color\">Con el fin de preservar el perfecto estado de todos sus productos, M\u00f3dulo Lda. ha creado el servicio de transporte de cargas, realizado por nuestros profesionales calificados. As\u00ed, podremos transportar&hellip;<\/div>\r\n\t\t\t\t\t\t\t<a target=\"_blank\" style=\"margin-top:2rem\" href=\"https:\/\/modulolda.com\/es\/servico\/transporte-de-carga\/\" id=\"sc_button_766964789 \" class=\"custom_button_link sc_button sc_button_default sc_button_size_normal sc_button_icon_left sc_button_hover_slide_left sc_button_hover_style_alter\">\r\n\t\t\t\t\t\t\t<span class=\"sc_button_text\"><span class=\"sc_button_title\">Saber Mas<\/span><\/span><!-- \/.sc_button_text -->\r\n\t\t\t\t\t\t<\/a>\r\n\t\t\t\t\t<\/div>\r\n\t\t\t\t<\/div>\r\n\t\t<\/div><div class=\"archive_servico_single col-md-4\">\r\n\t\t\t\t<div class=\"sc_services_item with_content with_image sc_services_item_featured_top\">\r\n\t\t\t\t\t<div class=\"post_featured with_thumb hover_dots sc_services_item_thumb\" style=\"height:20rem\">\r\n\t\t\t\t\t\t\t<div style=\"width:100%; heigth:100%; background-image: url(https:\/\/modulolda.com\/wp-content\/uploads\/2022\/03\/PHOTO-2023-08-30-10-40-244.jpg) !important;\r\n\t\t\t\t\t\t\tbackground-position: center center !important;\r\n\t\t\t\t\t\t\tbackground-repeat: no-repeat !important;\r\n\t\t\t\t\t\t\tbackground-size: cover !important;\r\n\t\t\t\t\t\t\tposition: absolute;\r\n\t\t\t\t\t\t\tz-index: 100;\r\n\t\t\t\t\t\t\tleft: 0;\r\n\t\t\t\t\t\t\ttop: 0;\r\n\t\t\t\t\t\t\tright: 0;\r\n\t\t\t\t\t\t\tbottom: 0;\"><\/div>\r\n\t\t\t\t\t\t\t<div class=\"mask\"><\/div>\r\n\t\t\t\t\t\t\t<a href=\"https:\/\/modulolda.com\/es\/servico\/instalacion\/\" aria-hidden=\"true\" class=\"icons\"><span><\/span><span><\/span><span><\/span><\/a>\r\n\t\t\t\t\t<\/div>\r\n\t\t\t\t\t<div class=\"sc_services_item_info\">\r\n\t\t\t\t\t\t\t<div class=\"sc_services_item_header\">\r\n\t\t\t\t\t\t\t\t<h5 class=\"primary_custom_color sc_services_item_title\"><a class=\"primary_custom_color\" href=\"https:\/\/modulolda.com\/es\/servico\/instalacion\/\">Instalaci\u00f3n<\/a><\/h5>\r\n\t\t\t\t\t\t\t<\/div>\r\n\t\t\t\t\t\t\t<div class=\"sc_services_item_content content_primary_color primary_custom_color\">\u00bfBuscas un experto de confianza capaz de darle a tu casa una nueva vida? En el M\u00f3dulo Lda hacemos la instalaci\u00f3n de diversos equipos, pues somos socios de Leroy Merlin.&hellip;<\/div>\r\n\t\t\t\t\t\t\t<a target=\"_blank\" style=\"margin-top:2rem\" href=\"https:\/\/modulolda.com\/es\/servico\/instalacion\/\" id=\"sc_button_766964789 \" class=\"custom_button_link sc_button sc_button_default sc_button_size_normal sc_button_icon_left sc_button_hover_slide_left sc_button_hover_style_alter\">\r\n\t\t\t\t\t\t\t<span class=\"sc_button_text\"><span class=\"sc_button_title\">Saber Mas<\/span><\/span><!-- \/.sc_button_text -->\r\n\t\t\t\t\t\t<\/a>\r\n\t\t\t\t\t<\/div>\r\n\t\t\t\t<\/div>\r\n\t\t<\/div><div class=\"archive_servico_single col-md-4\">\r\n\t\t\t\t<div class=\"sc_services_item with_content with_image sc_services_item_featured_top\">\r\n\t\t\t\t\t<div class=\"post_featured with_thumb hover_dots sc_services_item_thumb\" style=\"height:20rem\">\r\n\t\t\t\t\t\t\t<div style=\"width:100%; heigth:100%; background-image: url(https:\/\/modulolda.com\/wp-content\/uploads\/2022\/03\/IMG_9899-scaled.jpg) !important;\r\n\t\t\t\t\t\t\tbackground-position: center center !important;\r\n\t\t\t\t\t\t\tbackground-repeat: no-repeat !important;\r\n\t\t\t\t\t\t\tbackground-size: cover !important;\r\n\t\t\t\t\t\t\tposition: absolute;\r\n\t\t\t\t\t\t\tz-index: 100;\r\n\t\t\t\t\t\t\tleft: 0;\r\n\t\t\t\t\t\t\ttop: 0;\r\n\t\t\t\t\t\t\tright: 0;\r\n\t\t\t\t\t\t\tbottom: 0;\"><\/div>\r\n\t\t\t\t\t\t\t<div class=\"mask\"><\/div>\r\n\t\t\t\t\t\t\t<a href=\"https:\/\/modulolda.com\/es\/servico\/pintura\/\" aria-hidden=\"true\" class=\"icons\"><span><\/span><span><\/span><span><\/span><\/a>\r\n\t\t\t\t\t<\/div>\r\n\t\t\t\t\t<div class=\"sc_services_item_info\">\r\n\t\t\t\t\t\t\t<div class=\"sc_services_item_header\">\r\n\t\t\t\t\t\t\t\t<h5 class=\"primary_custom_color sc_services_item_title\"><a class=\"primary_custom_color\" href=\"https:\/\/modulolda.com\/es\/servico\/pintura\/\">Pintura<\/a><\/h5>\r\n\t\t\t\t\t\t\t<\/div>\r\n\t\t\t\t\t\t\t<div class=\"sc_services_item_content content_primary_color primary_custom_color\">\u00bfLa humedad acab\u00f3 con la pintura de las paredes de su casa? \u00bfSu casa es muy fr\u00eda y no conserva el calor dentro de sus habitaciones? Entonces quiz\u00e1s sea hora&hellip;<\/div>\r\n\t\t\t\t\t\t\t<a target=\"_blank\" style=\"margin-top:2rem\" href=\"https:\/\/modulolda.com\/es\/servico\/pintura\/\" id=\"sc_button_766964789 \" class=\"custom_button_link sc_button sc_button_default sc_button_size_normal sc_button_icon_left sc_button_hover_slide_left sc_button_hover_style_alter\">\r\n\t\t\t\t\t\t\t<span class=\"sc_button_text\"><span class=\"sc_button_title\">Saber Mas<\/span><\/span><!-- \/.sc_button_text -->\r\n\t\t\t\t\t\t<\/a>\r\n\t\t\t\t\t<\/div>\r\n\t\t\t\t<\/div>\r\n\t\t<\/div><div class=\"archive_servico_single col-md-4\">\r\n\t\t\t\t<div class=\"sc_services_item with_content with_image sc_services_item_featured_top\">\r\n\t\t\t\t\t<div class=\"post_featured with_thumb hover_dots sc_services_item_thumb\" style=\"height:20rem\">\r\n\t\t\t\t\t\t\t<div style=\"width:100%; heigth:100%; background-image: url(https:\/\/modulolda.com\/wp-content\/uploads\/2022\/03\/228943789_1213301839119766_7427010542907340309_n.jpg) !important;\r\n\t\t\t\t\t\t\tbackground-position: center center !important;\r\n\t\t\t\t\t\t\tbackground-repeat: no-repeat !important;\r\n\t\t\t\t\t\t\tbackground-size: cover !important;\r\n\t\t\t\t\t\t\tposition: absolute;\r\n\t\t\t\t\t\t\tz-index: 100;\r\n\t\t\t\t\t\t\tleft: 0;\r\n\t\t\t\t\t\t\ttop: 0;\r\n\t\t\t\t\t\t\tright: 0;\r\n\t\t\t\t\t\t\tbottom: 0;\"><\/div>\r\n\t\t\t\t\t\t\t<div class=\"mask\"><\/div>\r\n\t\t\t\t\t\t\t<a href=\"https:\/\/modulolda.com\/es\/servico\/revestimientos\/\" aria-hidden=\"true\" class=\"icons\"><span><\/span><span><\/span><span><\/span><\/a>\r\n\t\t\t\t\t<\/div>\r\n\t\t\t\t\t<div class=\"sc_services_item_info\">\r\n\t\t\t\t\t\t\t<div class=\"sc_services_item_header\">\r\n\t\t\t\t\t\t\t\t<h5 class=\"primary_custom_color sc_services_item_title\"><a class=\"primary_custom_color\" href=\"https:\/\/modulolda.com\/es\/servico\/revestimientos\/\">Revestimientos<\/a><\/h5>\r\n\t\t\t\t\t\t\t<\/div>\r\n\t\t\t\t\t\t\t<div class=\"sc_services_item_content content_primary_color primary_custom_color\">El revestimiento de paredes y techos es a menudo una de las principales soluciones para hacer de su casa un lugar m\u00e1s personalizado y acogedor. Es decir, es una de&hellip;<\/div>\r\n\t\t\t\t\t\t\t<a target=\"_blank\" style=\"margin-top:2rem\" href=\"https:\/\/modulolda.com\/es\/servico\/revestimientos\/\" id=\"sc_button_766964789 \" class=\"custom_button_link sc_button sc_button_default sc_button_size_normal sc_button_icon_left sc_button_hover_slide_left sc_button_hover_style_alter\">\r\n\t\t\t\t\t\t\t<span class=\"sc_button_text\"><span class=\"sc_button_title\">Saber Mas<\/span><\/span><!-- \/.sc_button_text -->\r\n\t\t\t\t\t\t<\/a>\r\n\t\t\t\t\t<\/div>\r\n\t\t\t\t<\/div>\r\n\t\t<\/div><div class=\"archive_servico_single col-md-4\">\r\n\t\t\t\t<div class=\"sc_services_item with_content with_image sc_services_item_featured_top\">\r\n\t\t\t\t\t<div class=\"post_featured with_thumb hover_dots sc_services_item_thumb\" style=\"height:20rem\">\r\n\t\t\t\t\t\t\t<div style=\"width:100%; heigth:100%; background-image: url(https:\/\/modulolda.com\/wp-content\/uploads\/2022\/03\/IMG_9907-scaled.jpg) !important;\r\n\t\t\t\t\t\t\tbackground-position: center center !important;\r\n\t\t\t\t\t\t\tbackground-repeat: no-repeat !important;\r\n\t\t\t\t\t\t\tbackground-size: cover !important;\r\n\t\t\t\t\t\t\tposition: absolute;\r\n\t\t\t\t\t\t\tz-index: 100;\r\n\t\t\t\t\t\t\tleft: 0;\r\n\t\t\t\t\t\t\ttop: 0;\r\n\t\t\t\t\t\t\tright: 0;\r\n\t\t\t\t\t\t\tbottom: 0;\"><\/div>\r\n\t\t\t\t\t\t\t<div class=\"mask\"><\/div>\r\n\t\t\t\t\t\t\t<a href=\"https:\/\/modulolda.com\/es\/servico\/reconstruccion-y-remodelaciones\/\" aria-hidden=\"true\" class=\"icons\"><span><\/span><span><\/span><span><\/span><\/a>\r\n\t\t\t\t\t<\/div>\r\n\t\t\t\t\t<div class=\"sc_services_item_info\">\r\n\t\t\t\t\t\t\t<div class=\"sc_services_item_header\">\r\n\t\t\t\t\t\t\t\t<h5 class=\"primary_custom_color sc_services_item_title\"><a class=\"primary_custom_color\" href=\"https:\/\/modulolda.com\/es\/servico\/reconstruccion-y-remodelaciones\/\">Reconstrucci\u00f3n y Remodelaciones<\/a><\/h5>\r\n\t\t\t\t\t\t\t<\/div>\r\n\t\t\t\t\t\t\t<div class=\"sc_services_item_content content_primary_color primary_custom_color\">\u00bfHas pensado en darle a tu casa un nuevo brillo? \u00bfSue\u00f1as con una cocina nueva, m\u00e1s moderna y espaciosa? \u00bfO con un ba\u00f1o completamente reformado? En M\u00f3dulo Lda, somos el&hellip;<\/div>\r\n\t\t\t\t\t\t\t<a target=\"_blank\" style=\"margin-top:2rem\" href=\"https:\/\/modulolda.com\/es\/servico\/reconstruccion-y-remodelaciones\/\" id=\"sc_button_766964789 \" class=\"custom_button_link sc_button sc_button_default sc_button_size_normal sc_button_icon_left sc_button_hover_slide_left sc_button_hover_style_alter\">\r\n\t\t\t\t\t\t\t<span class=\"sc_button_text\"><span class=\"sc_button_title\">Saber Mas<\/span><\/span><!-- \/.sc_button_text -->\r\n\t\t\t\t\t\t<\/a>\r\n\t\t\t\t\t<\/div>\r\n\t\t\t\t<\/div>\r\n\t\t<\/div><div class=\"archive_servico_single col-md-4\">\r\n\t\t\t\t<div class=\"sc_services_item with_content with_image sc_services_item_featured_top\">\r\n\t\t\t\t\t<div class=\"post_featured with_thumb hover_dots sc_services_item_thumb\" style=\"height:20rem\">\r\n\t\t\t\t\t\t\t<div style=\"width:100%; heigth:100%; background-image: url(https:\/\/modulolda.com\/wp-content\/uploads\/2022\/03\/IMG_9435-scaled.jpg) !important;\r\n\t\t\t\t\t\t\tbackground-position: center center !important;\r\n\t\t\t\t\t\t\tbackground-repeat: no-repeat !important;\r\n\t\t\t\t\t\t\tbackground-size: cover !important;\r\n\t\t\t\t\t\t\tposition: absolute;\r\n\t\t\t\t\t\t\tz-index: 100;\r\n\t\t\t\t\t\t\tleft: 0;\r\n\t\t\t\t\t\t\ttop: 0;\r\n\t\t\t\t\t\t\tright: 0;\r\n\t\t\t\t\t\t\tbottom: 0;\"><\/div>\r\n\t\t\t\t\t\t\t<div class=\"mask\"><\/div>\r\n\t\t\t\t\t\t\t<a href=\"https:\/\/modulolda.com\/es\/servico\/jardineria\/\" aria-hidden=\"true\" class=\"icons\"><span><\/span><span><\/span><span><\/span><\/a>\r\n\t\t\t\t\t<\/div>\r\n\t\t\t\t\t<div class=\"sc_services_item_info\">\r\n\t\t\t\t\t\t\t<div class=\"sc_services_item_header\">\r\n\t\t\t\t\t\t\t\t<h5 class=\"primary_custom_color sc_services_item_title\"><a class=\"primary_custom_color\" href=\"https:\/\/modulolda.com\/es\/servico\/jardineria\/\">Jardiner\u00eda<\/a><\/h5>\r\n\t\t\t\t\t\t\t<\/div>\r\n\t\t\t\t\t\t\t<div class=\"sc_services_item_content content_primary_color primary_custom_color\">\u00bfYa pens\u00f3 en ofrecer una nueva vida a su jard\u00edn? Es la puerta de visita de su casa, por lo que debe ser atractivo, limpio y estar en armon\u00eda con&hellip;<\/div>\r\n\t\t\t\t\t\t\t<a target=\"_blank\" style=\"margin-top:2rem\" href=\"https:\/\/modulolda.com\/es\/servico\/jardineria\/\" id=\"sc_button_766964789 \" class=\"custom_button_link sc_button sc_button_default sc_button_size_normal sc_button_icon_left sc_button_hover_slide_left sc_button_hover_style_alter\">\r\n\t\t\t\t\t\t\t<span class=\"sc_button_text\"><span class=\"sc_button_title\">Saber Mas<\/span><\/span><!-- \/.sc_button_text -->\r\n\t\t\t\t\t\t<\/a>\r\n\t\t\t\t\t<\/div>\r\n\t\t\t\t<\/div>\r\n\t\t<\/div>\r\n\t\t\t\t\t\t\t\t\t\t<\/div>\r\n\t\t\t\t\t\t\t\t\t\t<div class=\"pagination_servicos\">\r\n\t\t\t\t\t\t\t\t\t\t\r\n\t\t\t\t\t\t\t\t\t\t<\/div>\r\n\t\t\t\t\t\t\t\t <\/div>\r\n\t\t\t\t\t\t\t\t <!-- \/.sc_services -->\r\n\t\t\t\t\t\t\t\t <div class=\"vc_empty_space  height_tiny\" style=\"height: 32px\"><span class=\"vc_empty_space_inner\"><\/span><\/div>\r\n\t\t\t\t\t\t\t<\/div>\r\n\t\t\t\t\t <\/div>\r\n\t\t\t\t<\/div>\r\n\t\t <\/div>\r\n\t<\/div>[\/vc_column_text][vc_empty_space hide_on_mobile=\u00bb\u00bb][\/vc_column][\/vc_row]<\/p>\n","protected":false},"excerpt":{"rendered":"<p>[vc_row][vc_column][vc_column_text][\/vc_column_text][vc_empty_space hide_on_mobile=\u00bb\u00bb][\/vc_column][\/vc_row]<\/p>\n","protected":false},"author":1,"featured_media":0,"parent":0,"menu_order":0,"comment_status":"closed","ping_status":"closed","template":"","meta":{"footnotes":""},"class_list":["post-3469","page","type-page","status-publish","hentry"],"yoast_head":"<!-- This site is optimized with the Yoast SEO plugin v17.8 - https:\/\/yoast.com\/wordpress\/plugins\/seo\/ -->\n<title>Servicios de Construcci\u00f3n | M\u00f3dulo Racional - Azores<\/title>\n<meta name=\"description\" content=\"Desde instalaciones el\u00e9ctricas hasta revestimientos, tenemos a su disposici\u00f3n un conjunto de servicios de construcci\u00f3n para usted.\" \/>\n<meta name=\"robots\" content=\"index, follow, max-snippet:-1, max-image-preview:large, max-video-preview:-1\" \/>\n<link rel=\"canonical\" href=\"https:\/\/modulolda.com\/es\/servicios-de-construccion\/\" \/>\n<meta property=\"og:locale\" content=\"es_ES\" \/>\n<meta property=\"og:type\" content=\"article\" \/>\n<meta property=\"og:title\" content=\"Servicios de Construcci\u00f3n | M\u00f3dulo Racional - Azores\" \/>\n<meta property=\"og:description\" content=\"Desde instalaciones el\u00e9ctricas hasta revestimientos, tenemos a su disposici\u00f3n un conjunto de servicios de construcci\u00f3n para usted.\" \/>\n<meta property=\"og:url\" content=\"https:\/\/modulolda.com\/es\/servicios-de-construccion\/\" \/>\n<meta property=\"og:site_name\" content=\"M\u00f3dulo Racional\" \/>\n<meta property=\"article:modified_time\" content=\"2022-07-14T14:18:05+00:00\" \/>\n<meta name=\"twitter:card\" content=\"summary_large_image\" \/>\n<script type=\"application\/ld+json\" class=\"yoast-schema-graph\">{\"@context\":\"https:\/\/schema.org\",\"@graph\":[{\"@type\":\"WebSite\",\"@id\":\"https:\/\/modulolda.com\/#website\",\"url\":\"https:\/\/modulolda.com\/\",\"name\":\"M\\u00f3dulo Racional\",\"description\":\"\",\"potentialAction\":[{\"@type\":\"SearchAction\",\"target\":{\"@type\":\"EntryPoint\",\"urlTemplate\":\"https:\/\/modulolda.com\/?s={search_term_string}\"},\"query-input\":\"required name=search_term_string\"}],\"inLanguage\":\"es\"},{\"@type\":\"WebPage\",\"@id\":\"https:\/\/modulolda.com\/es\/servicios-de-construccion\/#webpage\",\"url\":\"https:\/\/modulolda.com\/es\/servicios-de-construccion\/\",\"name\":\"Servicios de Construcci\\u00f3n | M\\u00f3dulo Racional - Azores\",\"isPartOf\":{\"@id\":\"https:\/\/modulolda.com\/#website\"},\"datePublished\":\"2022-06-21T09:57:23+00:00\",\"dateModified\":\"2022-07-14T14:18:05+00:00\",\"description\":\"Desde instalaciones el\\u00e9ctricas hasta revestimientos, tenemos a su disposici\\u00f3n un conjunto de servicios de construcci\\u00f3n para usted.\",\"breadcrumb\":{\"@id\":\"https:\/\/modulolda.com\/es\/servicios-de-construccion\/#breadcrumb\"},\"inLanguage\":\"es\",\"potentialAction\":[{\"@type\":\"ReadAction\",\"target\":[\"https:\/\/modulolda.com\/es\/servicios-de-construccion\/\"]}]},{\"@type\":\"BreadcrumbList\",\"@id\":\"https:\/\/modulolda.com\/es\/servicios-de-construccion\/#breadcrumb\",\"itemListElement\":[{\"@type\":\"ListItem\",\"position\":1,\"name\":\"In\\u00edcio\",\"item\":\"https:\/\/modulolda.com\/es\/\"},{\"@type\":\"ListItem\",\"position\":2,\"name\":\"Servicios\"}]}]}<\/script>\n<!-- \/ Yoast SEO plugin. -->","yoast_head_json":{"title":"Servicios de Construcci\u00f3n | M\u00f3dulo Racional - Azores","description":"Desde instalaciones el\u00e9ctricas hasta revestimientos, tenemos a su disposici\u00f3n un conjunto de servicios de construcci\u00f3n para usted.","robots":{"index":"index","follow":"follow","max-snippet":"max-snippet:-1","max-image-preview":"max-image-preview:large","max-video-preview":"max-video-preview:-1"},"canonical":"https:\/\/modulolda.com\/es\/servicios-de-construccion\/","og_locale":"es_ES","og_type":"article","og_title":"Servicios de Construcci\u00f3n | M\u00f3dulo Racional - Azores","og_description":"Desde instalaciones el\u00e9ctricas hasta revestimientos, tenemos a su disposici\u00f3n un conjunto de servicios de construcci\u00f3n para usted.","og_url":"https:\/\/modulolda.com\/es\/servicios-de-construccion\/","og_site_name":"M\u00f3dulo Racional","article_modified_time":"2022-07-14T14:18:05+00:00","twitter_card":"summary_large_image","schema":{"@context":"https:\/\/schema.org","@graph":[{"@type":"WebSite","@id":"https:\/\/modulolda.com\/#website","url":"https:\/\/modulolda.com\/","name":"M\u00f3dulo Racional","description":"","potentialAction":[{"@type":"SearchAction","target":{"@type":"EntryPoint","urlTemplate":"https:\/\/modulolda.com\/?s={search_term_string}"},"query-input":"required name=search_term_string"}],"inLanguage":"es"},{"@type":"WebPage","@id":"https:\/\/modulolda.com\/es\/servicios-de-construccion\/#webpage","url":"https:\/\/modulolda.com\/es\/servicios-de-construccion\/","name":"Servicios de Construcci\u00f3n | M\u00f3dulo Racional - Azores","isPartOf":{"@id":"https:\/\/modulolda.com\/#website"},"datePublished":"2022-06-21T09:57:23+00:00","dateModified":"2022-07-14T14:18:05+00:00","description":"Desde instalaciones el\u00e9ctricas hasta revestimientos, tenemos a su disposici\u00f3n un conjunto de servicios de construcci\u00f3n para usted.","breadcrumb":{"@id":"https:\/\/modulolda.com\/es\/servicios-de-construccion\/#breadcrumb"},"inLanguage":"es","potentialAction":[{"@type":"ReadAction","target":["https:\/\/modulolda.com\/es\/servicios-de-construccion\/"]}]},{"@type":"BreadcrumbList","@id":"https:\/\/modulolda.com\/es\/servicios-de-construccion\/#breadcrumb","itemListElement":[{"@type":"ListItem","position":1,"name":"In\u00edcio","item":"https:\/\/modulolda.com\/es\/"},{"@type":"ListItem","position":2,"name":"Servicios"}]}]}},"_links":{"self":[{"href":"https:\/\/modulolda.com\/es\/wp-json\/wp\/v2\/pages\/3469","targetHints":{"allow":["GET"]}}],"collection":[{"href":"https:\/\/modulolda.com\/es\/wp-json\/wp\/v2\/pages"}],"about":[{"href":"https:\/\/modulolda.com\/es\/wp-json\/wp\/v2\/types\/page"}],"author":[{"embeddable":true,"href":"https:\/\/modulolda.com\/es\/wp-json\/wp\/v2\/users\/1"}],"replies":[{"embeddable":true,"href":"https:\/\/modulolda.com\/es\/wp-json\/wp\/v2\/comments?post=3469"}],"version-history":[{"count":5,"href":"https:\/\/modulolda.com\/es\/wp-json\/wp\/v2\/pages\/3469\/revisions"}],"predecessor-version":[{"id":3680,"href":"https:\/\/modulolda.com\/es\/wp-json\/wp\/v2\/pages\/3469\/revisions\/3680"}],"wp:attachment":[{"href":"https:\/\/modulolda.com\/es\/wp-json\/wp\/v2\/media?parent=3469"}],"curies":[{"name":"wp","href":"https:\/\/api.w.org\/{rel}","templated":true}]}}