{"id":3463,"date":"2022-06-21T09:53:08","date_gmt":"2022-06-21T09:53:08","guid":{"rendered":"http:\/\/modulolda.com\/otras-asociaciones\/"},"modified":"2022-07-14T14:56:13","modified_gmt":"2022-07-14T14:56:13","slug":"otras-asociaciones","status":"publish","type":"page","link":"https:\/\/modulolda.com\/es\/otras-asociaciones\/","title":{"rendered":"Otras Asociaciones"},"content":{"rendered":"<p>[vc_row][vc_column]<div id=\"sc_title_1582870568\"\r\n\t\tclass=\"sc_title sc_title_default\"><h2 class=\"sc_item_title sc_title_title sc_align_center sc_item_title_style_default sc_item_title_tag\">Asociaciones<\/h2><\/div><!-- \/.sc_title -->[vc_column_text]<div class=\"wpb_column vc_column_container vc_col-sm-12 sc_layouts_column_icons_position_left\">\r\n\t\t\t<div class=\"parceiro_single col-md-12\">\r\n\t\t\t\t<div class=\"col-md-4\" style=\"float:left; text-align:center\">\r\n\t\t\t\t\t<img decoding=\"async\" src=\"https:\/\/modulolda.com\/wp-content\/uploads\/2023\/12\/craveiro-grupo.png\"\/>\r\n\t\t\t\t<\/div>\r\n\t\t\t\t<div class=\"col-md-8\" style=\"float:left\">\r\n\t\t\t\t\t<div class=\"parceiro_descricao\"><\/div>\r\n\t\t\t\t\t<a target=\"_blank\" style=\"margin-top:2rem\" href=\"https:\/\/craveiromobiliario.com\/\" id=\"sc_button_766964789 \" class=\"custom_button_link sc_button sc_button_default sc_button_size_normal sc_button_icon_left sc_button_hover_slide_left sc_button_hover_style_alter\">\r\n\t\t\t<span class=\"sc_button_text\"><span class=\"sc_button_title\">Saber Mas<\/span><\/span><!-- \/.sc_button_text -->\r\n\t\t<\/a>\r\n\t\t\t\t<\/div>\r\n\t\t<\/div>\r\n\t\t<div style=\"clear:both\"><\/div><div class=\"parceiro_single col-md-12\">\r\n\t\t\t\t<div class=\"col-md-4\" style=\"float:left; text-align:center\">\r\n\t\t\t\t\t<img decoding=\"async\" src=\"https:\/\/modulolda.com\/wp-content\/uploads\/2021\/12\/Soledade-e-Filhos.png\"\/>\r\n\t\t\t\t<\/div>\r\n\t\t\t\t<div class=\"col-md-8\" style=\"float:left\">\r\n\t\t\t\t\t<div class=\"parceiro_descricao\">La empresa SF-Soledade & Filhos Lda. es una referencia en el mercado de la repintura Autom\u00f3vil en productos \"nonpaint\", Construcci\u00f3n civil desde pinturas a sistemas de aislamiento t\u00e9rmico y pinturas para el sector Industrial, Epis de seguridad, Pavimentos y cer\u00e1micos de alta calidad , herramientas manuales, lubricantes especiales, entre otras \u00e1reas en las que la empresa se encuentra involucrada.<\/div>\r\n\t\t\t\t\t<a target=\"_blank\" style=\"margin-top:2rem\" href=\"https:\/\/www.soledadelda.com\/\" id=\"sc_button_766964789 \" class=\"custom_button_link sc_button sc_button_default sc_button_size_normal sc_button_icon_left sc_button_hover_slide_left sc_button_hover_style_alter\">\r\n\t\t\t<span class=\"sc_button_text\"><span class=\"sc_button_title\">Saber Mas<\/span><\/span><!-- \/.sc_button_text -->\r\n\t\t<\/a>\r\n\t\t\t\t<\/div>\r\n\t\t<\/div>\r\n\t\t<div style=\"clear:both\"><\/div><div class=\"parceiro_single col-md-12\">\r\n\t\t\t\t<div class=\"col-md-4\" style=\"float:left; text-align:center\">\r\n\t\t\t\t\t<img decoding=\"async\" src=\"https:\/\/modulolda.com\/wp-content\/uploads\/2021\/12\/OCP.jpg\"\/>\r\n\t\t\t\t<\/div>\r\n\t\t\t\t<div class=\"col-md-8\" style=\"float:left\">\r\n\t\t\t\t\t<div class=\"parceiro_descricao\">A Oliveira & Cunha Pereira, Lda. (OCP) es una empresa con sede en la regi\u00f3n de Barcelos - Portugal, que inici\u00f3 su actividad en el a\u00f1o 2001, en el suministro y aplicaci\u00f3n de falsos techos, tabiques y soluciones de aislamiento t\u00e9rmico y ac\u00fastico.<\/div>\r\n\t\t\t\t\t<a target=\"_blank\" style=\"margin-top:2rem\" href=\"https:\/\/www.ocprevestimentos.com\/\" id=\"sc_button_766964789 \" class=\"custom_button_link sc_button sc_button_default sc_button_size_normal sc_button_icon_left sc_button_hover_slide_left sc_button_hover_style_alter\">\r\n\t\t\t<span class=\"sc_button_text\"><span class=\"sc_button_title\">Saber Mas<\/span><\/span><!-- \/.sc_button_text -->\r\n\t\t<\/a>\r\n\t\t\t\t<\/div>\r\n\t\t<\/div>\r\n\t\t<div style=\"clear:both\"><\/div><div class=\"parceiro_single col-md-12\">\r\n\t\t\t\t<div class=\"col-md-4\" style=\"float:left; text-align:center\">\r\n\t\t\t\t\t<img decoding=\"async\" src=\"https:\/\/modulolda.com\/wp-content\/uploads\/2021\/12\/Madeiras-Sardinha.jpg\"\/>\r\n\t\t\t\t<\/div>\r\n\t\t\t\t<div class=\"col-md-8\" style=\"float:left\">\r\n\t\t\t\t\t<div class=\"parceiro_descricao\">Desde 1981 se dedican a la extracci\u00f3n y aserradero de Madera de Criptom\u00e9ria de las Azores, para carpinter\u00edas, construcci\u00f3n civil, estructuras, casa en madera y trabajos a medida.<\/div>\r\n\t\t\t\t\t<a target=\"_blank\" style=\"margin-top:2rem\" href=\"https:\/\/www.facebook.com\/MadeirasSardinha\/\" id=\"sc_button_766964789 \" class=\"custom_button_link sc_button sc_button_default sc_button_size_normal sc_button_icon_left sc_button_hover_slide_left sc_button_hover_style_alter\">\r\n\t\t\t<span class=\"sc_button_text\"><span class=\"sc_button_title\">Saber Mas<\/span><\/span><!-- \/.sc_button_text -->\r\n\t\t<\/a>\r\n\t\t\t\t<\/div>\r\n\t\t<\/div>\r\n\t\t<div style=\"clear:both\"><\/div><div class=\"parceiro_single col-md-12\">\r\n\t\t\t\t<div class=\"col-md-4\" style=\"float:left; text-align:center\">\r\n\t\t\t\t\t<img decoding=\"async\" src=\"https:\/\/modulolda.com\/wp-content\/uploads\/2021\/12\/Jose-Freitas.jpg\"\/>\r\n\t\t\t\t<\/div>\r\n\t\t\t\t<div class=\"col-md-8\" style=\"float:left\">\r\n\t\t\t\t\t<div class=\"parceiro_descricao\">JFreitas Constru\u00e7\u00e3o comercializa y distribuye materiales de construcci\u00f3n para acabados, accesorios y complementos de ba\u00f1o y cocina, art\u00edculos de bricolaje, herramientas manuales y el\u00e9ctricas.<\/div>\r\n\t\t\t\t\t<a target=\"_blank\" style=\"margin-top:2rem\" href=\"https:\/\/jfreitas.eu\/\" id=\"sc_button_766964789 \" class=\"custom_button_link sc_button sc_button_default sc_button_size_normal sc_button_icon_left sc_button_hover_slide_left sc_button_hover_style_alter\">\r\n\t\t\t<span class=\"sc_button_text\"><span class=\"sc_button_title\">Saber Mas<\/span><\/span><!-- \/.sc_button_text -->\r\n\t\t<\/a>\r\n\t\t\t\t<\/div>\r\n\t\t<\/div>\r\n\t\t<div style=\"clear:both\"><\/div><div class=\"parceiro_single col-md-12\">\r\n\t\t\t\t<div class=\"col-md-4\" style=\"float:left; text-align:center\">\r\n\t\t\t\t\t<img decoding=\"async\" src=\"https:\/\/modulolda.com\/wp-content\/uploads\/2021\/12\/Irmaos-Duarte.jpg\"\/>\r\n\t\t\t\t<\/div>\r\n\t\t\t\t<div class=\"col-md-8\" style=\"float:left\">\r\n\t\t\t\t\t<div class=\"parceiro_descricao\">Son una empresa certificada y licenciada por \u00e9l INCI, a trav\u00e9s de la Licencia de Construcci\u00f3n n\u00ba 20118. Disponen de una excelente cuota de mercado que se expande por toda la isla de S\u00e3o Miguel pero que tiene especial incidencia en los municipios de Povoa\u00e7\u00e3o y Nordeste. En la carretera da Lomba do Lou\u00e7\u00e3o podr\u00e1 encontrar sus astilleros donde se concentra el parque de m\u00e1quinas, veh\u00edculos y equipos. Todav\u00eda en los astilleros de la empresa se encuentra la planta de hormig\u00f3n listo, totalmente automatizado y con una capacidad de respuesta de aproximadamente 40 metros c\u00fabicos \/ hora. Disponen adem\u00e1s de una pista de fabricaci\u00f3n de bloques as\u00ed como vigas con y sin refuerzo.<\/div>\r\n\t\t\t\t\t<a target=\"_blank\" style=\"margin-top:2rem\" href=\"http:\/\/irmaosduarte.pt\/index.html\" id=\"sc_button_766964789 \" class=\"custom_button_link sc_button sc_button_default sc_button_size_normal sc_button_icon_left sc_button_hover_slide_left sc_button_hover_style_alter\">\r\n\t\t\t<span class=\"sc_button_text\"><span class=\"sc_button_title\">Saber Mas<\/span><\/span><!-- \/.sc_button_text -->\r\n\t\t<\/a>\r\n\t\t\t\t<\/div>\r\n\t\t<\/div>\r\n\t\t<div style=\"clear:both\"><\/div><div class=\"parceiro_single col-md-12\">\r\n\t\t\t\t<div class=\"col-md-4\" style=\"float:left; text-align:center\">\r\n\t\t\t\t\t<img decoding=\"async\" src=\"https:\/\/modulolda.com\/wp-content\/uploads\/2021\/12\/AzorDuarte.jpg\"\/>\r\n\t\t\t\t<\/div>\r\n\t\t\t\t<div class=\"col-md-8\" style=\"float:left\">\r\n\t\t\t\t\t<div class=\"parceiro_descricao\">Venta de Materiales de Construcci\u00f3n, Maquinas y Herramientas, Electrodom\u00e9sticos, Material Inform\u00e1tico y Software.<\/div>\r\n\t\t\t\t\t<a target=\"_blank\" style=\"margin-top:2rem\" href=\"https:\/\/www.facebook.com\/azorduartelda\/\" id=\"sc_button_766964789 \" class=\"custom_button_link sc_button sc_button_default sc_button_size_normal sc_button_icon_left sc_button_hover_slide_left sc_button_hover_style_alter\">\r\n\t\t\t<span class=\"sc_button_text\"><span class=\"sc_button_title\">Saber Mas<\/span><\/span><!-- \/.sc_button_text -->\r\n\t\t<\/a>\r\n\t\t\t\t<\/div>\r\n\t\t<\/div>\r\n\t\t<div style=\"clear:both\"><\/div>\r\n\t<\/div>[\/vc_column_text][\/vc_column][\/vc_row][vc_row][vc_column]<div id=\"sc_title_1236323221\"\r\n\t\tclass=\"sc_title sc_title_default\"><h2 class=\"sc_item_title sc_title_title sc_align_center sc_item_title_style_default sc_item_title_tag\">Otras Asociaciones<\/h2><\/div><!-- \/.sc_title -->[vc_column_text]<div class=\"outras_parcerias_container\">\r\n\t\t\t\r\n\t<\/div>[\/vc_column_text][\/vc_column][\/vc_row]<\/p>\n","protected":false},"excerpt":{"rendered":"<p>[vc_row][vc_column][vc_column_text][\/vc_column_text][\/vc_column][\/vc_row][vc_row][vc_column][vc_column_text][\/vc_column_text][\/vc_column][\/vc_row]<\/p>\n","protected":false},"author":1,"featured_media":0,"parent":0,"menu_order":0,"comment_status":"closed","ping_status":"closed","template":"","meta":{"footnotes":""},"class_list":["post-3463","page","type-page","status-publish","hentry"],"yoast_head":"<!-- This site is optimized with the Yoast SEO plugin v17.8 - https:\/\/yoast.com\/wordpress\/plugins\/seo\/ -->\n<title>Otras Asociaciones - M\u00f3dulo Racional<\/title>\n<meta name=\"description\" content=\"Sin estos socios no ser\u00edamos la empresa que somos actualmente. No solo hablamos de eficacia. La calidad tambi\u00e9n es importante.\" \/>\n<meta name=\"robots\" content=\"index, follow, max-snippet:-1, max-image-preview:large, max-video-preview:-1\" \/>\n<link rel=\"canonical\" href=\"https:\/\/modulolda.com\/es\/otras-asociaciones\/\" \/>\n<meta property=\"og:locale\" content=\"es_ES\" \/>\n<meta property=\"og:type\" content=\"article\" \/>\n<meta property=\"og:title\" content=\"Otras Asociaciones - M\u00f3dulo Racional\" \/>\n<meta property=\"og:description\" content=\"Sin estos socios no ser\u00edamos la empresa que somos actualmente. No solo hablamos de eficacia. La calidad tambi\u00e9n es importante.\" \/>\n<meta property=\"og:url\" content=\"https:\/\/modulolda.com\/es\/otras-asociaciones\/\" \/>\n<meta property=\"og:site_name\" content=\"M\u00f3dulo Racional\" \/>\n<meta property=\"article:modified_time\" content=\"2022-07-14T14:56:13+00:00\" \/>\n<meta name=\"twitter:card\" content=\"summary_large_image\" \/>\n<script type=\"application\/ld+json\" class=\"yoast-schema-graph\">{\"@context\":\"https:\/\/schema.org\",\"@graph\":[{\"@type\":\"WebSite\",\"@id\":\"https:\/\/modulolda.com\/#website\",\"url\":\"https:\/\/modulolda.com\/\",\"name\":\"M\\u00f3dulo Racional\",\"description\":\"\",\"potentialAction\":[{\"@type\":\"SearchAction\",\"target\":{\"@type\":\"EntryPoint\",\"urlTemplate\":\"https:\/\/modulolda.com\/?s={search_term_string}\"},\"query-input\":\"required name=search_term_string\"}],\"inLanguage\":\"es\"},{\"@type\":\"WebPage\",\"@id\":\"https:\/\/modulolda.com\/es\/otras-asociaciones\/#webpage\",\"url\":\"https:\/\/modulolda.com\/es\/otras-asociaciones\/\",\"name\":\"Otras Asociaciones - M\\u00f3dulo Racional\",\"isPartOf\":{\"@id\":\"https:\/\/modulolda.com\/#website\"},\"datePublished\":\"2022-06-21T09:53:08+00:00\",\"dateModified\":\"2022-07-14T14:56:13+00:00\",\"description\":\"Sin estos socios no ser\\u00edamos la empresa que somos actualmente. No solo hablamos de eficacia. La calidad tambi\\u00e9n es importante.\",\"breadcrumb\":{\"@id\":\"https:\/\/modulolda.com\/es\/otras-asociaciones\/#breadcrumb\"},\"inLanguage\":\"es\",\"potentialAction\":[{\"@type\":\"ReadAction\",\"target\":[\"https:\/\/modulolda.com\/es\/otras-asociaciones\/\"]}]},{\"@type\":\"BreadcrumbList\",\"@id\":\"https:\/\/modulolda.com\/es\/otras-asociaciones\/#breadcrumb\",\"itemListElement\":[{\"@type\":\"ListItem\",\"position\":1,\"name\":\"In\\u00edcio\",\"item\":\"https:\/\/modulolda.com\/es\/\"},{\"@type\":\"ListItem\",\"position\":2,\"name\":\"Otras Asociaciones\"}]}]}<\/script>\n<!-- \/ Yoast SEO plugin. -->","yoast_head_json":{"title":"Otras Asociaciones - M\u00f3dulo Racional","description":"Sin estos socios no ser\u00edamos la empresa que somos actualmente. No solo hablamos de eficacia. La calidad tambi\u00e9n es importante.","robots":{"index":"index","follow":"follow","max-snippet":"max-snippet:-1","max-image-preview":"max-image-preview:large","max-video-preview":"max-video-preview:-1"},"canonical":"https:\/\/modulolda.com\/es\/otras-asociaciones\/","og_locale":"es_ES","og_type":"article","og_title":"Otras Asociaciones - M\u00f3dulo Racional","og_description":"Sin estos socios no ser\u00edamos la empresa que somos actualmente. No solo hablamos de eficacia. La calidad tambi\u00e9n es importante.","og_url":"https:\/\/modulolda.com\/es\/otras-asociaciones\/","og_site_name":"M\u00f3dulo Racional","article_modified_time":"2022-07-14T14:56:13+00:00","twitter_card":"summary_large_image","schema":{"@context":"https:\/\/schema.org","@graph":[{"@type":"WebSite","@id":"https:\/\/modulolda.com\/#website","url":"https:\/\/modulolda.com\/","name":"M\u00f3dulo Racional","description":"","potentialAction":[{"@type":"SearchAction","target":{"@type":"EntryPoint","urlTemplate":"https:\/\/modulolda.com\/?s={search_term_string}"},"query-input":"required name=search_term_string"}],"inLanguage":"es"},{"@type":"WebPage","@id":"https:\/\/modulolda.com\/es\/otras-asociaciones\/#webpage","url":"https:\/\/modulolda.com\/es\/otras-asociaciones\/","name":"Otras Asociaciones - M\u00f3dulo Racional","isPartOf":{"@id":"https:\/\/modulolda.com\/#website"},"datePublished":"2022-06-21T09:53:08+00:00","dateModified":"2022-07-14T14:56:13+00:00","description":"Sin estos socios no ser\u00edamos la empresa que somos actualmente. No solo hablamos de eficacia. La calidad tambi\u00e9n es importante.","breadcrumb":{"@id":"https:\/\/modulolda.com\/es\/otras-asociaciones\/#breadcrumb"},"inLanguage":"es","potentialAction":[{"@type":"ReadAction","target":["https:\/\/modulolda.com\/es\/otras-asociaciones\/"]}]},{"@type":"BreadcrumbList","@id":"https:\/\/modulolda.com\/es\/otras-asociaciones\/#breadcrumb","itemListElement":[{"@type":"ListItem","position":1,"name":"In\u00edcio","item":"https:\/\/modulolda.com\/es\/"},{"@type":"ListItem","position":2,"name":"Otras Asociaciones"}]}]}},"_links":{"self":[{"href":"https:\/\/modulolda.com\/es\/wp-json\/wp\/v2\/pages\/3463","targetHints":{"allow":["GET"]}}],"collection":[{"href":"https:\/\/modulolda.com\/es\/wp-json\/wp\/v2\/pages"}],"about":[{"href":"https:\/\/modulolda.com\/es\/wp-json\/wp\/v2\/types\/page"}],"author":[{"embeddable":true,"href":"https:\/\/modulolda.com\/es\/wp-json\/wp\/v2\/users\/1"}],"replies":[{"embeddable":true,"href":"https:\/\/modulolda.com\/es\/wp-json\/wp\/v2\/comments?post=3463"}],"version-history":[{"count":4,"href":"https:\/\/modulolda.com\/es\/wp-json\/wp\/v2\/pages\/3463\/revisions"}],"predecessor-version":[{"id":3798,"href":"https:\/\/modulolda.com\/es\/wp-json\/wp\/v2\/pages\/3463\/revisions\/3798"}],"wp:attachment":[{"href":"https:\/\/modulolda.com\/es\/wp-json\/wp\/v2\/media?parent=3463"}],"curies":[{"name":"wp","href":"https:\/\/api.w.org\/{rel}","templated":true}]}}