{"id":3461,"date":"2022-06-21T09:50:47","date_gmt":"2022-06-21T09:50:47","guid":{"rendered":"http:\/\/modulolda.com\/mision-social\/"},"modified":"2022-07-14T14:58:51","modified_gmt":"2022-07-14T14:58:51","slug":"apoyo-social","status":"publish","type":"page","link":"https:\/\/modulolda.com\/es\/apoyo-social\/","title":{"rendered":"Misi\u00f3n Social"},"content":{"rendered":"<p>[vc_row full_width=\u00bbstretch_row_content_no_spaces\u00bb][vc_column][vc_column_text]<div style=\"background-image: url(https:\/\/modulolda.com\/wp-content\/uploads\/2022\/04\/apoio-social_Prancheta-1.png) !important;\r\n\tbackground-position: center left;\r\n\tbackground-repeat: no-repeat !important;\r\n\tbackground-size: cover !important;\" class=\"vc_row wpb_row vc_row-fluid vc_custom_1490363300257 vc_row-has-fill\" >\r\n\t\t\t<div class=\"container\">\r\n\t\t\t<div style=\"padding-right:2rem; padding-left:2rem;\">\r\n\t\t <div class=\"wpb_column vc_column_container vc_col-sm-6 sc_layouts_column_icons_position_left\">\r\n\t\t\t\t<div class=\"vc_column-inner vc_custom_1493814418678\">\r\n\t\t\t\t\t <div class=\"wpb_wrapper\">\r\n\t\t\t\t\t\t\t<div class=\"vc_empty_space  vc_custom_1493814400726 height_huge\" style=\"height: 32px\"><span class=\"vc_empty_space_inner\"><\/span><\/div>\r\n\t\t\t\t\t\t\t<div id=\"sc_title_1764821234\" class=\"sc_title sc_title_default\">\r\n\t\t\t\t\t\t\t\t <h1 class=\"primary_custom_color sc_item_title sc_title_title sc_align_left sc_item_title_style_default sc_item_title_tag\">Cuidar de Quien Cuida<\/h1>\r\n\t\t\t\t\t\t\t<\/div>\r\n\t\t\t\t\t\t\t<!-- \/.sc_title -->\r\n\t\t\t\t\t\t\t<div class=\"vc_empty_space  height_small\" style=\"height: 32px\"><span class=\"vc_empty_space_inner\"><\/span><\/div>\r\n\t\t\t\t\t\t\t<div class=\"wpb_text_column wpb_content_element \">\r\n\t\t\t\t\t\t\t\t <div class=\"wpb_wrapper primary_custom_color\">\r\n\t\t\t\t\t\t\t\t <p>La Asociaci\u00f3n Deras &#8211; C\u00edrculo de Apoyo al Cuidador de las Azores -, naci\u00f3 fruto de la experiencia personal de los cerca de medio centenar de fundadores, con el apoyo de una empresa que acept\u00f3 la misi\u00f3n social propuesta, y de la asociaci\u00f3n estrat\u00e9gica con la Asociaci\u00f3n Nacional de Cuidadores Informales, aunque totalmente aut\u00f3nomos en cuanto a la intervenci\u00f3n. Fundada en 2021, es una asociaci\u00f3n sin fines de lucro, con sede en Ribeira Grande y con el n\u00famero de persona jur\u00eddica 516686763.<\/p>\n<p>Esta Asociaci\u00f3n fue creada por la necesidad apremiante de apoyar a los cuidadores informales en la ardua tarea que realizan diariamente en favor de personas dependientes en su domicilio. Es un trabajo que merece respeto y exige de esas personas un esfuerzo f\u00edsico y mental incalculable.<\/p>\n<p>Ayudamos en esta misi\u00f3n con el deseo de que todos estos cuidadores tengan el apoyo que tanto necesitan y merecen.<\/p>\n<p style=\"text-align: right;\"><strong>La sostenibilidad est\u00e1 en manos de los cuidadores.\u00a0<\/strong><\/p>\n<p style=\"text-align: right;\"><strong>Unidos en una misi\u00f3n, por qui\u00e9n cuid\u00f3, para qui\u00e9n cuida.<\/strong><\/p>\n\r\n\t\t\t\t\t\t\t\t <\/div>\r\n\t\t\t\t\t\t\t<\/div>\r\n\t\t\t\t\t\t\t<br>\r\n\t\t\t\t\t\t\t<a target=\"_blank\" href=\"https:\/\/modulolda.com\/wp-content\/uploads\/2022\/03\/Ficha-de-Socio.pdf\" id=\"sc_button_766964789 \" class=\"custom_button_link sc_button sc_button_default sc_button_size_normal sc_button_icon_left sc_button_hover_slide_left sc_button_hover_style_alter\">\r\n\t\t\t\t\t\t\t\t<span class=\"sc_button_text\"><span class=\"sc_button_title\">Adquisici\u00f3n de Membres\u00eda<\/span><\/span><!-- \/.sc_button_text -->\r\n\t\t\t\t\t\t\t<\/a>\r\n\t\t\t\t\t\t\t<div class=\"vc_empty_space  height_large\" style=\"height: 32px\"><span class=\"vc_empty_space_inner\"><\/span><\/div>\r\n\t\t\t\t\t\t\t<div class=\"vc_empty_space  height_small\" style=\"height: 32px\"><span class=\"vc_empty_space_inner\"><\/span><\/div>\r\n\t\t\t\t\t\t\t<div class=\"vc_empty_space  height_tiny\" style=\"height: 32px\"><span class=\"vc_empty_space_inner\"><\/span><\/div>\r\n\t\t\t\t\t <\/div>\r\n\t\t\t\t<\/div>\r\n\t\t <\/div>\r\n\t\t <div class=\"wpb_column vc_column_container vc_col-sm-6 sc_layouts_column_icons_position_left\">\r\n\t\t\t\t<div class=\"vc_column-inner\">\r\n\t\t\t\t\t <div class=\"wpb_wrapper\"><\/div>\r\n\t\t\t\t<\/div>\r\n\t\t <\/div>\r\n\t\t <\/div>\r\n\t\t <\/div>\r\n\t<\/div>\r\n\t[\/vc_column_text][\/vc_column][\/vc_row][vc_row][vc_column][vc_column_text]<div class=\"wpb_column vc_column_container vc_col-sm-12 sc_layouts_column_icons_position_left\">\r\n\t\t <div class=\"vc_column-inner\">\r\n\t\t\t\t<div class=\"wpb_wrapper\">\r\n\t\t\t\t\t <div class=\"vc_empty_space  vc_custom_1493889154331 height_huge\" style=\"height: 32px\"><span class=\"vc_empty_space_inner\"><\/span><\/div>\r\n\t\t\t\t\t <div id=\"sc_services_882178609\" class=\"sc_services sc_services_default sc_services_featured_left\">\r\n\t\t\t\t\t\t\t<h2 class=\"sc_item_title sc_services_title sc_align_center sc_item_title_style_default sc_item_title_tag\">Nuestros ideales<\/h2>\r\n\t\t\t\t\t\t\t<div class=\"sc_services_columns sc_item_columns sc_item_columns_3 trx_addons_columns_wrap columns_padding_bottom\">\r\n\t\t\t\t\t\t\t\t <div class=\"col-md-6 col-lg-4\" style=\"float:left\">\r\n\t\t\t\t<div class=\"sc_services_item with_content with_icon sc_services_item_featured_left\">\r\n\t\t\t\t\t<a class=\"sc_services_item_icon icon-paint-roller\"><\/a>\t\r\n\t\t\t\t\t<div class=\"sc_services_item_info\">\r\n\t\t\t\t\t\t\t<div class=\"sc_services_item_header\">\r\n\t\t\t\t\t\t\t\t<h5 class=\"service_text_color sc_services_item_title\">Objetivo<\/h5>\r\n\t\t\t\t\t\t\t<\/div>\r\n\t\t\t\t\t\t\t<div class=\"sc_services_item_content\">\r\n\t\t\t\t\t\t\t\t<p class=\"service_text_color\">Defensa de los intereses, derechos, protecci\u00f3n y apoyo a los consumidores informales de las Azores.<\/p>\r\n\t\t\t\t\t\t\t<\/div>\r\n\t\t\t\t\t<\/div>\r\n\t\t\t\t<\/div>\r\n\t\t<\/div><div class=\"col-md-6 col-lg-4\" style=\"float:left\">\r\n\t\t\t\t<div class=\"sc_services_item with_content with_icon sc_services_item_featured_left\">\r\n\t\t\t\t\t<a class=\"sc_services_item_icon icon-paint-brush-2\"><\/a>\t\r\n\t\t\t\t\t<div class=\"sc_services_item_info\">\r\n\t\t\t\t\t\t\t<div class=\"sc_services_item_header\">\r\n\t\t\t\t\t\t\t\t<h5 class=\"service_text_color sc_services_item_title\">Misi\u00f3n<\/h5>\r\n\t\t\t\t\t\t\t<\/div>\r\n\t\t\t\t\t\t\t<div class=\"sc_services_item_content\">\r\n\t\t\t\t\t\t\t\t<p class=\"service_text_color\">Promover la inclusi\u00f3n y disminuir el aislamiento de los cuidadores informales azorianos, con respeto por las diferencias, con justicia, celeridad y solidaridad.<\/p>\r\n\t\t\t\t\t\t\t<\/div>\r\n\t\t\t\t\t<\/div>\r\n\t\t\t\t<\/div>\r\n\t\t<\/div><div class=\"col-md-6 col-lg-4\" style=\"float:left\">\r\n\t\t\t\t<div class=\"sc_services_item with_content with_icon sc_services_item_featured_left\">\r\n\t\t\t\t\t<a class=\"sc_services_item_icon icon-spray-paint\"><\/a>\t\r\n\t\t\t\t\t<div class=\"sc_services_item_info\">\r\n\t\t\t\t\t\t\t<div class=\"sc_services_item_header\">\r\n\t\t\t\t\t\t\t\t<h5 class=\"service_text_color sc_services_item_title\">Visi\u00f3n<\/h5>\r\n\t\t\t\t\t\t\t<\/div>\r\n\t\t\t\t\t\t\t<div class=\"sc_services_item_content\">\r\n\t\t\t\t\t\t\t\t<p class=\"service_text_color\">Ser una referencia de apoyo y un veh\u00edculo de uni\u00f3n y desarrollo regional, favoreciendo la calidad de vida de quien cuida.<\/p>\r\n\t\t\t\t\t\t\t<\/div>\r\n\t\t\t\t\t<\/div>\r\n\t\t\t\t<\/div>\r\n\t\t<\/div><div class=\"col-md-6 col-lg-4\" style=\"float:left\">\r\n\t\t\t\t<div class=\"sc_services_item with_content with_icon sc_services_item_featured_left\">\r\n\t\t\t\t\t<a class=\"sc_services_item_icon icon-paint-can\"><\/a>\t\r\n\t\t\t\t\t<div class=\"sc_services_item_info\">\r\n\t\t\t\t\t\t\t<div class=\"sc_services_item_header\">\r\n\t\t\t\t\t\t\t\t<h5 class=\"service_text_color sc_services_item_title\">Valores<\/h5>\r\n\t\t\t\t\t\t\t<\/div>\r\n\t\t\t\t\t\t\t<div class=\"sc_services_item_content\">\r\n\t\t\t\t\t\t\t\t<p class=\"service_text_color\">Confidencialidad, privacidad, responsabilidad, rigor, integridad y solidaridad.<\/p>\r\n\t\t\t\t\t\t\t<\/div>\r\n\t\t\t\t\t<\/div>\r\n\t\t\t\t<\/div>\r\n\t\t<\/div>\r\n\t\t\t\t\t\t\t<\/div>\r\n\t\t\t\t\t <\/div>\r\n\t\t\t\t\t <!-- \/.sc_services -->\r\n\t\t\t\t\t <div class=\"vc_empty_space  vc_custom_1493899096571 height_medium\" style=\"height: 32px\"><span class=\"vc_empty_space_inner\"><\/span><\/div>\r\n\t\t\t\t<\/div>\r\n\t\t <\/div>\r\n\t<\/div>[\/vc_column_text][vc_empty_space alter_height=\u00bbmedium\u00bb hide_on_mobile=\u00bb\u00bb css=\u00bb.vc_custom_1493899096571{margin-bottom: 1.95rem !important;}\u00bb][\/vc_column][\/vc_row][vc_row][vc_column][vc_column_text]<div class=\"wpb_column vc_column_container vc_col-sm-12 sc_layouts_column_icons_position_left\">\r\n\t\t <div class=\"vc_column-inner\">\r\n\t\t\t\t<div class=\"grid-wrapper-apoio-social\">\r\n\t\t\t\t\t\r\n\t\t\t\t<\/div>\r\n\t\t <\/div>\r\n\t<\/div>[\/vc_column_text][\/vc_column][\/vc_row][vc_row disable_element=\u00bbyes\u00bb][vc_column][vc_column_text]<div class=\"wpb_column vc_column_container vc_col-sm-12 sc_layouts_column_icons_position_left\">\r\n\t\t <div class=\"vc_column-inner\">\r\n\t\t\t\t<div class=\"wpb_wrapper\">\r\n\t\t\t\t\t <div id=\"sc_title_915256678\" class=\"sc_title sc_title_default\">\r\n\t\t\t\t\t\t\t<h2 class=\"sc_item_title sc_title_title sc_align_center sc_item_title_style_default sc_item_title_tag\"><\/h2>\r\n\t\t\t\t\t <\/div>\r\n\t\t\t\t\t <!-- \/.sc_title -->\r\n\t\t\t\t\t <div id=\"apoio_empresas_envolvidas\">\r\n\t\t\t\t\t \t\r\n\t\t\t\t\t <\/div>\r\n\t\t\t\t\t <div class=\"vc_empty_space  vc_custom_1493899096571 height_medium\" style=\"height: 32px\"><span class=\"vc_empty_space_inner\"><\/span><\/div>\r\n\t\t\t\t<\/div>\r\n\t\t <\/div>\r\n\t<\/div>[\/vc_column_text][\/vc_column][\/vc_row]<\/p>\n","protected":false},"excerpt":{"rendered":"<p>[vc_row full_width=\u00bbstretch_row_content_no_spaces\u00bb][vc_column][vc_column_text][\/vc_column_text][\/vc_column][\/vc_row][vc_row][vc_column][vc_column_text][\/vc_column_text][vc_empty_space alter_height=\u00bbmedium\u00bb hide_on_mobile=\u00bb\u00bb css=\u00bb.vc_custom_1493899096571{margin-bottom: 1.95rem !important;}\u00bb][\/vc_column][\/vc_row][vc_row][vc_column][vc_column_text][\/vc_column_text][\/vc_column][\/vc_row][vc_row disable_element=\u00bbyes\u00bb][vc_column][vc_column_text][\/vc_column_text][\/vc_column][\/vc_row]<\/p>\n","protected":false},"author":1,"featured_media":3389,"parent":0,"menu_order":0,"comment_status":"closed","ping_status":"closed","template":"","meta":{"footnotes":""},"class_list":["post-3461","page","type-page","status-publish","has-post-thumbnail","hentry"],"yoast_head":"<!-- This site is optimized with the Yoast SEO plugin v17.8 - https:\/\/yoast.com\/wordpress\/plugins\/seo\/ -->\n<title>Cuidar de Quien Cuida | Misi\u00f3n Social - M\u00f3dulo Racional - Azores<\/title>\n<meta name=\"description\" content=\"La Asociaci\u00f3n Deras es un c\u00edrculo de ayuda al cuidador, unidos por una misi\u00f3n: ser un apoyo social para los cuidadores informales.\" \/>\n<meta name=\"robots\" content=\"index, follow, max-snippet:-1, max-image-preview:large, max-video-preview:-1\" \/>\n<link rel=\"canonical\" href=\"https:\/\/modulolda.com\/es\/apoyo-social\/\" \/>\n<meta property=\"og:locale\" content=\"es_ES\" \/>\n<meta property=\"og:type\" content=\"article\" \/>\n<meta property=\"og:title\" content=\"Cuidar de Quien Cuida | Misi\u00f3n Social - M\u00f3dulo Racional - Azores\" \/>\n<meta property=\"og:description\" content=\"La Asociaci\u00f3n Deras es un c\u00edrculo de ayuda al cuidador, unidos por una misi\u00f3n: ser un apoyo social para los cuidadores informales.\" \/>\n<meta property=\"og:url\" content=\"https:\/\/modulolda.com\/es\/apoyo-social\/\" \/>\n<meta property=\"og:site_name\" content=\"M\u00f3dulo Racional\" \/>\n<meta property=\"article:modified_time\" content=\"2022-07-14T14:58:51+00:00\" \/>\n<meta property=\"og:image\" content=\"https:\/\/modulolda.com\/wp-content\/uploads\/2022\/04\/yo_Prancheta-1.png\" \/>\n\t<meta property=\"og:image:width\" content=\"2560\" \/>\n\t<meta property=\"og:image:height\" content=\"1707\" \/>\n<meta name=\"twitter:card\" content=\"summary_large_image\" \/>\n<meta name=\"twitter:label1\" content=\"Tiempo de lectura\" \/>\n\t<meta name=\"twitter:data1\" content=\"1 minuto\" \/>\n<script type=\"application\/ld+json\" class=\"yoast-schema-graph\">{\"@context\":\"https:\/\/schema.org\",\"@graph\":[{\"@type\":\"WebSite\",\"@id\":\"https:\/\/modulolda.com\/#website\",\"url\":\"https:\/\/modulolda.com\/\",\"name\":\"M\\u00f3dulo Racional\",\"description\":\"\",\"potentialAction\":[{\"@type\":\"SearchAction\",\"target\":{\"@type\":\"EntryPoint\",\"urlTemplate\":\"https:\/\/modulolda.com\/?s={search_term_string}\"},\"query-input\":\"required name=search_term_string\"}],\"inLanguage\":\"es\"},{\"@type\":\"ImageObject\",\"@id\":\"https:\/\/modulolda.com\/es\/apoyo-social\/#primaryimage\",\"inLanguage\":\"es\",\"url\":\"https:\/\/modulolda.com\/wp-content\/uploads\/2022\/04\/yo_Prancheta-1.png\",\"contentUrl\":\"https:\/\/modulolda.com\/wp-content\/uploads\/2022\/04\/yo_Prancheta-1.png\",\"width\":2560,\"height\":1707},{\"@type\":\"WebPage\",\"@id\":\"https:\/\/modulolda.com\/es\/apoyo-social\/#webpage\",\"url\":\"https:\/\/modulolda.com\/es\/apoyo-social\/\",\"name\":\"Cuidar de Quien Cuida | Misi\\u00f3n Social - M\\u00f3dulo Racional - Azores\",\"isPartOf\":{\"@id\":\"https:\/\/modulolda.com\/#website\"},\"primaryImageOfPage\":{\"@id\":\"https:\/\/modulolda.com\/es\/apoyo-social\/#primaryimage\"},\"datePublished\":\"2022-06-21T09:50:47+00:00\",\"dateModified\":\"2022-07-14T14:58:51+00:00\",\"description\":\"La Asociaci\\u00f3n Deras es un c\\u00edrculo de ayuda al cuidador, unidos por una misi\\u00f3n: ser un apoyo social para los cuidadores informales.\",\"breadcrumb\":{\"@id\":\"https:\/\/modulolda.com\/es\/apoyo-social\/#breadcrumb\"},\"inLanguage\":\"es\",\"potentialAction\":[{\"@type\":\"ReadAction\",\"target\":[\"https:\/\/modulolda.com\/es\/apoyo-social\/\"]}]},{\"@type\":\"BreadcrumbList\",\"@id\":\"https:\/\/modulolda.com\/es\/apoyo-social\/#breadcrumb\",\"itemListElement\":[{\"@type\":\"ListItem\",\"position\":1,\"name\":\"In\\u00edcio\",\"item\":\"https:\/\/modulolda.com\/es\/\"},{\"@type\":\"ListItem\",\"position\":2,\"name\":\"Misi\\u00f3n Social\"}]}]}<\/script>\n<!-- \/ Yoast SEO plugin. -->","yoast_head_json":{"title":"Cuidar de Quien Cuida | Misi\u00f3n Social - M\u00f3dulo Racional - Azores","description":"La Asociaci\u00f3n Deras es un c\u00edrculo de ayuda al cuidador, unidos por una misi\u00f3n: ser un apoyo social para los cuidadores informales.","robots":{"index":"index","follow":"follow","max-snippet":"max-snippet:-1","max-image-preview":"max-image-preview:large","max-video-preview":"max-video-preview:-1"},"canonical":"https:\/\/modulolda.com\/es\/apoyo-social\/","og_locale":"es_ES","og_type":"article","og_title":"Cuidar de Quien Cuida | Misi\u00f3n Social - M\u00f3dulo Racional - Azores","og_description":"La Asociaci\u00f3n Deras es un c\u00edrculo de ayuda al cuidador, unidos por una misi\u00f3n: ser un apoyo social para los cuidadores informales.","og_url":"https:\/\/modulolda.com\/es\/apoyo-social\/","og_site_name":"M\u00f3dulo Racional","article_modified_time":"2022-07-14T14:58:51+00:00","og_image":[{"width":2560,"height":1707,"url":"https:\/\/modulolda.com\/wp-content\/uploads\/2022\/04\/yo_Prancheta-1.png","type":"image\/png"}],"twitter_card":"summary_large_image","twitter_misc":{"Tiempo de lectura":"1 minuto"},"schema":{"@context":"https:\/\/schema.org","@graph":[{"@type":"WebSite","@id":"https:\/\/modulolda.com\/#website","url":"https:\/\/modulolda.com\/","name":"M\u00f3dulo Racional","description":"","potentialAction":[{"@type":"SearchAction","target":{"@type":"EntryPoint","urlTemplate":"https:\/\/modulolda.com\/?s={search_term_string}"},"query-input":"required name=search_term_string"}],"inLanguage":"es"},{"@type":"ImageObject","@id":"https:\/\/modulolda.com\/es\/apoyo-social\/#primaryimage","inLanguage":"es","url":"https:\/\/modulolda.com\/wp-content\/uploads\/2022\/04\/yo_Prancheta-1.png","contentUrl":"https:\/\/modulolda.com\/wp-content\/uploads\/2022\/04\/yo_Prancheta-1.png","width":2560,"height":1707},{"@type":"WebPage","@id":"https:\/\/modulolda.com\/es\/apoyo-social\/#webpage","url":"https:\/\/modulolda.com\/es\/apoyo-social\/","name":"Cuidar de Quien Cuida | Misi\u00f3n Social - M\u00f3dulo Racional - Azores","isPartOf":{"@id":"https:\/\/modulolda.com\/#website"},"primaryImageOfPage":{"@id":"https:\/\/modulolda.com\/es\/apoyo-social\/#primaryimage"},"datePublished":"2022-06-21T09:50:47+00:00","dateModified":"2022-07-14T14:58:51+00:00","description":"La Asociaci\u00f3n Deras es un c\u00edrculo de ayuda al cuidador, unidos por una misi\u00f3n: ser un apoyo social para los cuidadores informales.","breadcrumb":{"@id":"https:\/\/modulolda.com\/es\/apoyo-social\/#breadcrumb"},"inLanguage":"es","potentialAction":[{"@type":"ReadAction","target":["https:\/\/modulolda.com\/es\/apoyo-social\/"]}]},{"@type":"BreadcrumbList","@id":"https:\/\/modulolda.com\/es\/apoyo-social\/#breadcrumb","itemListElement":[{"@type":"ListItem","position":1,"name":"In\u00edcio","item":"https:\/\/modulolda.com\/es\/"},{"@type":"ListItem","position":2,"name":"Misi\u00f3n Social"}]}]}},"_links":{"self":[{"href":"https:\/\/modulolda.com\/es\/wp-json\/wp\/v2\/pages\/3461","targetHints":{"allow":["GET"]}}],"collection":[{"href":"https:\/\/modulolda.com\/es\/wp-json\/wp\/v2\/pages"}],"about":[{"href":"https:\/\/modulolda.com\/es\/wp-json\/wp\/v2\/types\/page"}],"author":[{"embeddable":true,"href":"https:\/\/modulolda.com\/es\/wp-json\/wp\/v2\/users\/1"}],"replies":[{"embeddable":true,"href":"https:\/\/modulolda.com\/es\/wp-json\/wp\/v2\/comments?post=3461"}],"version-history":[{"count":5,"href":"https:\/\/modulolda.com\/es\/wp-json\/wp\/v2\/pages\/3461\/revisions"}],"predecessor-version":[{"id":3741,"href":"https:\/\/modulolda.com\/es\/wp-json\/wp\/v2\/pages\/3461\/revisions\/3741"}],"wp:featuredmedia":[{"embeddable":true,"href":"https:\/\/modulolda.com\/es\/wp-json\/wp\/v2\/media\/3389"}],"wp:attachment":[{"href":"https:\/\/modulolda.com\/es\/wp-json\/wp\/v2\/media?parent=3461"}],"curies":[{"name":"wp","href":"https:\/\/api.w.org\/{rel}","templated":true}]}}