{"id":3459,"date":"2022-06-21T09:49:14","date_gmt":"2022-06-21T09:49:14","guid":{"rendered":"http:\/\/modulolda.com\/leroy-merlin\/"},"modified":"2022-07-14T15:32:25","modified_gmt":"2022-07-14T15:32:25","slug":"leroy-merlin-productos","status":"publish","type":"page","link":"https:\/\/modulolda.com\/es\/leroy-merlin-productos\/","title":{"rendered":"Leroy Merlin"},"content":{"rendered":"<p>[vc_row][vc_column][vc_column_text]<div class=\"sc_services_item_header\">\r\n\t\t\t<h2 class=\"primary_custom_color sc_services_item_title\">Leroy Merlin<\/h2>\r\n\t\t<\/div>\r\n\t\t<div class=\"vc_row wpb_row vc_row-fluid vc_custom_149061646341412 vc_row-has-fill\" >\r\n\t\t\t<div class=\"wpb_column vc_column_container vc_col-sm-12 sc_layouts_column_icons_position_left\">\r\n\t\t\t\t\t<div class=\"vc_column-inner\">\r\n\t\t\t\t\t\t<div class=\"wpb_wrapper\">\r\n\t\t\t\t\t\t\t\t<div class=\"vc_empty_space  vc_custom_149398791083412\" style=\"height: 28px\"><span class=\"vc_empty_space_inner\"><\/span><\/div>\r\n\t\t\t\t\t\t<\/div>\r\n\t\t\t\t\t<\/div>\r\n\t\t\t<\/div>\r\n\t\t\t<div class=\"\">\r\n\t\t\t\t<div style=\"padding-left:1rem; padding-right:1rem;\">\r\n\t\t\t\t\t<div class=\"wpb_column vc_column_container vc_col-sm-12 sc_layouts_column_icons_position_left\">\r\n\t\t\t\t\t\t<img decoding=\"async\" src=\"https:\/\/modulolda.com\/wp-content\/uploads\/2022\/05\/ponta-delgada-og-e1651596253948.jpg\" alt=\"\" width=\"100%\" height=\"424\">\r\n\t\t\t\t\t<\/div>\r\n\t\t\t\t<\/div>\r\n\t\t\t<\/div>\r\n\t\t<\/div>\r\n\t\t<div style=\"margin-top:2rem\">\r\n\t\t\t<p>El M\u00f3dulo Racional ofrece un servicio de instalaci\u00f3n de productos de la marca Leroy Merlin, como el montaje de cocinas, armarios, estanter\u00edas y otros. Nuestros profesionales cualificados garantizar\u00e1n un servicio r\u00e1pido y eficiente, asegurando siempre la completa satisfacci\u00f3n de todos los clientes. Pero, no es solo de eficacia de lo que hablamos. \u00a1La calidad tambi\u00e9n es fundamental para nosotros! Estamos orgullosos de trabajar y ser reconocidos por este gigante Internacional, que es Leroy Merlin.<\/p>\n<p>En cualquier caso, estaremos listos para superar sus expectativas. P\u00f3ngase en contacto con nosotros para obtener m\u00e1s informaci\u00f3n sobre este servicio.<\/p>\n\r\n\t\t<\/div>[\/vc_column_text][\/vc_column][\/vc_row][vc_row css=\u00bb.vc_custom_1651590822822{margin-top: 5rem !important;}\u00bb][vc_column]<div id=\"sc_title_1424915489\"\r\n\t\tclass=\"sc_title sc_title_default\"><h2 class=\"sc_item_title sc_title_title sc_align_center sc_item_title_style_default sc_item_title_tag\">Servicios<\/h2><\/div><!-- \/.sc_title -->[vc_column_text]<div class=\"leroy_servicos\">\r\n\t\t\t<div class=\"col-md-6 leroy_servico\">\r\n\t\t\t\t\t<div class=\"icon\"><i class=\"fa fa-solid fa-check\"><\/i><\/div>\r\n\t\t\t\t\t<h5>Cocinas<\/h5>\r\n\t\t\t\t<\/div><div class=\"col-md-6 leroy_servico\">\r\n\t\t\t\t\t<div class=\"icon\"><i class=\"fa fa-solid fa-check\"><\/i><\/div>\r\n\t\t\t\t\t<h5>Aseos <\/h5>\r\n\t\t\t\t<\/div><div class=\"col-md-6 leroy_servico\">\r\n\t\t\t\t\t<div class=\"icon\"><i class=\"fa fa-solid fa-check\"><\/i><\/div>\r\n\t\t\t\t\t<h5>Revestimientos<\/h5>\r\n\t\t\t\t<\/div><div class=\"col-md-6 leroy_servico\">\r\n\t\t\t\t\t<div class=\"icon\"><i class=\"fa fa-solid fa-check\"><\/i><\/div>\r\n\t\t\t\t\t<h5>Refugios<\/h5>\r\n\t\t\t\t<\/div><div class=\"col-md-6 leroy_servico\">\r\n\t\t\t\t\t<div class=\"icon\"><i class=\"fa fa-solid fa-check\"><\/i><\/div>\r\n\t\t\t\t\t<h5>Puertas de vidrio <\/h5>\r\n\t\t\t\t<\/div><div class=\"col-md-6 leroy_servico\">\r\n\t\t\t\t\t<div class=\"icon\"><i class=\"fa fa-solid fa-check\"><\/i><\/div>\r\n\t\t\t\t\t<h5>Ladrillo de Vidrio<\/h5>\r\n\t\t\t\t<\/div><div class=\"col-md-6 leroy_servico\">\r\n\t\t\t\t\t<div class=\"icon\"><i class=\"fa fa-solid fa-check\"><\/i><\/div>\r\n\t\t\t\t\t<h5>Armarios, ventanas y puertas<\/h5>\r\n\t\t\t\t<\/div><div class=\"col-md-6 leroy_servico\">\r\n\t\t\t\t\t<div class=\"icon\"><i class=\"fa fa-solid fa-check\"><\/i><\/div>\r\n\t\t\t\t\t<h5>Remodelaciones<\/h5>\r\n\t\t\t\t<\/div><div class=\"col-md-6 leroy_servico\">\r\n\t\t\t\t\t<div class=\"icon\"><i class=\"fa fa-solid fa-check\"><\/i><\/div>\r\n\t\t\t\t\t<h5>Construcci\u00f3n<\/h5>\r\n\t\t\t\t<\/div>\r\n\t<\/div>[\/vc_column_text][\/vc_column][\/vc_row]<\/p>\n","protected":false},"excerpt":{"rendered":"<p>[vc_row][vc_column][vc_column_text][\/vc_column_text][\/vc_column][\/vc_row][vc_row css=\u00bb.vc_custom_1651590822822{margin-top: 5rem !important;}\u00bb][vc_column][vc_column_text][\/vc_column_text][\/vc_column][\/vc_row]<\/p>\n","protected":false},"author":1,"featured_media":0,"parent":0,"menu_order":0,"comment_status":"closed","ping_status":"closed","template":"","meta":{"footnotes":""},"class_list":["post-3459","page","type-page","status-publish","hentry"],"yoast_head":"<!-- This site is optimized with the Yoast SEO plugin v17.8 - https:\/\/yoast.com\/wordpress\/plugins\/seo\/ -->\n<title>Leroy Merlin Productos | Instalaci\u00f3n de Productos con el M\u00f3dulo Racional<\/title>\n<meta name=\"description\" content=\"M\u00f3dulo ofrece el servicio de instalaci\u00f3n de productos de Leroy Merlin, como el montaje de cocinas, armarios, estanter\u00edas y otros.\" \/>\n<meta name=\"robots\" content=\"index, follow, max-snippet:-1, max-image-preview:large, max-video-preview:-1\" \/>\n<link rel=\"canonical\" href=\"https:\/\/modulolda.com\/es\/leroy-merlin-productos\/\" \/>\n<meta property=\"og:locale\" content=\"es_ES\" \/>\n<meta property=\"og:type\" content=\"article\" \/>\n<meta property=\"og:title\" content=\"Leroy Merlin Productos | Instalaci\u00f3n de Productos con el M\u00f3dulo Racional\" \/>\n<meta property=\"og:description\" content=\"M\u00f3dulo ofrece el servicio de instalaci\u00f3n de productos de Leroy Merlin, como el montaje de cocinas, armarios, estanter\u00edas y otros.\" \/>\n<meta property=\"og:url\" content=\"https:\/\/modulolda.com\/es\/leroy-merlin-productos\/\" \/>\n<meta property=\"og:site_name\" content=\"M\u00f3dulo Racional\" \/>\n<meta property=\"article:modified_time\" content=\"2022-07-14T15:32:25+00:00\" \/>\n<meta name=\"twitter:card\" content=\"summary_large_image\" \/>\n<script type=\"application\/ld+json\" class=\"yoast-schema-graph\">{\"@context\":\"https:\/\/schema.org\",\"@graph\":[{\"@type\":\"WebSite\",\"@id\":\"https:\/\/modulolda.com\/#website\",\"url\":\"https:\/\/modulolda.com\/\",\"name\":\"M\\u00f3dulo Racional\",\"description\":\"\",\"potentialAction\":[{\"@type\":\"SearchAction\",\"target\":{\"@type\":\"EntryPoint\",\"urlTemplate\":\"https:\/\/modulolda.com\/?s={search_term_string}\"},\"query-input\":\"required name=search_term_string\"}],\"inLanguage\":\"es\"},{\"@type\":\"WebPage\",\"@id\":\"https:\/\/modulolda.com\/es\/leroy-merlin-productos\/#webpage\",\"url\":\"https:\/\/modulolda.com\/es\/leroy-merlin-productos\/\",\"name\":\"Leroy Merlin Productos | Instalaci\\u00f3n de Productos con el M\\u00f3dulo Racional\",\"isPartOf\":{\"@id\":\"https:\/\/modulolda.com\/#website\"},\"datePublished\":\"2022-06-21T09:49:14+00:00\",\"dateModified\":\"2022-07-14T15:32:25+00:00\",\"description\":\"M\\u00f3dulo ofrece el servicio de instalaci\\u00f3n de productos de Leroy Merlin, como el montaje de cocinas, armarios, estanter\\u00edas y otros.\",\"breadcrumb\":{\"@id\":\"https:\/\/modulolda.com\/es\/leroy-merlin-productos\/#breadcrumb\"},\"inLanguage\":\"es\",\"potentialAction\":[{\"@type\":\"ReadAction\",\"target\":[\"https:\/\/modulolda.com\/es\/leroy-merlin-productos\/\"]}]},{\"@type\":\"BreadcrumbList\",\"@id\":\"https:\/\/modulolda.com\/es\/leroy-merlin-productos\/#breadcrumb\",\"itemListElement\":[{\"@type\":\"ListItem\",\"position\":1,\"name\":\"In\\u00edcio\",\"item\":\"https:\/\/modulolda.com\/es\/\"},{\"@type\":\"ListItem\",\"position\":2,\"name\":\"Leroy Merlin\"}]}]}<\/script>\n<!-- \/ Yoast SEO plugin. -->","yoast_head_json":{"title":"Leroy Merlin Productos | Instalaci\u00f3n de Productos con el M\u00f3dulo Racional","description":"M\u00f3dulo ofrece el servicio de instalaci\u00f3n de productos de Leroy Merlin, como el montaje de cocinas, armarios, estanter\u00edas y otros.","robots":{"index":"index","follow":"follow","max-snippet":"max-snippet:-1","max-image-preview":"max-image-preview:large","max-video-preview":"max-video-preview:-1"},"canonical":"https:\/\/modulolda.com\/es\/leroy-merlin-productos\/","og_locale":"es_ES","og_type":"article","og_title":"Leroy Merlin Productos | Instalaci\u00f3n de Productos con el M\u00f3dulo Racional","og_description":"M\u00f3dulo ofrece el servicio de instalaci\u00f3n de productos de Leroy Merlin, como el montaje de cocinas, armarios, estanter\u00edas y otros.","og_url":"https:\/\/modulolda.com\/es\/leroy-merlin-productos\/","og_site_name":"M\u00f3dulo Racional","article_modified_time":"2022-07-14T15:32:25+00:00","twitter_card":"summary_large_image","schema":{"@context":"https:\/\/schema.org","@graph":[{"@type":"WebSite","@id":"https:\/\/modulolda.com\/#website","url":"https:\/\/modulolda.com\/","name":"M\u00f3dulo Racional","description":"","potentialAction":[{"@type":"SearchAction","target":{"@type":"EntryPoint","urlTemplate":"https:\/\/modulolda.com\/?s={search_term_string}"},"query-input":"required name=search_term_string"}],"inLanguage":"es"},{"@type":"WebPage","@id":"https:\/\/modulolda.com\/es\/leroy-merlin-productos\/#webpage","url":"https:\/\/modulolda.com\/es\/leroy-merlin-productos\/","name":"Leroy Merlin Productos | Instalaci\u00f3n de Productos con el M\u00f3dulo Racional","isPartOf":{"@id":"https:\/\/modulolda.com\/#website"},"datePublished":"2022-06-21T09:49:14+00:00","dateModified":"2022-07-14T15:32:25+00:00","description":"M\u00f3dulo ofrece el servicio de instalaci\u00f3n de productos de Leroy Merlin, como el montaje de cocinas, armarios, estanter\u00edas y otros.","breadcrumb":{"@id":"https:\/\/modulolda.com\/es\/leroy-merlin-productos\/#breadcrumb"},"inLanguage":"es","potentialAction":[{"@type":"ReadAction","target":["https:\/\/modulolda.com\/es\/leroy-merlin-productos\/"]}]},{"@type":"BreadcrumbList","@id":"https:\/\/modulolda.com\/es\/leroy-merlin-productos\/#breadcrumb","itemListElement":[{"@type":"ListItem","position":1,"name":"In\u00edcio","item":"https:\/\/modulolda.com\/es\/"},{"@type":"ListItem","position":2,"name":"Leroy Merlin"}]}]}},"_links":{"self":[{"href":"https:\/\/modulolda.com\/es\/wp-json\/wp\/v2\/pages\/3459","targetHints":{"allow":["GET"]}}],"collection":[{"href":"https:\/\/modulolda.com\/es\/wp-json\/wp\/v2\/pages"}],"about":[{"href":"https:\/\/modulolda.com\/es\/wp-json\/wp\/v2\/types\/page"}],"author":[{"embeddable":true,"href":"https:\/\/modulolda.com\/es\/wp-json\/wp\/v2\/users\/1"}],"replies":[{"embeddable":true,"href":"https:\/\/modulolda.com\/es\/wp-json\/wp\/v2\/comments?post=3459"}],"version-history":[{"count":6,"href":"https:\/\/modulolda.com\/es\/wp-json\/wp\/v2\/pages\/3459\/revisions"}],"predecessor-version":[{"id":3790,"href":"https:\/\/modulolda.com\/es\/wp-json\/wp\/v2\/pages\/3459\/revisions\/3790"}],"wp:attachment":[{"href":"https:\/\/modulolda.com\/es\/wp-json\/wp\/v2\/media?parent=3459"}],"curies":[{"name":"wp","href":"https:\/\/api.w.org\/{rel}","templated":true}]}}