{"id":4658,"date":"2022-05-03T14:47:26","date_gmt":"2022-05-03T14:47:26","guid":{"rendered":"https:\/\/modulolda.com\/produtos-leroy-merlin\/"},"modified":"2023-01-05T10:27:41","modified_gmt":"2023-01-05T10:27:41","slug":"produkte-leroy-merlin","status":"publish","type":"page","link":"https:\/\/modulolda.com\/de\/produkte-leroy-merlin\/","title":{"rendered":"Leroy Merlin"},"content":{"rendered":"<p>[vc_row][vc_column][vc_column_text]<div class=\"sc_services_item_header\">\r\n\t\t\t<h2 class=\"primary_custom_color sc_services_item_title\">Leroy Merlin<\/h2>\r\n\t\t<\/div>\r\n\t\t<div class=\"vc_row wpb_row vc_row-fluid vc_custom_149061646341412 vc_row-has-fill\" >\r\n\t\t\t<div class=\"wpb_column vc_column_container vc_col-sm-12 sc_layouts_column_icons_position_left\">\r\n\t\t\t\t\t<div class=\"vc_column-inner\">\r\n\t\t\t\t\t\t<div class=\"wpb_wrapper\">\r\n\t\t\t\t\t\t\t\t<div class=\"vc_empty_space  vc_custom_149398791083412\" style=\"height: 28px\"><span class=\"vc_empty_space_inner\"><\/span><\/div>\r\n\t\t\t\t\t\t<\/div>\r\n\t\t\t\t\t<\/div>\r\n\t\t\t<\/div>\r\n\t\t\t<div class=\"\">\r\n\t\t\t\t<div style=\"padding-left:1rem; padding-right:1rem;\">\r\n\t\t\t\t\t<div class=\"wpb_column vc_column_container vc_col-sm-12 sc_layouts_column_icons_position_left\">\r\n\t\t\t\t\t\t<img decoding=\"async\" src=\"https:\/\/modulolda.com\/wp-content\/uploads\/2022\/05\/ponta-delgada-og-e1651596253948.jpg\" alt=\"\" width=\"100%\" height=\"424\">\r\n\t\t\t\t\t<\/div>\r\n\t\t\t\t<\/div>\r\n\t\t\t<\/div>\r\n\t\t<\/div>\r\n\t\t<div style=\"margin-top:2rem\">\r\n\t\t\t<p>Modulo bietet den Installationsservice f\u00fcr Leroy Merlin-Produkte an, wie z. B. die Montage von K\u00fcchen, Schr\u00e4nken, Regalen und anderem. Unsere qualifizierten Fachleute garantieren einen schnellen und effizienten Service und sorgen stets f\u00fcr die vollst\u00e4ndige Zufriedenheit aller Kunden. Aber wir reden nicht nur \u00fcber Effektivit\u00e4t. Qualit\u00e4t ist uns wichtig! Wir sind stolz darauf, von diesem internationalen Giganten, Leroy Merlin, zu arbeiten und von ihm anerkannt zu werden.<\/p>\n<p>Was auch immer es ist, wir sind bereit, Ihre Erwartungen zu \u00fcbertreffen. Sprechen Sie mit uns, um weitere Informationen zu diesem Service zu erhalten.<\/p>\n\r\n\t\t<\/div>[\/vc_column_text][\/vc_column][\/vc_row][vc_row css=&#8220;.vc_custom_1651590822822{margin-top: 5rem !important;}&#8220;][vc_column]<div id=\"sc_title_1091564613\"\r\n\t\tclass=\"sc_title sc_title_default\"><h2 class=\"sc_item_title sc_title_title sc_align_center sc_item_title_style_default sc_item_title_tag\">Dienstleistungen<\/h2><\/div><!-- \/.sc_title -->[vc_column_text]<div class=\"leroy_servicos\">\r\n\t\t\t<div class=\"col-md-6 leroy_servico\">\r\n\t\t\t\t\t<div class=\"icon\"><i class=\"fa fa-solid fa-check\"><\/i><\/div>\r\n\t\t\t\t\t<h5>K\u00fcchen<\/h5>\r\n\t\t\t\t<\/div><div class=\"col-md-6 leroy_servico\">\r\n\t\t\t\t\t<div class=\"icon\"><i class=\"fa fa-solid fa-check\"><\/i><\/div>\r\n\t\t\t\t\t<h5>WC's<\/h5>\r\n\t\t\t\t<\/div><div class=\"col-md-6 leroy_servico\">\r\n\t\t\t\t\t<div class=\"icon\"><i class=\"fa fa-solid fa-check\"><\/i><\/div>\r\n\t\t\t\t\t<h5>Beschichtungen<\/h5>\r\n\t\t\t\t<\/div><div class=\"col-md-6 leroy_servico\">\r\n\t\t\t\t\t<div class=\"icon\"><i class=\"fa fa-solid fa-check\"><\/i><\/div>\r\n\t\t\t\t\t<h5>Unterst\u00e4nde<\/h5>\r\n\t\t\t\t<\/div><div class=\"col-md-6 leroy_servico\">\r\n\t\t\t\t\t<div class=\"icon\"><i class=\"fa fa-solid fa-check\"><\/i><\/div>\r\n\t\t\t\t\t<h5>Glastore<\/h5>\r\n\t\t\t\t<\/div><div class=\"col-md-6 leroy_servico\">\r\n\t\t\t\t\t<div class=\"icon\"><i class=\"fa fa-solid fa-check\"><\/i><\/div>\r\n\t\t\t\t\t<h5>Glasbaustein<\/h5>\r\n\t\t\t\t<\/div><div class=\"col-md-6 leroy_servico\">\r\n\t\t\t\t\t<div class=\"icon\"><i class=\"fa fa-solid fa-check\"><\/i><\/div>\r\n\t\t\t\t\t<h5>Schr\u00e4nke, Fenster und T\u00fcren<\/h5>\r\n\t\t\t\t<\/div><div class=\"col-md-6 leroy_servico\">\r\n\t\t\t\t\t<div class=\"icon\"><i class=\"fa fa-solid fa-check\"><\/i><\/div>\r\n\t\t\t\t\t<h5>Renovierung<\/h5>\r\n\t\t\t\t<\/div><div class=\"col-md-6 leroy_servico\">\r\n\t\t\t\t\t<div class=\"icon\"><i class=\"fa fa-solid fa-check\"><\/i><\/div>\r\n\t\t\t\t\t<h5>Konstruktion<\/h5>\r\n\t\t\t\t<\/div>\r\n\t<\/div>[\/vc_column_text][\/vc_column][\/vc_row]<\/p>\n","protected":false},"excerpt":{"rendered":"<p>[vc_row][vc_column][vc_column_text][\/vc_column_text][\/vc_column][\/vc_row][vc_row css=&#8220;.vc_custom_1651590822822{margin-top: 5rem !important;}&#8220;][vc_column][vc_column_text][\/vc_column_text][\/vc_column][\/vc_row]<\/p>\n","protected":false},"author":1,"featured_media":0,"parent":0,"menu_order":0,"comment_status":"closed","ping_status":"closed","template":"","meta":{"footnotes":""},"class_list":["post-4658","page","type-page","status-publish","hentry"],"yoast_head":"<!-- This site is optimized with the Yoast SEO plugin v17.8 - https:\/\/yoast.com\/wordpress\/plugins\/seo\/ -->\n<title>Leroy Merlin Produkte | Installation von Produkten mit dem M\u00f3dulo Lda<\/title>\n<meta name=\"description\" content=\"Modulo bietet den Installationsservice f\u00fcr Leroy Merlin-Produkte an, wie z. B. die Montage von K\u00fcchen, Schr\u00e4nken, Regalen und anderem.\" \/>\n<meta name=\"robots\" content=\"index, follow, max-snippet:-1, max-image-preview:large, max-video-preview:-1\" \/>\n<link rel=\"canonical\" href=\"https:\/\/modulolda.com\/de\/produkte-leroy-merlin\/\" \/>\n<meta property=\"og:locale\" content=\"de_DE\" \/>\n<meta property=\"og:type\" content=\"article\" \/>\n<meta property=\"og:title\" content=\"Leroy Merlin Produkte | Installation von Produkten mit dem M\u00f3dulo Lda\" \/>\n<meta property=\"og:description\" content=\"Modulo bietet den Installationsservice f\u00fcr Leroy Merlin-Produkte an, wie z. B. die Montage von K\u00fcchen, Schr\u00e4nken, Regalen und anderem.\" \/>\n<meta property=\"og:url\" content=\"https:\/\/modulolda.com\/de\/produkte-leroy-merlin\/\" \/>\n<meta property=\"og:site_name\" content=\"M\u00f3dulo Racional\" \/>\n<meta property=\"article:modified_time\" content=\"2023-01-05T10:27:41+00:00\" \/>\n<meta name=\"twitter:card\" content=\"summary_large_image\" \/>\n<meta name=\"twitter:label1\" content=\"Gesch\u00e4tzte Lesezeit\" \/>\n\t<meta name=\"twitter:data1\" content=\"1\u00a0Minute\" \/>\n<script type=\"application\/ld+json\" class=\"yoast-schema-graph\">{\"@context\":\"https:\/\/schema.org\",\"@graph\":[{\"@type\":\"WebSite\",\"@id\":\"https:\/\/modulolda.com\/#website\",\"url\":\"https:\/\/modulolda.com\/\",\"name\":\"M\\u00f3dulo Racional\",\"description\":\"\",\"potentialAction\":[{\"@type\":\"SearchAction\",\"target\":{\"@type\":\"EntryPoint\",\"urlTemplate\":\"https:\/\/modulolda.com\/?s={search_term_string}\"},\"query-input\":\"required name=search_term_string\"}],\"inLanguage\":\"de\"},{\"@type\":\"WebPage\",\"@id\":\"https:\/\/modulolda.com\/de\/produkte-leroy-merlin\/#webpage\",\"url\":\"https:\/\/modulolda.com\/de\/produkte-leroy-merlin\/\",\"name\":\"Leroy Merlin Produkte | Installation von Produkten mit dem M\\u00f3dulo Lda\",\"isPartOf\":{\"@id\":\"https:\/\/modulolda.com\/#website\"},\"datePublished\":\"2022-05-03T14:47:26+00:00\",\"dateModified\":\"2023-01-05T10:27:41+00:00\",\"description\":\"Modulo bietet den Installationsservice f\\u00fcr Leroy Merlin-Produkte an, wie z. B. die Montage von K\\u00fcchen, Schr\\u00e4nken, Regalen und anderem.\",\"breadcrumb\":{\"@id\":\"https:\/\/modulolda.com\/de\/produkte-leroy-merlin\/#breadcrumb\"},\"inLanguage\":\"de\",\"potentialAction\":[{\"@type\":\"ReadAction\",\"target\":[\"https:\/\/modulolda.com\/de\/produkte-leroy-merlin\/\"]}]},{\"@type\":\"BreadcrumbList\",\"@id\":\"https:\/\/modulolda.com\/de\/produkte-leroy-merlin\/#breadcrumb\",\"itemListElement\":[{\"@type\":\"ListItem\",\"position\":1,\"name\":\"In\\u00edcio\",\"item\":\"https:\/\/modulolda.com\/de\/\"},{\"@type\":\"ListItem\",\"position\":2,\"name\":\"Leroy Merlin\"}]}]}<\/script>\n<!-- \/ Yoast SEO plugin. -->","yoast_head_json":{"title":"Leroy Merlin Produkte | Installation von Produkten mit dem M\u00f3dulo Lda","description":"Modulo bietet den Installationsservice f\u00fcr Leroy Merlin-Produkte an, wie z. B. die Montage von K\u00fcchen, Schr\u00e4nken, Regalen und anderem.","robots":{"index":"index","follow":"follow","max-snippet":"max-snippet:-1","max-image-preview":"max-image-preview:large","max-video-preview":"max-video-preview:-1"},"canonical":"https:\/\/modulolda.com\/de\/produkte-leroy-merlin\/","og_locale":"de_DE","og_type":"article","og_title":"Leroy Merlin Produkte | Installation von Produkten mit dem M\u00f3dulo Lda","og_description":"Modulo bietet den Installationsservice f\u00fcr Leroy Merlin-Produkte an, wie z. B. die Montage von K\u00fcchen, Schr\u00e4nken, Regalen und anderem.","og_url":"https:\/\/modulolda.com\/de\/produkte-leroy-merlin\/","og_site_name":"M\u00f3dulo Racional","article_modified_time":"2023-01-05T10:27:41+00:00","twitter_card":"summary_large_image","twitter_misc":{"Gesch\u00e4tzte Lesezeit":"1\u00a0Minute"},"schema":{"@context":"https:\/\/schema.org","@graph":[{"@type":"WebSite","@id":"https:\/\/modulolda.com\/#website","url":"https:\/\/modulolda.com\/","name":"M\u00f3dulo Racional","description":"","potentialAction":[{"@type":"SearchAction","target":{"@type":"EntryPoint","urlTemplate":"https:\/\/modulolda.com\/?s={search_term_string}"},"query-input":"required name=search_term_string"}],"inLanguage":"de"},{"@type":"WebPage","@id":"https:\/\/modulolda.com\/de\/produkte-leroy-merlin\/#webpage","url":"https:\/\/modulolda.com\/de\/produkte-leroy-merlin\/","name":"Leroy Merlin Produkte | Installation von Produkten mit dem M\u00f3dulo Lda","isPartOf":{"@id":"https:\/\/modulolda.com\/#website"},"datePublished":"2022-05-03T14:47:26+00:00","dateModified":"2023-01-05T10:27:41+00:00","description":"Modulo bietet den Installationsservice f\u00fcr Leroy Merlin-Produkte an, wie z. B. die Montage von K\u00fcchen, Schr\u00e4nken, Regalen und anderem.","breadcrumb":{"@id":"https:\/\/modulolda.com\/de\/produkte-leroy-merlin\/#breadcrumb"},"inLanguage":"de","potentialAction":[{"@type":"ReadAction","target":["https:\/\/modulolda.com\/de\/produkte-leroy-merlin\/"]}]},{"@type":"BreadcrumbList","@id":"https:\/\/modulolda.com\/de\/produkte-leroy-merlin\/#breadcrumb","itemListElement":[{"@type":"ListItem","position":1,"name":"In\u00edcio","item":"https:\/\/modulolda.com\/de\/"},{"@type":"ListItem","position":2,"name":"Leroy Merlin"}]}]}},"_links":{"self":[{"href":"https:\/\/modulolda.com\/de\/wp-json\/wp\/v2\/pages\/4658","targetHints":{"allow":["GET"]}}],"collection":[{"href":"https:\/\/modulolda.com\/de\/wp-json\/wp\/v2\/pages"}],"about":[{"href":"https:\/\/modulolda.com\/de\/wp-json\/wp\/v2\/types\/page"}],"author":[{"embeddable":true,"href":"https:\/\/modulolda.com\/de\/wp-json\/wp\/v2\/users\/1"}],"replies":[{"embeddable":true,"href":"https:\/\/modulolda.com\/de\/wp-json\/wp\/v2\/comments?post=4658"}],"version-history":[{"count":5,"href":"https:\/\/modulolda.com\/de\/wp-json\/wp\/v2\/pages\/4658\/revisions"}],"predecessor-version":[{"id":4826,"href":"https:\/\/modulolda.com\/de\/wp-json\/wp\/v2\/pages\/4658\/revisions\/4826"}],"wp:attachment":[{"href":"https:\/\/modulolda.com\/de\/wp-json\/wp\/v2\/media?parent=4658"}],"curies":[{"name":"wp","href":"https:\/\/api.w.org\/{rel}","templated":true}]}}